{"id":2574,"date":"2024-09-16T08:38:42","date_gmt":"2024-09-16T14:38:42","guid":{"rendered":"https:\/\/stg-drborsukcom-development.kinsta.cloud\/francais\/a-propos\/"},"modified":"2025-05-02T23:14:23","modified_gmt":"2025-05-02T23:14:23","slug":"a-propos","status":"publish","type":"page","link":"https:\/\/www.drborsuk.com\/francais\/a-propos\/","title":{"rendered":"A Propos"},"content":{"rendered":"\n\n\t\t\t\t<img decoding=\"async\" src=\"http:\/\/www.drborsuk.com\/francais\/wp-content\/uploads\/sites\/2\/2024\/09\/287663cac6e9e7fe631f5a1d92e03336-1.jpg\" alt=\"287663cac6e9e7fe631f5a1d92e03336 (1)\" itemprop=\"image\" title=\"287663cac6e9e7fe631f5a1d92e03336 (1)\" onerror=\"this.style.display='none'\"  \/>\n\t<p>Dr. Daniel Borsuk est un natif Montr\u00e9alais, dipl\u00f4m\u00e9 de l&rsquo;Universit\u00e9 McGill, qui en 2006, s&rsquo;est vu d\u00e9cerner son dipl\u00f4me de m\u00e9dicine ainsi que sa Ma\u00eetrise en Administration des Affaires. Apr\u00e8s l&rsquo;obtention de son Doctorat, il a poursuivi une sp\u00e9cialisation en Chirurgie Plastique et Reconstructive \u00e0 l&rsquo;Universit\u00e9 de Montr\u00e9al.<\/p>\n<p>Il a subs\u00e9quemment entam\u00e9 un fellowship de sur-sp\u00e9cialisation en chirurgie cr\u00e2nio-faciale, microchirurgie et chirurgie esth\u00e9tique avanc\u00e9e, \u00e0 l&rsquo;Universit\u00e9 John Hopkins et au R. Adams Cowley Shock Trauma Center \u00e0 Baltimore, Maryland. C&rsquo;est la, que Dr. Borsuk, de concert avec une \u00e9quipe de chirurgiens de renomm\u00e9e, a compl\u00e9t\u00e9 la plus extensive transplantation faciale jamais r\u00e9alis\u00e9e auparavant, faisant de lui, le premier Canadien \u00e0 avoir particip\u00e9 \u00e0 une telle exp\u00e9rience.<\/p>\n<p>Au cours des derniers huit ans, Dr. Borsuk a chang\u00e9 le paradigme des soins \u00e0 Montr\u00e9al et a su \u00e9tablir un nouveau standard de pr\u00e9cellence de soins pour les adultes et les enfants ayant des d\u00e9formit\u00e9s faciales. Il a fait de Montr\u00e9al, sur le plan international, un centre d&rsquo;excellence \u00e0 travers son \u0153uvre.<\/p>\n<p>En 2015, Dr. Borsuk a effectu\u00e9 la premi\u00e8re reconstruction faciale sans cicatrices au monde. En 2018, Dr. Borsuk et son \u00e9quipe, ont fait la premi\u00e8re transplantation faciale Canadienne sur un homme victime d&rsquo;un accident de chasse. La m\u00eame ann\u00e9e, il a effectu\u00e9 une chirurgie cr\u00e2nio-faciale r\u00e9volutionnaire sur une fillette de 2 ans.<\/p>\n<p>Qu&rsquo;il s&rsquo;agisse de sa pratique cosm\u00e9tique \u00e0 Westmount ou \u00e0 l&rsquo;h\u00f4pital Sainte-Justine pour enfants, Dr. Borsuk vise \u00e0 prodiguer des soins d&rsquo;avant-garde \u00e0 tous les Qu\u00e9b\u00e9cois et Canadiens, en combinant l&rsquo;art, la science et la technologie de pointe, et ce, \u00e0 travers une approche humaine.<\/p>\n<p>Dr. Borsuk a re\u00e7u le titre honorifique d&rsquo;Officier de L&rsquo;Ordre National du Qu\u00e9bec en 2019 par le Premier Ministre Fran\u00e7ois Legault pour \u00ab sa forte et active pr\u00e9sence \u00e0 Montr\u00e9al, qui a encourag\u00e9 le d\u00e9ploiement des avanc\u00e9es en technologie de pointe en Chirurgie Plastique, Reconstructive et Esth\u00e9tique \u00bb.<\/p>\n\n","protected":false},"excerpt":{"rendered":"<p>Dr. Daniel Borsuk est un natif Montr\u00e9alais, dipl\u00f4m\u00e9 de l&rsquo;Universit\u00e9 McGill, qui en 2006, s&rsquo;est vu d\u00e9cerner son dipl\u00f4me de m\u00e9dicine ainsi que sa Ma\u00eetrise en Administration des Affaires. Apr\u00e8s l&rsquo;obtention de son Doctorat, il a poursuivi une sp\u00e9cialisation en Chirurgie Plastique et Reconstructive \u00e0 l&rsquo;Universit\u00e9 de Montr\u00e9al. Il a subs\u00e9quemment entam\u00e9 un fellowship de [&hellip;]<\/p>\n","protected":false},"author":2,"featured_media":3224,"parent":0,"menu_order":0,"comment_status":"closed","ping_status":"closed","template":"","meta":{"site-sidebar-layout":"default","site-content-layout":"","ast-site-content-layout":"default","site-content-style":"default","site-sidebar-style":"default","ast-global-header-display":"","ast-banner-title-visibility":"","ast-main-header-display":"","ast-hfb-above-header-display":"","ast-hfb-below-header-display":"","ast-hfb-mobile-header-display":"","site-post-title":"","ast-breadcrumbs-content":"","ast-featured-img":"","footer-sml-layout":"","theme-transparent-header-meta":"","adv-header-id-meta":"","stick-header-meta":"","header-above-stick-meta":"","header-main-stick-meta":"","header-below-stick-meta":"","astra-migrate-meta-layouts":"set","ast-page-background-enabled":"default","ast-page-background-meta":{"desktop":{"background-color":"","background-image":"","background-repeat":"repeat","background-position":"center center","background-size":"auto","background-attachment":"scroll","background-type":"","background-media":"","overlay-type":"","overlay-color":"","overlay-opacity":"","overlay-gradient":""},"tablet":{"background-color":"","background-image":"","background-repeat":"repeat","background-position":"center center","background-size":"auto","background-attachment":"scroll","background-type":"","background-media":"","overlay-type":"","overlay-color":"","overlay-opacity":"","overlay-gradient":""},"mobile":{"background-color":"","background-image":"","background-repeat":"repeat","background-position":"center center","background-size":"auto","background-attachment":"scroll","background-type":"","background-media":"","overlay-type":"","overlay-color":"","overlay-opacity":"","overlay-gradient":""}},"ast-content-background-meta":{"desktop":{"background-color":"var(--ast-global-color-5)","background-image":"","background-repeat":"repeat","background-position":"center center","background-size":"auto","background-attachment":"scroll","background-type":"","background-media":"","overlay-type":"","overlay-color":"","overlay-opacity":"","overlay-gradient":""},"tablet":{"background-color":"var(--ast-global-color-5)","background-image":"","background-repeat":"repeat","background-position":"center center","background-size":"auto","background-attachment":"scroll","background-type":"","background-media":"","overlay-type":"","overlay-color":"","overlay-opacity":"","overlay-gradient":""},"mobile":{"background-color":"var(--ast-global-color-5)","background-image":"","background-repeat":"repeat","background-position":"center center","background-size":"auto","background-attachment":"scroll","background-type":"","background-media":"","overlay-type":"","overlay-color":"","overlay-opacity":"","overlay-gradient":""}},"footnotes":""},"class_list":["post-2574","page","type-page","status-publish","has-post-thumbnail","hentry"],"yoast_head":"<!-- This site is optimized with the Yoast SEO plugin v25.7 - https:\/\/yoast.com\/wordpress\/plugins\/seo\/ -->\n<title>Dr Borsuk | Chirurgien Plasticien Montr\u00e9al | Lifting du Visage<\/title>\n<meta name=\"description\" content=\"Chirurgien Plasticien Montr\u00e9al - Le Dr Daniel Borsuk est un chirurgien plasticien de renomm\u00e9e mondiale \u00e0 Montr\u00e9al, Qu\u00e9bec.\" \/>\n<meta name=\"robots\" content=\"index, follow, max-snippet:-1, max-image-preview:large, max-video-preview:-1\" \/>\n<link rel=\"canonical\" href=\"https:\/\/www.drborsuk.com\/francais\/a-propos\/\" \/>\n<meta property=\"og:locale\" content=\"fr_FR\" \/>\n<meta property=\"og:type\" content=\"article\" \/>\n<meta property=\"og:title\" content=\"Dr Borsuk | Chirurgien Plasticien Montr\u00e9al | Lifting du Visage\" \/>\n<meta property=\"og:description\" content=\"Chirurgien Plasticien Montr\u00e9al - Le Dr Daniel Borsuk est un chirurgien plasticien de renomm\u00e9e mondiale \u00e0 Montr\u00e9al, Qu\u00e9bec.\" \/>\n<meta property=\"og:url\" content=\"https:\/\/www.drborsuk.com\/francais\/a-propos\/\" \/>\n<meta property=\"og:site_name\" content=\"Borsuk Plastic Surgery\" \/>\n<meta property=\"article:modified_time\" content=\"2025-05-02T23:14:23+00:00\" \/>\n<meta property=\"og:image\" content=\"https:\/\/www.drborsuk.com\/francais\/wp-content\/uploads\/sites\/2\/2025\/03\/lobbyEdit.jpeg\" \/>\n\t<meta property=\"og:image:width\" content=\"2304\" \/>\n\t<meta property=\"og:image:height\" content=\"540\" \/>\n\t<meta property=\"og:image:type\" content=\"image\/jpeg\" \/>\n<meta name=\"twitter:card\" content=\"summary_large_image\" \/>\n<meta name=\"twitter:label1\" content=\"Dur\u00e9e de lecture estim\u00e9e\" \/>\n\t<meta name=\"twitter:data1\" content=\"3 minutes\" \/>\n<script type=\"application\/ld+json\" class=\"yoast-schema-graph\">{\"@context\":\"https:\/\/schema.org\",\"@graph\":[{\"@type\":\"WebPage\",\"@id\":\"https:\/\/www.drborsuk.com\/francais\/a-propos\/\",\"url\":\"https:\/\/www.drborsuk.com\/francais\/a-propos\/\",\"name\":\"Dr Borsuk | Chirurgien Plasticien Montr\u00e9al | Lifting du Visage\",\"isPartOf\":{\"@id\":\"https:\/\/www.drborsuk.com\/francais\/#website\"},\"primaryImageOfPage\":{\"@id\":\"https:\/\/www.drborsuk.com\/francais\/a-propos\/#primaryimage\"},\"image\":{\"@id\":\"https:\/\/www.drborsuk.com\/francais\/a-propos\/#primaryimage\"},\"thumbnailUrl\":\"https:\/\/www.drborsuk.com\/francais\/wp-content\/uploads\/sites\/2\/2025\/03\/lobbyEdit.jpeg\",\"datePublished\":\"2024-09-16T14:38:42+00:00\",\"dateModified\":\"2025-05-02T23:14:23+00:00\",\"description\":\"Chirurgien Plasticien Montr\u00e9al - Le Dr Daniel Borsuk est un chirurgien plasticien de renomm\u00e9e mondiale \u00e0 Montr\u00e9al, Qu\u00e9bec.\",\"breadcrumb\":{\"@id\":\"https:\/\/www.drborsuk.com\/francais\/a-propos\/#breadcrumb\"},\"inLanguage\":\"fr-FR\",\"potentialAction\":[{\"@type\":\"ReadAction\",\"target\":[\"https:\/\/www.drborsuk.com\/francais\/a-propos\/\"]}]},{\"@type\":\"ImageObject\",\"inLanguage\":\"fr-FR\",\"@id\":\"https:\/\/www.drborsuk.com\/francais\/a-propos\/#primaryimage\",\"url\":\"https:\/\/www.drborsuk.com\/francais\/wp-content\/uploads\/sites\/2\/2025\/03\/lobbyEdit.jpeg\",\"contentUrl\":\"https:\/\/www.drborsuk.com\/francais\/wp-content\/uploads\/sites\/2\/2025\/03\/lobbyEdit.jpeg\",\"width\":2304,\"height\":540,\"caption\":\"lobbyEdit\"},{\"@type\":\"BreadcrumbList\",\"@id\":\"https:\/\/www.drborsuk.com\/francais\/a-propos\/#breadcrumb\",\"itemListElement\":[{\"@type\":\"ListItem\",\"position\":1,\"name\":\"Home\",\"item\":\"https:\/\/www.drborsuk.com\/francais\/\"},{\"@type\":\"ListItem\",\"position\":2,\"name\":\"A Propos\"}]},{\"@type\":\"WebSite\",\"@id\":\"https:\/\/www.drborsuk.com\/francais\/#website\",\"url\":\"https:\/\/www.drborsuk.com\/francais\/\",\"name\":\"Borsuk Plastic Surgery\",\"description\":\"\",\"publisher\":{\"@id\":\"https:\/\/www.drborsuk.com\/francais\/#organization\"},\"potentialAction\":[{\"@type\":\"SearchAction\",\"target\":{\"@type\":\"EntryPoint\",\"urlTemplate\":\"https:\/\/www.drborsuk.com\/francais\/?s={search_term_string}\"},\"query-input\":{\"@type\":\"PropertyValueSpecification\",\"valueRequired\":true,\"valueName\":\"search_term_string\"}}],\"inLanguage\":\"fr-FR\"},{\"@type\":\"Organization\",\"@id\":\"https:\/\/www.drborsuk.com\/francais\/#organization\",\"name\":\"Borsuk Plastic Surgery\",\"url\":\"https:\/\/www.drborsuk.com\/francais\/\",\"logo\":{\"@type\":\"ImageObject\",\"inLanguage\":\"fr-FR\",\"@id\":\"https:\/\/www.drborsuk.com\/francais\/#\/schema\/logo\/image\/\",\"url\":\"https:\/\/www.drborsuk.com\/francais\/wp-content\/uploads\/sites\/2\/2024\/12\/DanielBorsukLogo.svg\",\"contentUrl\":\"https:\/\/www.drborsuk.com\/francais\/wp-content\/uploads\/sites\/2\/2024\/12\/DanielBorsukLogo.svg\",\"caption\":\"Borsuk Plastic Surgery\"},\"image\":{\"@id\":\"https:\/\/www.drborsuk.com\/francais\/#\/schema\/logo\/image\/\"}}]}<\/script>\n<!-- \/ Yoast SEO plugin. -->","yoast_head_json":{"title":"Dr Borsuk | Chirurgien Plasticien Montr\u00e9al | Lifting du Visage","description":"Chirurgien Plasticien Montr\u00e9al - Le Dr Daniel Borsuk est un chirurgien plasticien de renomm\u00e9e mondiale \u00e0 Montr\u00e9al, Qu\u00e9bec.","robots":{"index":"index","follow":"follow","max-snippet":"max-snippet:-1","max-image-preview":"max-image-preview:large","max-video-preview":"max-video-preview:-1"},"canonical":"https:\/\/www.drborsuk.com\/francais\/a-propos\/","og_locale":"fr_FR","og_type":"article","og_title":"Dr Borsuk | Chirurgien Plasticien Montr\u00e9al | Lifting du Visage","og_description":"Chirurgien Plasticien Montr\u00e9al - Le Dr Daniel Borsuk est un chirurgien plasticien de renomm\u00e9e mondiale \u00e0 Montr\u00e9al, Qu\u00e9bec.","og_url":"https:\/\/www.drborsuk.com\/francais\/a-propos\/","og_site_name":"Borsuk Plastic Surgery","article_modified_time":"2025-05-02T23:14:23+00:00","og_image":[{"width":2304,"height":540,"url":"https:\/\/www.drborsuk.com\/francais\/wp-content\/uploads\/sites\/2\/2025\/03\/lobbyEdit.jpeg","type":"image\/jpeg"}],"twitter_card":"summary_large_image","twitter_misc":{"Dur\u00e9e de lecture estim\u00e9e":"3 minutes"},"schema":{"@context":"https:\/\/schema.org","@graph":[{"@type":"WebPage","@id":"https:\/\/www.drborsuk.com\/francais\/a-propos\/","url":"https:\/\/www.drborsuk.com\/francais\/a-propos\/","name":"Dr Borsuk | Chirurgien Plasticien Montr\u00e9al | Lifting du Visage","isPartOf":{"@id":"https:\/\/www.drborsuk.com\/francais\/#website"},"primaryImageOfPage":{"@id":"https:\/\/www.drborsuk.com\/francais\/a-propos\/#primaryimage"},"image":{"@id":"https:\/\/www.drborsuk.com\/francais\/a-propos\/#primaryimage"},"thumbnailUrl":"https:\/\/www.drborsuk.com\/francais\/wp-content\/uploads\/sites\/2\/2025\/03\/lobbyEdit.jpeg","datePublished":"2024-09-16T14:38:42+00:00","dateModified":"2025-05-02T23:14:23+00:00","description":"Chirurgien Plasticien Montr\u00e9al - Le Dr Daniel Borsuk est un chirurgien plasticien de renomm\u00e9e mondiale \u00e0 Montr\u00e9al, Qu\u00e9bec.","breadcrumb":{"@id":"https:\/\/www.drborsuk.com\/francais\/a-propos\/#breadcrumb"},"inLanguage":"fr-FR","potentialAction":[{"@type":"ReadAction","target":["https:\/\/www.drborsuk.com\/francais\/a-propos\/"]}]},{"@type":"ImageObject","inLanguage":"fr-FR","@id":"https:\/\/www.drborsuk.com\/francais\/a-propos\/#primaryimage","url":"https:\/\/www.drborsuk.com\/francais\/wp-content\/uploads\/sites\/2\/2025\/03\/lobbyEdit.jpeg","contentUrl":"https:\/\/www.drborsuk.com\/francais\/wp-content\/uploads\/sites\/2\/2025\/03\/lobbyEdit.jpeg","width":2304,"height":540,"caption":"lobbyEdit"},{"@type":"BreadcrumbList","@id":"https:\/\/www.drborsuk.com\/francais\/a-propos\/#breadcrumb","itemListElement":[{"@type":"ListItem","position":1,"name":"Home","item":"https:\/\/www.drborsuk.com\/francais\/"},{"@type":"ListItem","position":2,"name":"A Propos"}]},{"@type":"WebSite","@id":"https:\/\/www.drborsuk.com\/francais\/#website","url":"https:\/\/www.drborsuk.com\/francais\/","name":"Borsuk Plastic Surgery","description":"","publisher":{"@id":"https:\/\/www.drborsuk.com\/francais\/#organization"},"potentialAction":[{"@type":"SearchAction","target":{"@type":"EntryPoint","urlTemplate":"https:\/\/www.drborsuk.com\/francais\/?s={search_term_string}"},"query-input":{"@type":"PropertyValueSpecification","valueRequired":true,"valueName":"search_term_string"}}],"inLanguage":"fr-FR"},{"@type":"Organization","@id":"https:\/\/www.drborsuk.com\/francais\/#organization","name":"Borsuk Plastic Surgery","url":"https:\/\/www.drborsuk.com\/francais\/","logo":{"@type":"ImageObject","inLanguage":"fr-FR","@id":"https:\/\/www.drborsuk.com\/francais\/#\/schema\/logo\/image\/","url":"https:\/\/www.drborsuk.com\/francais\/wp-content\/uploads\/sites\/2\/2024\/12\/DanielBorsukLogo.svg","contentUrl":"https:\/\/www.drborsuk.com\/francais\/wp-content\/uploads\/sites\/2\/2024\/12\/DanielBorsukLogo.svg","caption":"Borsuk Plastic Surgery"},"image":{"@id":"https:\/\/www.drborsuk.com\/francais\/#\/schema\/logo\/image\/"}}]}},"_links":{"self":[{"href":"https:\/\/www.drborsuk.com\/francais\/wp-json\/wp\/v2\/pages\/2574","targetHints":{"allow":["GET"]}}],"collection":[{"href":"https:\/\/www.drborsuk.com\/francais\/wp-json\/wp\/v2\/pages"}],"about":[{"href":"https:\/\/www.drborsuk.com\/francais\/wp-json\/wp\/v2\/types\/page"}],"author":[{"embeddable":true,"href":"https:\/\/www.drborsuk.com\/francais\/wp-json\/wp\/v2\/users\/2"}],"replies":[{"embeddable":true,"href":"https:\/\/www.drborsuk.com\/francais\/wp-json\/wp\/v2\/comments?post=2574"}],"version-history":[{"count":1,"href":"https:\/\/www.drborsuk.com\/francais\/wp-json\/wp\/v2\/pages\/2574\/revisions"}],"predecessor-version":[{"id":3235,"href":"https:\/\/www.drborsuk.com\/francais\/wp-json\/wp\/v2\/pages\/2574\/revisions\/3235"}],"wp:featuredmedia":[{"embeddable":true,"href":"https:\/\/www.drborsuk.com\/francais\/wp-json\/wp\/v2\/media\/3224"}],"wp:attachment":[{"href":"https:\/\/www.drborsuk.com\/francais\/wp-json\/wp\/v2\/media?parent=2574"}],"curies":[{"name":"wp","href":"https:\/\/api.w.org\/{rel}","templated":true}]}}