{"id":2576,"date":"2024-09-16T08:38:47","date_gmt":"2024-09-16T14:38:47","guid":{"rendered":"https:\/\/stg-drborsukcom-development.kinsta.cloud\/francais\/notre-equipe\/"},"modified":"2025-06-03T13:41:34","modified_gmt":"2025-06-03T13:41:34","slug":"notre-equipe","status":"publish","type":"page","link":"https:\/\/www.drborsuk.com\/francais\/notre-equipe\/","title":{"rendered":"Notre \u00c9quipe"},"content":{"rendered":"\n\n\t\t\t\t<img decoding=\"async\" src=\"http:\/\/www.drborsuk.com\/francais\/wp-content\/uploads\/sites\/2\/2025\/05\/Dr-Borsuk-Equipe_01-1-1.jpeg\" alt=\"Dr Borsuk Equipe 01 (1) (1)\" itemprop=\"image\" title=\"Dr Borsuk Equipe 01 (1) (1)\" onerror=\"this.style.display='none'\"  \/>\n\t\t\t\t<img decoding=\"async\" src=\"https:\/\/www.drborsuk.com\/francais\/wp-content\/uploads\/sites\/2\/2024\/09\/5ab4e5139589646657b148927ea7520c-1.jpg\" alt=\"5ab4e5139589646657b148927ea7520c 1\" title=\"5ab4e5139589646657b148927ea7520c 1\" itemprop=\"image\"\/>\n\t\t\t\t \n\t\t<h3>Ana Sofia Brito<\/h3>Infirmi\u00e8re sp\u00e9cialis\u00e9e en chirurgie et esth\u00e9tique\t\t\t\t\t\n\t<a href=\"https:\/\/www.instagram.com\/anasofia.nurseinjector\" target=\"_blank\" role=\"button\" rel=\"noopener\">\n\t\t<button>\n\t\t\t\t\t\t\t\t\tSuivez Ana Sofia sur Instagram\t\t\t\t\t\t\t\t<\/button>\n\t<\/a>\n\t\t\t\t<img decoding=\"async\" src=\"https:\/\/www.drborsuk.com\/francais\/wp-content\/uploads\/sites\/2\/2024\/09\/327229a1f11cc3c7ce66ee5d1341ae51.png\" alt=\"327229a1f11cc3c7ce66ee5d1341ae51\" title=\"327229a1f11cc3c7ce66ee5d1341ae51\" itemprop=\"image\"\/>\n\t\t\t\t \n\t\t<h3>Luisa Matos<\/h3>Coordinatrice Chirurgicale\t\t\t\t\t\n\t\t\t\t<img decoding=\"async\" src=\"http:\/\/www.drborsuk.com\/francais\/wp-content\/uploads\/sites\/2\/2024\/09\/85de997316deb71ade7ed30e953a1c2b-1.png\" alt=\"85de997316deb71ade7ed30e953a1c2b (1)\" title=\"85de997316deb71ade7ed30e953a1c2b (1)\" itemprop=\"image\"\/>\n\t\t\t\t \n\t\t<h3>Natasha Pereira<\/h3>R\u00e9ceptionniste\t\t\t\t\t\n\t\t\t\t<img decoding=\"async\" src=\"https:\/\/www.drborsuk.com\/francais\/wp-content\/uploads\/sites\/2\/2024\/09\/9ffb366e3bf598e777756a7c0a198dd4.jpg\" alt=\"9ffb366e3bf598e777756a7c0a198dd4\" title=\"9ffb366e3bf598e777756a7c0a198dd4\" itemprop=\"image\"\/>\n\t\t\t\t \n\t\t<h3>Danick Bouchard<\/h3>Infirmier\t\t\t\t\t\n\n","protected":false},"excerpt":{"rendered":"<p>Ana Sofia Brito Infirmi\u00e8re sp\u00e9cialis\u00e9e en chirurgie et esth\u00e9tique Suivez Ana Sofia sur Instagram Luisa Matos Coordinatrice Chirurgicale Natasha Pereira R\u00e9ceptionniste Danick Bouchard Infirmier<\/p>\n","protected":false},"author":2,"featured_media":3238,"parent":0,"menu_order":0,"comment_status":"closed","ping_status":"closed","template":"","meta":{"site-sidebar-layout":"default","site-content-layout":"","ast-site-content-layout":"default","site-content-style":"default","site-sidebar-style":"default","ast-global-header-display":"","ast-banner-title-visibility":"","ast-main-header-display":"","ast-hfb-above-header-display":"","ast-hfb-below-header-display":"","ast-hfb-mobile-header-display":"","site-post-title":"","ast-breadcrumbs-content":"","ast-featured-img":"","footer-sml-layout":"","theme-transparent-header-meta":"","adv-header-id-meta":"3255","stick-header-meta":"","header-above-stick-meta":"","header-main-stick-meta":"","header-below-stick-meta":"","astra-migrate-meta-layouts":"set","ast-page-background-enabled":"default","ast-page-background-meta":{"desktop":{"background-color":"","background-image":"","background-repeat":"repeat","background-position":"center center","background-size":"auto","background-attachment":"scroll","background-type":"","background-media":"","overlay-type":"","overlay-color":"","overlay-opacity":"","overlay-gradient":""},"tablet":{"background-color":"","background-image":"","background-repeat":"repeat","background-position":"center center","background-size":"auto","background-attachment":"scroll","background-type":"","background-media":"","overlay-type":"","overlay-color":"","overlay-opacity":"","overlay-gradient":""},"mobile":{"background-color":"","background-image":"","background-repeat":"repeat","background-position":"center center","background-size":"auto","background-attachment":"scroll","background-type":"","background-media":"","overlay-type":"","overlay-color":"","overlay-opacity":"","overlay-gradient":""}},"ast-content-background-meta":{"desktop":{"background-color":"var(--ast-global-color-5)","background-image":"","background-repeat":"repeat","background-position":"center center","background-size":"auto","background-attachment":"scroll","background-type":"","background-media":"","overlay-type":"","overlay-color":"","overlay-opacity":"","overlay-gradient":""},"tablet":{"background-color":"var(--ast-global-color-5)","background-image":"","background-repeat":"repeat","background-position":"center center","background-size":"auto","background-attachment":"scroll","background-type":"","background-media":"","overlay-type":"","overlay-color":"","overlay-opacity":"","overlay-gradient":""},"mobile":{"background-color":"var(--ast-global-color-5)","background-image":"","background-repeat":"repeat","background-position":"center center","background-size":"auto","background-attachment":"scroll","background-type":"","background-media":"","overlay-type":"","overlay-color":"","overlay-opacity":"","overlay-gradient":""}},"footnotes":""},"class_list":["post-2576","page","type-page","status-publish","has-post-thumbnail","hentry"],"yoast_head":"<!-- This site is optimized with the Yoast SEO plugin v25.7 - https:\/\/yoast.com\/wordpress\/plugins\/seo\/ -->\n<title>Notre \u00e9quipe - Daniel E. Borsuk, MD<\/title>\n<meta name=\"description\" content=\"Notre \u00e9quipe in Montreal, QC. Une \u00e9quipe d\u00e9vou\u00e9e \u00e0 l\u2019excellence en chirurgie esth\u00e9tique et reconstructive \u00e0 Montr\u00e9al.\" \/>\n<meta name=\"robots\" content=\"index, follow, max-snippet:-1, max-image-preview:large, max-video-preview:-1\" \/>\n<link rel=\"canonical\" href=\"https:\/\/www.drborsuk.com\/francais\/notre-equipe\/\" \/>\n<meta property=\"og:locale\" content=\"fr_FR\" \/>\n<meta property=\"og:type\" content=\"article\" \/>\n<meta property=\"og:title\" content=\"Notre \u00e9quipe - Daniel E. Borsuk, MD\" \/>\n<meta property=\"og:description\" content=\"Notre \u00e9quipe in Montreal, QC. Une \u00e9quipe d\u00e9vou\u00e9e \u00e0 l\u2019excellence en chirurgie esth\u00e9tique et reconstructive \u00e0 Montr\u00e9al.\" \/>\n<meta property=\"og:url\" content=\"https:\/\/www.drborsuk.com\/francais\/notre-equipe\/\" \/>\n<meta property=\"og:site_name\" content=\"Borsuk Plastic Surgery\" \/>\n<meta property=\"article:modified_time\" content=\"2025-06-03T13:41:34+00:00\" \/>\n<meta property=\"og:image\" content=\"https:\/\/www.drborsuk.com\/francais\/wp-content\/uploads\/sites\/2\/2025\/05\/Dr-Borsuk-Equipe_01-1Edit-crop.jpeg\" \/>\n\t<meta property=\"og:image:width\" content=\"2304\" \/>\n\t<meta property=\"og:image:height\" content=\"582\" \/>\n\t<meta property=\"og:image:type\" content=\"image\/jpeg\" \/>\n<meta name=\"twitter:card\" content=\"summary_large_image\" \/>\n<meta name=\"twitter:label1\" content=\"Dur\u00e9e de lecture estim\u00e9e\" \/>\n\t<meta name=\"twitter:data1\" content=\"2 minutes\" \/>\n<script type=\"application\/ld+json\" class=\"yoast-schema-graph\">{\"@context\":\"https:\/\/schema.org\",\"@graph\":[{\"@type\":\"WebPage\",\"@id\":\"https:\/\/www.drborsuk.com\/francais\/notre-equipe\/\",\"url\":\"https:\/\/www.drborsuk.com\/francais\/notre-equipe\/\",\"name\":\"Notre \u00e9quipe - Daniel E. Borsuk, MD\",\"isPartOf\":{\"@id\":\"https:\/\/www.drborsuk.com\/francais\/#website\"},\"primaryImageOfPage\":{\"@id\":\"https:\/\/www.drborsuk.com\/francais\/notre-equipe\/#primaryimage\"},\"image\":{\"@id\":\"https:\/\/www.drborsuk.com\/francais\/notre-equipe\/#primaryimage\"},\"thumbnailUrl\":\"https:\/\/www.drborsuk.com\/francais\/wp-content\/uploads\/sites\/2\/2025\/05\/Dr-Borsuk-Equipe_01-1Edit-crop.jpeg\",\"datePublished\":\"2024-09-16T14:38:47+00:00\",\"dateModified\":\"2025-06-03T13:41:34+00:00\",\"description\":\"Notre \u00e9quipe in Montreal, QC. Une \u00e9quipe d\u00e9vou\u00e9e \u00e0 l\u2019excellence en chirurgie esth\u00e9tique et reconstructive \u00e0 Montr\u00e9al.\",\"breadcrumb\":{\"@id\":\"https:\/\/www.drborsuk.com\/francais\/notre-equipe\/#breadcrumb\"},\"inLanguage\":\"fr-FR\",\"potentialAction\":[{\"@type\":\"ReadAction\",\"target\":[\"https:\/\/www.drborsuk.com\/francais\/notre-equipe\/\"]}]},{\"@type\":\"ImageObject\",\"inLanguage\":\"fr-FR\",\"@id\":\"https:\/\/www.drborsuk.com\/francais\/notre-equipe\/#primaryimage\",\"url\":\"https:\/\/www.drborsuk.com\/francais\/wp-content\/uploads\/sites\/2\/2025\/05\/Dr-Borsuk-Equipe_01-1Edit-crop.jpeg\",\"contentUrl\":\"https:\/\/www.drborsuk.com\/francais\/wp-content\/uploads\/sites\/2\/2025\/05\/Dr-Borsuk-Equipe_01-1Edit-crop.jpeg\",\"width\":2304,\"height\":582,\"caption\":\"Dr Borsuk Equipe 01 (1)Edit crop\"},{\"@type\":\"BreadcrumbList\",\"@id\":\"https:\/\/www.drborsuk.com\/francais\/notre-equipe\/#breadcrumb\",\"itemListElement\":[{\"@type\":\"ListItem\",\"position\":1,\"name\":\"Home\",\"item\":\"https:\/\/www.drborsuk.com\/francais\/\"},{\"@type\":\"ListItem\",\"position\":2,\"name\":\"Notre \u00c9quipe\"}]},{\"@type\":\"WebSite\",\"@id\":\"https:\/\/www.drborsuk.com\/francais\/#website\",\"url\":\"https:\/\/www.drborsuk.com\/francais\/\",\"name\":\"Borsuk Plastic Surgery\",\"description\":\"\",\"publisher\":{\"@id\":\"https:\/\/www.drborsuk.com\/francais\/#organization\"},\"potentialAction\":[{\"@type\":\"SearchAction\",\"target\":{\"@type\":\"EntryPoint\",\"urlTemplate\":\"https:\/\/www.drborsuk.com\/francais\/?s={search_term_string}\"},\"query-input\":{\"@type\":\"PropertyValueSpecification\",\"valueRequired\":true,\"valueName\":\"search_term_string\"}}],\"inLanguage\":\"fr-FR\"},{\"@type\":\"Organization\",\"@id\":\"https:\/\/www.drborsuk.com\/francais\/#organization\",\"name\":\"Borsuk Plastic Surgery\",\"url\":\"https:\/\/www.drborsuk.com\/francais\/\",\"logo\":{\"@type\":\"ImageObject\",\"inLanguage\":\"fr-FR\",\"@id\":\"https:\/\/www.drborsuk.com\/francais\/#\/schema\/logo\/image\/\",\"url\":\"https:\/\/www.drborsuk.com\/francais\/wp-content\/uploads\/sites\/2\/2024\/12\/DanielBorsukLogo.svg\",\"contentUrl\":\"https:\/\/www.drborsuk.com\/francais\/wp-content\/uploads\/sites\/2\/2024\/12\/DanielBorsukLogo.svg\",\"caption\":\"Borsuk Plastic Surgery\"},\"image\":{\"@id\":\"https:\/\/www.drborsuk.com\/francais\/#\/schema\/logo\/image\/\"}}]}<\/script>\n<!-- \/ Yoast SEO plugin. -->","yoast_head_json":{"title":"Notre \u00e9quipe - Daniel E. Borsuk, MD","description":"Notre \u00e9quipe in Montreal, QC. Une \u00e9quipe d\u00e9vou\u00e9e \u00e0 l\u2019excellence en chirurgie esth\u00e9tique et reconstructive \u00e0 Montr\u00e9al.","robots":{"index":"index","follow":"follow","max-snippet":"max-snippet:-1","max-image-preview":"max-image-preview:large","max-video-preview":"max-video-preview:-1"},"canonical":"https:\/\/www.drborsuk.com\/francais\/notre-equipe\/","og_locale":"fr_FR","og_type":"article","og_title":"Notre \u00e9quipe - Daniel E. Borsuk, MD","og_description":"Notre \u00e9quipe in Montreal, QC. Une \u00e9quipe d\u00e9vou\u00e9e \u00e0 l\u2019excellence en chirurgie esth\u00e9tique et reconstructive \u00e0 Montr\u00e9al.","og_url":"https:\/\/www.drborsuk.com\/francais\/notre-equipe\/","og_site_name":"Borsuk Plastic Surgery","article_modified_time":"2025-06-03T13:41:34+00:00","og_image":[{"width":2304,"height":582,"url":"https:\/\/www.drborsuk.com\/francais\/wp-content\/uploads\/sites\/2\/2025\/05\/Dr-Borsuk-Equipe_01-1Edit-crop.jpeg","type":"image\/jpeg"}],"twitter_card":"summary_large_image","twitter_misc":{"Dur\u00e9e de lecture estim\u00e9e":"2 minutes"},"schema":{"@context":"https:\/\/schema.org","@graph":[{"@type":"WebPage","@id":"https:\/\/www.drborsuk.com\/francais\/notre-equipe\/","url":"https:\/\/www.drborsuk.com\/francais\/notre-equipe\/","name":"Notre \u00e9quipe - Daniel E. Borsuk, MD","isPartOf":{"@id":"https:\/\/www.drborsuk.com\/francais\/#website"},"primaryImageOfPage":{"@id":"https:\/\/www.drborsuk.com\/francais\/notre-equipe\/#primaryimage"},"image":{"@id":"https:\/\/www.drborsuk.com\/francais\/notre-equipe\/#primaryimage"},"thumbnailUrl":"https:\/\/www.drborsuk.com\/francais\/wp-content\/uploads\/sites\/2\/2025\/05\/Dr-Borsuk-Equipe_01-1Edit-crop.jpeg","datePublished":"2024-09-16T14:38:47+00:00","dateModified":"2025-06-03T13:41:34+00:00","description":"Notre \u00e9quipe in Montreal, QC. Une \u00e9quipe d\u00e9vou\u00e9e \u00e0 l\u2019excellence en chirurgie esth\u00e9tique et reconstructive \u00e0 Montr\u00e9al.","breadcrumb":{"@id":"https:\/\/www.drborsuk.com\/francais\/notre-equipe\/#breadcrumb"},"inLanguage":"fr-FR","potentialAction":[{"@type":"ReadAction","target":["https:\/\/www.drborsuk.com\/francais\/notre-equipe\/"]}]},{"@type":"ImageObject","inLanguage":"fr-FR","@id":"https:\/\/www.drborsuk.com\/francais\/notre-equipe\/#primaryimage","url":"https:\/\/www.drborsuk.com\/francais\/wp-content\/uploads\/sites\/2\/2025\/05\/Dr-Borsuk-Equipe_01-1Edit-crop.jpeg","contentUrl":"https:\/\/www.drborsuk.com\/francais\/wp-content\/uploads\/sites\/2\/2025\/05\/Dr-Borsuk-Equipe_01-1Edit-crop.jpeg","width":2304,"height":582,"caption":"Dr Borsuk Equipe 01 (1)Edit crop"},{"@type":"BreadcrumbList","@id":"https:\/\/www.drborsuk.com\/francais\/notre-equipe\/#breadcrumb","itemListElement":[{"@type":"ListItem","position":1,"name":"Home","item":"https:\/\/www.drborsuk.com\/francais\/"},{"@type":"ListItem","position":2,"name":"Notre \u00c9quipe"}]},{"@type":"WebSite","@id":"https:\/\/www.drborsuk.com\/francais\/#website","url":"https:\/\/www.drborsuk.com\/francais\/","name":"Borsuk Plastic Surgery","description":"","publisher":{"@id":"https:\/\/www.drborsuk.com\/francais\/#organization"},"potentialAction":[{"@type":"SearchAction","target":{"@type":"EntryPoint","urlTemplate":"https:\/\/www.drborsuk.com\/francais\/?s={search_term_string}"},"query-input":{"@type":"PropertyValueSpecification","valueRequired":true,"valueName":"search_term_string"}}],"inLanguage":"fr-FR"},{"@type":"Organization","@id":"https:\/\/www.drborsuk.com\/francais\/#organization","name":"Borsuk Plastic Surgery","url":"https:\/\/www.drborsuk.com\/francais\/","logo":{"@type":"ImageObject","inLanguage":"fr-FR","@id":"https:\/\/www.drborsuk.com\/francais\/#\/schema\/logo\/image\/","url":"https:\/\/www.drborsuk.com\/francais\/wp-content\/uploads\/sites\/2\/2024\/12\/DanielBorsukLogo.svg","contentUrl":"https:\/\/www.drborsuk.com\/francais\/wp-content\/uploads\/sites\/2\/2024\/12\/DanielBorsukLogo.svg","caption":"Borsuk Plastic Surgery"},"image":{"@id":"https:\/\/www.drborsuk.com\/francais\/#\/schema\/logo\/image\/"}}]}},"_links":{"self":[{"href":"https:\/\/www.drborsuk.com\/francais\/wp-json\/wp\/v2\/pages\/2576","targetHints":{"allow":["GET"]}}],"collection":[{"href":"https:\/\/www.drborsuk.com\/francais\/wp-json\/wp\/v2\/pages"}],"about":[{"href":"https:\/\/www.drborsuk.com\/francais\/wp-json\/wp\/v2\/types\/page"}],"author":[{"embeddable":true,"href":"https:\/\/www.drborsuk.com\/francais\/wp-json\/wp\/v2\/users\/2"}],"replies":[{"embeddable":true,"href":"https:\/\/www.drborsuk.com\/francais\/wp-json\/wp\/v2\/comments?post=2576"}],"version-history":[{"count":3,"href":"https:\/\/www.drborsuk.com\/francais\/wp-json\/wp\/v2\/pages\/2576\/revisions"}],"predecessor-version":[{"id":3260,"href":"https:\/\/www.drborsuk.com\/francais\/wp-json\/wp\/v2\/pages\/2576\/revisions\/3260"}],"wp:featuredmedia":[{"embeddable":true,"href":"https:\/\/www.drborsuk.com\/francais\/wp-json\/wp\/v2\/media\/3238"}],"wp:attachment":[{"href":"https:\/\/www.drborsuk.com\/francais\/wp-json\/wp\/v2\/media?parent=2576"}],"curies":[{"name":"wp","href":"https:\/\/api.w.org\/{rel}","templated":true}]}}