{"id":2584,"date":"2024-09-16T08:39:04","date_gmt":"2024-09-16T14:39:04","guid":{"rendered":"https:\/\/stg-drborsukcom-development.kinsta.cloud\/francais\/media\/"},"modified":"2025-06-03T20:23:51","modified_gmt":"2025-06-03T20:23:51","slug":"media","status":"publish","type":"page","link":"https:\/\/www.drborsuk.com\/francais\/media\/","title":{"rendered":"Media"},"content":{"rendered":"\n\n\t<p><a href=\"https:\/\/ici.radio-canada.ca\/info\/videos\/1-8850679\/premiere-medicale-une-greffe-complete-oeil-a-new-york\" target=\"_blank\" rel=\"noopener\">Dr. Borsuk pr\u00e9sent\u00e9 sur le t\u00e9l\u00e9 journal: Premi\u00e8re m\u00e9dicale : une greffe compl\u00e8te d&#8217;\u0153il \u00e0 New York<\/a><\/p>\n<p><a href=\"https:\/\/www.facebook.com\/ONQuebec\/videos\/448672215727097\/\" target=\"_blank\" rel=\"noopener\">https:\/\/www.facebook.com\/ONQuebec\/videos\/448672215727097\/<\/a><\/p>\n\t\t<iframe loading=\"lazy\" width=\"560\" height=\"315\" src=\"https:\/\/www.youtube.com\/embed\/od3YaqfVj0w?si=iie4JC-a98OJc-5g\" title=\"YouTube video player\" frameborder=\"0\" allow=\"accelerometer; autoplay; clipboard-write; encrypted-media; gyroscope; picture-in-picture; web-share\" referrerpolicy=\"strict-origin-when-cross-origin\" allowfullscreen><\/iframe>\t\n\t<p>Dr. Borsuk: Season 3 Trailer<\/p>\n\t\t<iframe loading=\"lazy\" width=\"560\" height=\"315\" src=\"https:\/\/www.youtube.com\/embed\/bSsUyZfPX0Q?si=ZiB6fBBEzI5KUQbg\" title=\"YouTube video player\" frameborder=\"0\" allow=\"accelerometer; autoplay; clipboard-write; encrypted-media; gyroscope; picture-in-picture; web-share\" referrerpolicy=\"strict-origin-when-cross-origin\" allowfullscreen><\/iframe>\t\n\t<p>Dr. Borsuk en Ouganda: un petit cadeau!<\/p>\n\t\t<iframe loading=\"lazy\" width=\"560\" height=\"315\" src=\"https:\/\/www.youtube.com\/embed\/ff--IuvxMhM?si=mZ-OFiQVQAgyCvjj\" title=\"YouTube video player\" frameborder=\"0\" allow=\"accelerometer; autoplay; clipboard-write; encrypted-media; gyroscope; picture-in-picture; web-share\" referrerpolicy=\"strict-origin-when-cross-origin\" allowfullscreen><\/iframe>\t\n\t<p>Dr. Borsuk en Ouganda: premi\u00e8res impressions<\/p>\n\t\t<iframe loading=\"lazy\" width=\"560\" height=\"315\" src=\"https:\/\/www.youtube.com\/embed\/x7MZvUPO20s?si=DahQKWNEhHdHZ_SC\" title=\"YouTube video player\" frameborder=\"0\" allow=\"accelerometer; autoplay; clipboard-write; encrypted-media; gyroscope; picture-in-picture; web-share\" referrerpolicy=\"strict-origin-when-cross-origin\" allowfullscreen><\/iframe>\t\n\t<p>Dr. Borsuk et Francois Charron: La vie est belle<\/p>\n\t\t<iframe loading=\"lazy\" width=\"560\" height=\"315\" src=\"https:\/\/www.youtube.com\/embed\/DHwRYA5NVHQ?si=woSBOHbpasYQJ5Ik\" title=\"YouTube video player\" frameborder=\"0\" allow=\"accelerometer; autoplay; clipboard-write; encrypted-media; gyroscope; picture-in-picture; web-share\" referrerpolicy=\"strict-origin-when-cross-origin\" allowfullscreen><\/iframe>\t\n\t<p>Dr. Borsuk en Ouganda: la force de la communaut\u00e9<\/p>\n\t\t<iframe loading=\"lazy\" width=\"500\" height=\"281\" src=\"https:\/\/www.youtube.com\/embed\/iW6zAVJb17s\" title=\"Face transplant surgeon, patient 'like family' after procedure\" frameborder=\"0\" allow=\"accelerometer; autoplay; clipboard-write; encrypted-media; gyroscope; picture-in-picture; web-share\" referrerpolicy=\"strict-origin-when-cross-origin\" allowfullscreen><\/iframe>\t\n\t<p><a href=\"https:\/\/www.qub.ca\/tvaplus\/video\/cprlv-s01-promo-online-cc-avec-mix-1049245918\" target=\"_blank\" rel=\"noopener\">Chirurgie plastique : reconstruire la vie<\/a><\/p>\n\t\t<iframe loading=\"lazy\" width=\"500\" height=\"281\" src=\"https:\/\/www.youtube.com\/embed\/Bb2bxazMLp4\" title=\"Man risks his life to undergo Canada's first face transplant\" frameborder=\"0\" allow=\"accelerometer; autoplay; clipboard-write; encrypted-media; gyroscope; picture-in-picture; web-share\" referrerpolicy=\"strict-origin-when-cross-origin\" allowfullscreen><\/iframe>\t\n\t\t<iframe loading=\"lazy\" width=\"500\" height=\"281\" src=\"https:\/\/www.youtube.com\/embed\/NO0KWhYuIQ4\" title=\"F\u00e9licitations \u00e0 Dr Daniel Borsuk et son \u00e9quipe pour la greffe de visage\" frameborder=\"0\" allow=\"accelerometer; autoplay; clipboard-write; encrypted-media; gyroscope; picture-in-picture; web-share\" referrerpolicy=\"strict-origin-when-cross-origin\" allowfullscreen><\/iframe>\t\n\t\t<iframe loading=\"lazy\" width=\"500\" height=\"281\" src=\"https:\/\/www.youtube.com\/embed\/OLyhY6fUVqQ\" title=\"1\u00e8re greffe du visage au Canada : portrait du Dr Borsuk\" frameborder=\"0\" allow=\"accelerometer; autoplay; clipboard-write; encrypted-media; gyroscope; picture-in-picture; web-share\" referrerpolicy=\"strict-origin-when-cross-origin\" allowfullscreen><\/iframe>\t\n\t<p><a href=\"https:\/\/www.facebook.com\/EncoreMieuxPM\/videos\/678869385970683\/?t=0\" target=\"_blank\" rel=\"noopener\">ENTREVUE DANIEL BORSUK. C&#8217;EST ENCORE MIEUX APRES MIDI<\/a><\/p>\n\t\t<iframe loading=\"lazy\" width=\"500\" height=\"281\" src=\"https:\/\/www.youtube.com\/embed\/B4C0MSIcuVo\" title=\"Rencontre avec le chirurgien qui a pratiqu\u00e9 la premi\u00e8re greffe de visage au pays\" frameborder=\"0\" allow=\"accelerometer; autoplay; clipboard-write; encrypted-media; gyroscope; picture-in-picture; web-share\" referrerpolicy=\"strict-origin-when-cross-origin\" allowfullscreen><\/iframe>\t\n\t\t<iframe loading=\"lazy\" width=\"500\" height=\"281\" src=\"https:\/\/www.youtube.com\/embed\/mlaQD-sbIkE\" title=\"The story behind Canada's first face transplant\" frameborder=\"0\" allow=\"accelerometer; autoplay; clipboard-write; encrypted-media; gyroscope; picture-in-picture; web-share\" referrerpolicy=\"strict-origin-when-cross-origin\" allowfullscreen><\/iframe>\t\n<h2>\n\t\t<a href=\"https:\/\/yadumondeamesse.telequebec.tv\/emissions\/100567908\/sonia-benezra-dr-daniel-borsuk-michel-jean-benoit-pinette-et-isabelle-plante\/56311\/entrevue\" title=\"ENTREVUE DANIEL BORSUK. Y&#039;A DU MONDE \u00c0 MESSE\"  target=\"_blank\"  rel=\"noopener\">\n\t\t\tENTREVUE DANIEL BORSUK. Y&#8217;A DU MONDE \u00c0 MESSE\t\t<\/a>\n\t<\/h2>\n<h2>\n\t\t\tDocumentaire\t<\/h2>\n\t<p>https:\/\/australiascience.tv\/vod\/the-face-of-a-stranger\/<\/p>\n<h2>\n\t\t\tArticles sur Dr. Daniel Borsuk\t<\/h2>\n<h3>\n\t\t\tFran\u00e7ais\t<\/h3>\n\t<p><a href=\"https:\/\/www.lapresse.ca\/actualites\/sante\/201812\/14\/01-5207994-la-nouvelle-tete-de-beatrice.php\" target=\"_blank\" rel=\"noopener\">La Nouvelle t\u00eate de B\u00e9atrice &#8212; La Presse<\/a><\/p>\n<p><a href=\"https:\/\/www.lapresse.ca\/actualites\/personnalite-de-la-semaine\/201809\/16\/01-5196728-personnalite-de-la-semaine-daniel-borsuk.php\" target=\"_blank\" rel=\"noopener\">Dr. Borsuk Personnalit\u00e9 de la semaine &#8212; La Presse<\/a><\/p>\n<p><a href=\"https:\/\/www.lapresse.ca\/actualites\/sante\/2021-08-01\/syndrome-d-ehlers-danlos\/sa-peau-c-est-comme-un-papier-de-soie.php\" target=\"_blank\" rel=\"noopener\">Dr. Borsuk soigne les enfants atteints de Syndrome d&#8217;Ehlers-Danlos<\/a><\/p>\n<p>Le Parcours Atypique Du Dr. Daniel Borsuk<\/p>\n<p>Le Chirurgien Plastique Daniel Borsuk : Le Saint Du Visage &#8211; Urbania<\/p>\n<h2>\n\t\t\tAnglais\t<\/h2>\n\t<p><a href=\"https:\/\/montrealgazette.com\/news\/montreal-plastic-surgeon-performs-ground-breaking-face-reconstruction\" target=\"_blank\" rel=\"nofollow noopener\">Montreal plastic surgeon performs ground-breaking face reconstruction &#8211; Montreal Gazette<\/a><\/p>\n<p><a href=\"https:\/\/3dprint.com\/105820\/3d-print-facial-reconstruction\/\" target=\"_blank\" rel=\"nofollow noopener\">Montreal: 3D Printed Model Assists in Successful Facial Reconstruction of Patient&#8217;s Crushed Cheekbone &amp; Eye Floor<\/a><\/p>\n<p><a href=\"https:\/\/www.news.com.au\/entertainment\/books-magazines\/magazines\/gq-magazine-cover-to-feature-richard-lee-norris-recipient-of-a-full-face-transplant\/news-story\/930d337b71c8d7263630508c9318a6df\" target=\"_blank\" rel=\"noopener\">GQ magazine cover to feature Richard Lee Norris, recipient of a full face transplant<\/a><\/p>\n<p>Canadian doctor on team who performed extensive full face transplant<\/p>\n\n","protected":false},"excerpt":{"rendered":"<p>Dr. Borsuk pr\u00e9sent\u00e9 sur le t\u00e9l\u00e9 journal: Premi\u00e8re m\u00e9dicale : une greffe compl\u00e8te d&#8217;\u0153il \u00e0 New York https:\/\/www.facebook.com\/ONQuebec\/videos\/448672215727097\/ Dr. Borsuk: Season 3 Trailer Dr. Borsuk en Ouganda: un petit cadeau! Dr. Borsuk en Ouganda: premi\u00e8res impressions Dr. Borsuk et Francois Charron: La vie est belle Dr. Borsuk en Ouganda: la force de la communaut\u00e9 Chirurgie [&hellip;]<\/p>\n","protected":false},"author":2,"featured_media":3236,"parent":0,"menu_order":0,"comment_status":"closed","ping_status":"closed","template":"","meta":{"site-sidebar-layout":"default","site-content-layout":"","ast-site-content-layout":"default","site-content-style":"default","site-sidebar-style":"default","ast-global-header-display":"","ast-banner-title-visibility":"","ast-main-header-display":"","ast-hfb-above-header-display":"","ast-hfb-below-header-display":"","ast-hfb-mobile-header-display":"","site-post-title":"","ast-breadcrumbs-content":"","ast-featured-img":"","footer-sml-layout":"","theme-transparent-header-meta":"","adv-header-id-meta":"","stick-header-meta":"","header-above-stick-meta":"","header-main-stick-meta":"","header-below-stick-meta":"","astra-migrate-meta-layouts":"set","ast-page-background-enabled":"default","ast-page-background-meta":{"desktop":{"background-color":"","background-image":"","background-repeat":"repeat","background-position":"center center","background-size":"auto","background-attachment":"scroll","background-type":"","background-media":"","overlay-type":"","overlay-color":"","overlay-opacity":"","overlay-gradient":""},"tablet":{"background-color":"","background-image":"","background-repeat":"repeat","background-position":"center center","background-size":"auto","background-attachment":"scroll","background-type":"","background-media":"","overlay-type":"","overlay-color":"","overlay-opacity":"","overlay-gradient":""},"mobile":{"background-color":"","background-image":"","background-repeat":"repeat","background-position":"center center","background-size":"auto","background-attachment":"scroll","background-type":"","background-media":"","overlay-type":"","overlay-color":"","overlay-opacity":"","overlay-gradient":""}},"ast-content-background-meta":{"desktop":{"background-color":"var(--ast-global-color-5)","background-image":"","background-repeat":"repeat","background-position":"center center","background-size":"auto","background-attachment":"scroll","background-type":"","background-media":"","overlay-type":"","overlay-color":"","overlay-opacity":"","overlay-gradient":""},"tablet":{"background-color":"var(--ast-global-color-5)","background-image":"","background-repeat":"repeat","background-position":"center center","background-size":"auto","background-attachment":"scroll","background-type":"","background-media":"","overlay-type":"","overlay-color":"","overlay-opacity":"","overlay-gradient":""},"mobile":{"background-color":"var(--ast-global-color-5)","background-image":"","background-repeat":"repeat","background-position":"center center","background-size":"auto","background-attachment":"scroll","background-type":"","background-media":"","overlay-type":"","overlay-color":"","overlay-opacity":"","overlay-gradient":""}},"footnotes":""},"class_list":["post-2584","page","type-page","status-publish","has-post-thumbnail","hentry"],"yoast_head":"<!-- This site is optimized with the Yoast SEO plugin v25.7 - https:\/\/yoast.com\/wordpress\/plugins\/seo\/ -->\n<title>Media - Daniel E. Borsuk, MD<\/title>\n<meta name=\"description\" content=\"Media in Montreal, QC. We expertise in complex plastic surgery has been featured in top medical journals, news outlets, and media platforms.\" \/>\n<meta name=\"robots\" content=\"index, follow, max-snippet:-1, max-image-preview:large, max-video-preview:-1\" \/>\n<link rel=\"canonical\" href=\"https:\/\/www.drborsuk.com\/francais\/media\/\" \/>\n<meta property=\"og:locale\" content=\"en_US\" \/>\n<meta property=\"og:type\" content=\"article\" \/>\n<meta property=\"og:title\" content=\"Media - Daniel E. Borsuk, MD\" \/>\n<meta property=\"og:description\" content=\"Media in Montreal, QC. We expertise in complex plastic surgery has been featured in top medical journals, news outlets, and media platforms.\" \/>\n<meta property=\"og:url\" content=\"https:\/\/www.drborsuk.com\/francais\/media\/\" \/>\n<meta property=\"og:site_name\" content=\"Borsuk Plastic Surgery\" \/>\n<meta property=\"article:modified_time\" content=\"2025-06-03T20:23:51+00:00\" \/>\n<meta property=\"og:image\" content=\"https:\/\/www.drborsuk.com\/francais\/wp-content\/uploads\/sites\/2\/2025\/05\/Media@1.2x-1.jpg\" \/>\n\t<meta property=\"og:image:width\" content=\"2304\" \/>\n\t<meta property=\"og:image:height\" content=\"540\" \/>\n\t<meta property=\"og:image:type\" content=\"image\/jpeg\" \/>\n<meta name=\"twitter:card\" content=\"summary_large_image\" \/>\n<meta name=\"twitter:label1\" content=\"Est. reading time\" \/>\n\t<meta name=\"twitter:data1\" content=\"1 minute\" \/>\n<script type=\"application\/ld+json\" class=\"yoast-schema-graph\">{\"@context\":\"https:\/\/schema.org\",\"@graph\":[{\"@type\":\"WebPage\",\"@id\":\"https:\/\/www.drborsuk.com\/francais\/media\/\",\"url\":\"https:\/\/www.drborsuk.com\/francais\/media\/\",\"name\":\"Media - Daniel E. Borsuk, MD\",\"isPartOf\":{\"@id\":\"https:\/\/www.drborsuk.com\/francais\/#website\"},\"primaryImageOfPage\":{\"@id\":\"https:\/\/www.drborsuk.com\/francais\/media\/#primaryimage\"},\"image\":{\"@id\":\"https:\/\/www.drborsuk.com\/francais\/media\/#primaryimage\"},\"thumbnailUrl\":\"https:\/\/www.drborsuk.com\/francais\/wp-content\/uploads\/sites\/2\/2025\/05\/Media@1.2x-1.jpg\",\"datePublished\":\"2024-09-16T14:39:04+00:00\",\"dateModified\":\"2025-06-03T20:23:51+00:00\",\"description\":\"Media in Montreal, QC. We expertise in complex plastic surgery has been featured in top medical journals, news outlets, and media platforms.\",\"breadcrumb\":{\"@id\":\"https:\/\/www.drborsuk.com\/francais\/media\/#breadcrumb\"},\"inLanguage\":\"en-US\",\"potentialAction\":[{\"@type\":\"ReadAction\",\"target\":[\"https:\/\/www.drborsuk.com\/francais\/media\/\"]}]},{\"@type\":\"ImageObject\",\"inLanguage\":\"en-US\",\"@id\":\"https:\/\/www.drborsuk.com\/francais\/media\/#primaryimage\",\"url\":\"https:\/\/www.drborsuk.com\/francais\/wp-content\/uploads\/sites\/2\/2025\/05\/Media@1.2x-1.jpg\",\"contentUrl\":\"https:\/\/www.drborsuk.com\/francais\/wp-content\/uploads\/sites\/2\/2025\/05\/Media@1.2x-1.jpg\",\"width\":2304,\"height\":540,\"caption\":\"Media@1.2x\"},{\"@type\":\"BreadcrumbList\",\"@id\":\"https:\/\/www.drborsuk.com\/francais\/media\/#breadcrumb\",\"itemListElement\":[{\"@type\":\"ListItem\",\"position\":1,\"name\":\"Home\",\"item\":\"https:\/\/www.drborsuk.com\/francais\/\"},{\"@type\":\"ListItem\",\"position\":2,\"name\":\"Media\"}]},{\"@type\":\"WebSite\",\"@id\":\"https:\/\/www.drborsuk.com\/francais\/#website\",\"url\":\"https:\/\/www.drborsuk.com\/francais\/\",\"name\":\"Borsuk Plastic Surgery\",\"description\":\"\",\"publisher\":{\"@id\":\"https:\/\/www.drborsuk.com\/francais\/#organization\"},\"potentialAction\":[{\"@type\":\"SearchAction\",\"target\":{\"@type\":\"EntryPoint\",\"urlTemplate\":\"https:\/\/www.drborsuk.com\/francais\/?s={search_term_string}\"},\"query-input\":{\"@type\":\"PropertyValueSpecification\",\"valueRequired\":true,\"valueName\":\"search_term_string\"}}],\"inLanguage\":\"en-US\"},{\"@type\":\"Organization\",\"@id\":\"https:\/\/www.drborsuk.com\/francais\/#organization\",\"name\":\"Borsuk Plastic Surgery\",\"url\":\"https:\/\/www.drborsuk.com\/francais\/\",\"logo\":{\"@type\":\"ImageObject\",\"inLanguage\":\"en-US\",\"@id\":\"https:\/\/www.drborsuk.com\/francais\/#\/schema\/logo\/image\/\",\"url\":\"https:\/\/www.drborsuk.com\/francais\/wp-content\/uploads\/sites\/2\/2024\/12\/DanielBorsukLogo.svg\",\"contentUrl\":\"https:\/\/www.drborsuk.com\/francais\/wp-content\/uploads\/sites\/2\/2024\/12\/DanielBorsukLogo.svg\",\"caption\":\"Borsuk Plastic Surgery\"},\"image\":{\"@id\":\"https:\/\/www.drborsuk.com\/francais\/#\/schema\/logo\/image\/\"}}]}<\/script>\n<!-- \/ Yoast SEO plugin. -->","yoast_head_json":{"title":"Media - Daniel E. Borsuk, MD","description":"Media in Montreal, QC. We expertise in complex plastic surgery has been featured in top medical journals, news outlets, and media platforms.","robots":{"index":"index","follow":"follow","max-snippet":"max-snippet:-1","max-image-preview":"max-image-preview:large","max-video-preview":"max-video-preview:-1"},"canonical":"https:\/\/www.drborsuk.com\/francais\/media\/","og_locale":"en_US","og_type":"article","og_title":"Media - Daniel E. Borsuk, MD","og_description":"Media in Montreal, QC. We expertise in complex plastic surgery has been featured in top medical journals, news outlets, and media platforms.","og_url":"https:\/\/www.drborsuk.com\/francais\/media\/","og_site_name":"Borsuk Plastic Surgery","article_modified_time":"2025-06-03T20:23:51+00:00","og_image":[{"width":2304,"height":540,"url":"https:\/\/www.drborsuk.com\/francais\/wp-content\/uploads\/sites\/2\/2025\/05\/Media@1.2x-1.jpg","type":"image\/jpeg"}],"twitter_card":"summary_large_image","twitter_misc":{"Est. reading time":"1 minute"},"schema":{"@context":"https:\/\/schema.org","@graph":[{"@type":"WebPage","@id":"https:\/\/www.drborsuk.com\/francais\/media\/","url":"https:\/\/www.drborsuk.com\/francais\/media\/","name":"Media - Daniel E. Borsuk, MD","isPartOf":{"@id":"https:\/\/www.drborsuk.com\/francais\/#website"},"primaryImageOfPage":{"@id":"https:\/\/www.drborsuk.com\/francais\/media\/#primaryimage"},"image":{"@id":"https:\/\/www.drborsuk.com\/francais\/media\/#primaryimage"},"thumbnailUrl":"https:\/\/www.drborsuk.com\/francais\/wp-content\/uploads\/sites\/2\/2025\/05\/Media@1.2x-1.jpg","datePublished":"2024-09-16T14:39:04+00:00","dateModified":"2025-06-03T20:23:51+00:00","description":"Media in Montreal, QC. We expertise in complex plastic surgery has been featured in top medical journals, news outlets, and media platforms.","breadcrumb":{"@id":"https:\/\/www.drborsuk.com\/francais\/media\/#breadcrumb"},"inLanguage":"en-US","potentialAction":[{"@type":"ReadAction","target":["https:\/\/www.drborsuk.com\/francais\/media\/"]}]},{"@type":"ImageObject","inLanguage":"en-US","@id":"https:\/\/www.drborsuk.com\/francais\/media\/#primaryimage","url":"https:\/\/www.drborsuk.com\/francais\/wp-content\/uploads\/sites\/2\/2025\/05\/Media@1.2x-1.jpg","contentUrl":"https:\/\/www.drborsuk.com\/francais\/wp-content\/uploads\/sites\/2\/2025\/05\/Media@1.2x-1.jpg","width":2304,"height":540,"caption":"Media@1.2x"},{"@type":"BreadcrumbList","@id":"https:\/\/www.drborsuk.com\/francais\/media\/#breadcrumb","itemListElement":[{"@type":"ListItem","position":1,"name":"Home","item":"https:\/\/www.drborsuk.com\/francais\/"},{"@type":"ListItem","position":2,"name":"Media"}]},{"@type":"WebSite","@id":"https:\/\/www.drborsuk.com\/francais\/#website","url":"https:\/\/www.drborsuk.com\/francais\/","name":"Borsuk Plastic Surgery","description":"","publisher":{"@id":"https:\/\/www.drborsuk.com\/francais\/#organization"},"potentialAction":[{"@type":"SearchAction","target":{"@type":"EntryPoint","urlTemplate":"https:\/\/www.drborsuk.com\/francais\/?s={search_term_string}"},"query-input":{"@type":"PropertyValueSpecification","valueRequired":true,"valueName":"search_term_string"}}],"inLanguage":"en-US"},{"@type":"Organization","@id":"https:\/\/www.drborsuk.com\/francais\/#organization","name":"Borsuk Plastic Surgery","url":"https:\/\/www.drborsuk.com\/francais\/","logo":{"@type":"ImageObject","inLanguage":"en-US","@id":"https:\/\/www.drborsuk.com\/francais\/#\/schema\/logo\/image\/","url":"https:\/\/www.drborsuk.com\/francais\/wp-content\/uploads\/sites\/2\/2024\/12\/DanielBorsukLogo.svg","contentUrl":"https:\/\/www.drborsuk.com\/francais\/wp-content\/uploads\/sites\/2\/2024\/12\/DanielBorsukLogo.svg","caption":"Borsuk Plastic Surgery"},"image":{"@id":"https:\/\/www.drborsuk.com\/francais\/#\/schema\/logo\/image\/"}}]}},"_links":{"self":[{"href":"https:\/\/www.drborsuk.com\/francais\/wp-json\/wp\/v2\/pages\/2584","targetHints":{"allow":["GET"]}}],"collection":[{"href":"https:\/\/www.drborsuk.com\/francais\/wp-json\/wp\/v2\/pages"}],"about":[{"href":"https:\/\/www.drborsuk.com\/francais\/wp-json\/wp\/v2\/types\/page"}],"author":[{"embeddable":true,"href":"https:\/\/www.drborsuk.com\/francais\/wp-json\/wp\/v2\/users\/2"}],"replies":[{"embeddable":true,"href":"https:\/\/www.drborsuk.com\/francais\/wp-json\/wp\/v2\/comments?post=2584"}],"version-history":[{"count":2,"href":"https:\/\/www.drborsuk.com\/francais\/wp-json\/wp\/v2\/pages\/2584\/revisions"}],"predecessor-version":[{"id":3277,"href":"https:\/\/www.drborsuk.com\/francais\/wp-json\/wp\/v2\/pages\/2584\/revisions\/3277"}],"wp:featuredmedia":[{"embeddable":true,"href":"https:\/\/www.drborsuk.com\/francais\/wp-json\/wp\/v2\/media\/3236"}],"wp:attachment":[{"href":"https:\/\/www.drborsuk.com\/francais\/wp-json\/wp\/v2\/media?parent=2584"}],"curies":[{"name":"wp","href":"https:\/\/api.w.org\/{rel}","templated":true}]}}