{"id":2586,"date":"2024-09-16T08:39:09","date_gmt":"2024-09-16T14:39:09","guid":{"rendered":"https:\/\/stg-drborsukcom-development.kinsta.cloud\/francais\/termes-d-utilisation\/"},"modified":"2024-09-24T22:09:04","modified_gmt":"2024-09-24T22:09:04","slug":"termes-d-utilisation","status":"publish","type":"page","link":"https:\/\/www.drborsuk.com\/francais\/termes-d-utilisation\/","title":{"rendered":"Terms D&#8217;Utilisation"},"content":{"rendered":"\n\n\t<p>1. Ce site internet sur le World Wide Web, ainsi que la page d&#8217;accueil dans le domaine &#8216;<a href=\"\/francais\">\/francais<\/a>&#8216;, ci-apr\u00e8s d\u00e9nomm\u00e9 le &#8220;site web&#8221;, est un service d&#8217;information fourni par\u00a0<strong>Daniel E. Borsuk, MD<\/strong>, ci-apr\u00e8s d\u00e9nomm\u00e9\u00a0<strong>DEBM<\/strong>, sans frais aux utilisateurs du World Wide Web, sous la condition que ces utilisateurs acceptent d&#8217;\u00eatre li\u00e9s aux termes et conditions pr\u00e9sent\u00e9s dans ces conditions d&#8217;utilisation. DEBM rse r\u00e9serve le droit de changer ces termes et conditions en tout temps, et vous acceptez de vous conformer \u00e0 la version la plus r\u00e9cente de ces conditions d&#8217;utilisation chaque fois que vous visitez le site web. Vous \u00eates donc conseill\u00e9 de consulter les conditions d&#8217;utilisation chaque fois que vous visitez le site web. Si vous n&#8217;acceptez pas une quelconque de ces modalit\u00e9s, veuillez ne pas utiliser ce site Web.<\/p>\n<p>2. Vous reconnaissez que l&#8217;information sur le site web est fournie &#8221; comme telle &#8221; pour de l&#8217;information g\u00e9n\u00e9rale seulement. Elle n&#8217;est pas destin\u00e9e \u00e0 fournir des conseils m\u00e9dicaux, et ne doit en aucun cas remplacer les consultations aupr\u00e8s de professionnels de la sant\u00e9 reconnus qui sont familiers avec vos besoins m\u00e9dicaux particuliers. DEBM ne donne aucune garantie quant \u00e0 ce site web, y compris, mais non de fa\u00e7on limitative leur exactitude, leur int\u00e9gralit\u00e9, leur cr\u00e9dibilit\u00e9, leur fiabilit\u00e9, la qualit\u00e9 marchande ou l&#8217;adaptation \u00e0 un usage particulier, ou aucune garantie que ces pages, ou le serveur qui les rend disponibles sont sans virus ou autres \u00e9l\u00e9ments destructeurs. Toute garantie donn\u00e9e en ce sens est formellement d\u00e9savou\u00e9e.<\/p>\n<p>3. Vous acceptez de tenir DEBM indemnes, ainsi que ses actionnaires, dirigeants, directeurs et employ\u00e9s de toutes r\u00e9clamations d\u00e9coulant ou en lien \u00e0 votre acc\u00e8s, utilisation, incapacit\u00e9 d&#8217;avoir acc\u00e8s ou d&#8217;utiliser ce site web, informations contenues dans ce site web ou d&#8217;autres sites web auxquels il est li\u00e9, y compris, mais non limit\u00e9es aux r\u00e9clamations, quelque chose que vous avez entendu, avez vu ou t\u00e9l\u00e9charg\u00e9 \u00e0 partir de ce site web ou un autre site web auquel il est li\u00e9, que vous avez trouv\u00e9 obsc\u00e8ne, offensif, diffamatoire ou violent sur vos droits de propri\u00e9t\u00e9 intellectuelle. En aucun cas que DEBM ou tout autre contributeur de l&#8217;information de ce site web, ne sera tenu responsable envers vous ou toute autre personne pour toute d\u00e9cision ou action que vous prenez en vous fondant sur cette information, ni pour tout dommage indirect, sp\u00e9cial ou similaire, m\u00eame si DEBM a \u00e9t\u00e9 avis\u00e9 de la possibilit\u00e9 de tels dommages.<\/p>\n<p>4. Vous reconnaissez que les opinions et recommandations continues dans ce site web ne sont pas n\u00e9cessairement celles de DEBM et ne sont pas approuv\u00e9es par MedNet Technologies.<\/p>\n<p>5. DEBM peut fournir des liens sur le site web vers d&#8217;autres sites web qui ne sont pas sous le contr\u00f4le de DEBM. En g\u00e9n\u00e9ral, tout site web qui a une adresse (ou un URL) ne contenant pas &#8216;\/francais&#8217; est un tel site web. Ces liens sont fournis uniquement pour commodit\u00e9 ou r\u00e9f\u00e9rence et ne visent pas \u00e0 faire la promotion pour DEBM de l&#8217;organisation ou de l&#8217;information sur ce site web.<\/p>\n<p>6. Vous pouvez fournir des liens hypertextes \u00e0 ce site web ou autre site web, pourvu que (a) le lien soit uniquement du texte clairement indiqu\u00e9 &#8216;Daniel E. Borsuk, MD&#8217;, (b) le lien &#8216;pointe&#8217; vers un URL &#8216;\/francais&#8217; et non vers d&#8217;autres pages \u00e0 l&#8217;int\u00e9rieur du site web, (c) l&#8217;apparence, la position et les autres aspects du lien ne doivent pas porter pr\u00e9judice ni nuire \u00e0 la r\u00e9putation attach\u00e9e au nom de DEBM et aux marques associ\u00e9es, (d) l&#8217;apparence, la position et les autres aspects du lien ne doivent pas donner l&#8217;impression trompeuse qu&#8217;une entit\u00e9 autre que DEBM soit associ\u00e9e avec ou commandit\u00e9e par DEBM, (e) lorsque le lien est activ\u00e9 par un utilisateur, il doit afficher ce site web plein \u00e9cran et non dans un \u00ab cadre \u00bb vers les pages li\u00e9es et (f) DEBM se r\u00e9serve le droit de r\u00e9voquer son consentement \u00e0 un lien en tout temps \u00e0 leur propre discr\u00e9tion en modifiant les modalit\u00e9s d&#8217;utilisation. Vous acceptez que tout autre lien hypertexte de ce site web doit faire l&#8217;objet d&#8217;une autorisation \u00e9crite de DEBM.<\/p>\n<p>7. Les droits d&#8217;auteurs contenus dans ce site web, y compris, mais sans s&#8217;y limiter, toute conception de texte et d&#8217;images, sont la propri\u00e9t\u00e9 ou titulaire de DEBM et MedNet Technologies, Inc., ci-apr\u00e8s d\u00e9nomm\u00e9 MEDNET, ou ses fournisseurs et contributeurs, et ne peuvent \u00eatre copi\u00e9s, reproduits, transmis, affich\u00e9s, ex\u00e9cut\u00e9s, distribu\u00e9s, lou\u00e9s, modifi\u00e9s, stock\u00e9s pour usage ult\u00e9rieur ou utilis\u00e9s en totalit\u00e9 ou en partie dans aucun cas sans le consentement \u00e9crit de DEBM \u00e0 l&#8217;exception que l&#8217;utilisateur effectue des copies temporaires \u00e0 partir de la m\u00e9moire vive (RAM) et du disque dur d&#8217;un seul ordinateur afin de consulter le site web, et que l&#8217;utilisateur imprime une copie permanente de chaque page du site web (sans modifier le contenu et avec une copie des modalit\u00e9s d&#8217;utilisation) \u00e0 utiliser \u00e0 des fins personnelles et non commerciales, sans nuire \u00e0 la r\u00e9putation de DEBM ou MedNet Technologies, Inc.<\/p>\n<p>8. Ce site web (excluant les sites li\u00e9s), dont le si\u00e8ge social si\u00e8ge dans l&#8217;\u00c9tat de New York aux \u00c9tats-Unis, est contr\u00f4l\u00e9 par MedNet Technologies, Inc. Il est accessible dans les 50 \u00e9tats, de m\u00eame que dans les autres pays \u00e0 travers le monde. Puisque tous ces endroits ont des lois qui diff\u00e8rent de celles de New York, en acc\u00e9dant ce site web, vous acceptez que les lois et r\u00e8glements de l&#8217;\u00c9tat de New York, sans \u00e9gard aux principes de conflits de lois, seront appliqu\u00e9es s&#8217;appliqueront \u00e0 tout ce qui est li\u00e9 \u00e0 l&#8217;utilisation de ce site web. Vous acceptez et reconnaissez l&#8217;exclusivit\u00e9 de comp\u00e9tence et de lieu des tribunaux du comt\u00e9 de Nassau, New York ainsi qu&#8217;\u00e0 la cour de district des \u00c9tats-Unis du district sud de New York \u00e0 l&#8217;\u00e9gard de ces questions. DEBM et MEDNET ne font aucune d\u00e9claration quant \u00e0 la pertinence ou \u00e0 la disponibilit\u00e9 des informations de ce site dans d&#8217;autres lieux et il est il est interdit d&#8217;acc\u00e9der \u00e0 ces informations \u00e0 partir de pays o\u00f9 elles sont illicites. Les individus et les organisations qui choisissent d&#8217;acc\u00e9der \u00e0 ce site web \u00e0 partir d&#8217;autres endroits le font de leur propre initiative et sont responsables de se conformer aux lois locales.<\/p>\n<p>9. MedNet Technologies, Inc., son logo, ses plaques signal\u00e9tiques ainsi que les sites MedNet\u2122 sont des marques de commerce de MedNet Technologies, Inc. qui sont prot\u00e9g\u00e9es par les lois internationales et dispositions des trait\u00e9s.<\/p>\n<p>10. Tout texte et images \u00e9lectroniques sur ce site web sont des mat\u00e9riaux prot\u00e9g\u00e9s par les lois du copyright, qui sont soit les doits d&#8217;auteurs ou des marques d\u00e9pos\u00e9es de DEBM ou MEDNET des contributeurs ou des fournisseurs. Toute tentative d&#8217;enfreindre ou de contourner ces copyrights entrainera de s\u00e9v\u00e8res sanctions p\u00e9nales ou civiles.<\/p>\n\n","protected":false},"excerpt":{"rendered":"<p>1. Ce site internet sur le World Wide Web, ainsi que la page d&#8217;accueil dans le domaine &#8216;\/francais&#8216;, ci-apr\u00e8s d\u00e9nomm\u00e9 le &#8220;site web&#8221;, est un service d&#8217;information fourni par\u00a0Daniel E. Borsuk, MD, ci-apr\u00e8s d\u00e9nomm\u00e9\u00a0DEBM, sans frais aux utilisateurs du World Wide Web, sous la condition que ces utilisateurs acceptent d&#8217;\u00eatre li\u00e9s aux termes et conditions [&hellip;]<\/p>\n","protected":false},"author":2,"featured_media":0,"parent":0,"menu_order":0,"comment_status":"closed","ping_status":"closed","template":"","meta":{"site-sidebar-layout":"default","site-content-layout":"","ast-site-content-layout":"default","site-content-style":"default","site-sidebar-style":"default","ast-global-header-display":"","ast-banner-title-visibility":"","ast-main-header-display":"","ast-hfb-above-header-display":"","ast-hfb-below-header-display":"","ast-hfb-mobile-header-display":"","site-post-title":"","ast-breadcrumbs-content":"","ast-featured-img":"","footer-sml-layout":"","theme-transparent-header-meta":"","adv-header-id-meta":"","stick-header-meta":"","header-above-stick-meta":"","header-main-stick-meta":"","header-below-stick-meta":"","astra-migrate-meta-layouts":"set","ast-page-background-enabled":"default","ast-page-background-meta":{"desktop":{"background-color":"","background-image":"","background-repeat":"repeat","background-position":"center center","background-size":"auto","background-attachment":"scroll","background-type":"","background-media":"","overlay-type":"","overlay-color":"","overlay-opacity":"","overlay-gradient":""},"tablet":{"background-color":"","background-image":"","background-repeat":"repeat","background-position":"center center","background-size":"auto","background-attachment":"scroll","background-type":"","background-media":"","overlay-type":"","overlay-color":"","overlay-opacity":"","overlay-gradient":""},"mobile":{"background-color":"","background-image":"","background-repeat":"repeat","background-position":"center center","background-size":"auto","background-attachment":"scroll","background-type":"","background-media":"","overlay-type":"","overlay-color":"","overlay-opacity":"","overlay-gradient":""}},"ast-content-background-meta":{"desktop":{"background-color":"var(--ast-global-color-5)","background-image":"","background-repeat":"repeat","background-position":"center center","background-size":"auto","background-attachment":"scroll","background-type":"","background-media":"","overlay-type":"","overlay-color":"","overlay-opacity":"","overlay-gradient":""},"tablet":{"background-color":"var(--ast-global-color-5)","background-image":"","background-repeat":"repeat","background-position":"center center","background-size":"auto","background-attachment":"scroll","background-type":"","background-media":"","overlay-type":"","overlay-color":"","overlay-opacity":"","overlay-gradient":""},"mobile":{"background-color":"var(--ast-global-color-5)","background-image":"","background-repeat":"repeat","background-position":"center center","background-size":"auto","background-attachment":"scroll","background-type":"","background-media":"","overlay-type":"","overlay-color":"","overlay-opacity":"","overlay-gradient":""}},"footnotes":""},"class_list":["post-2586","page","type-page","status-publish","hentry"],"yoast_head":"<!-- This site is optimized with the Yoast SEO plugin v25.7 - https:\/\/yoast.com\/wordpress\/plugins\/seo\/ -->\n<title>Termes d&#039;Utilisation - Daniel E. Borsuk, MD<\/title>\n<meta name=\"description\" content=\"Termes d&#039;Utilisation\" \/>\n<meta name=\"robots\" content=\"index, follow, max-snippet:-1, max-image-preview:large, max-video-preview:-1\" \/>\n<link rel=\"canonical\" href=\"https:\/\/www.drborsuk.com\/francais\/termes-d-utilisation\/\" \/>\n<meta property=\"og:locale\" content=\"en_US\" \/>\n<meta property=\"og:type\" content=\"article\" \/>\n<meta property=\"og:title\" content=\"Termes d&#039;Utilisation - Daniel E. Borsuk, MD\" \/>\n<meta property=\"og:description\" content=\"Termes d&#039;Utilisation\" \/>\n<meta property=\"og:url\" content=\"https:\/\/www.drborsuk.com\/francais\/termes-d-utilisation\/\" \/>\n<meta property=\"og:site_name\" content=\"Borsuk Plastic Surgery\" \/>\n<meta property=\"article:modified_time\" content=\"2024-09-24T22:09:04+00:00\" \/>\n<meta name=\"twitter:card\" content=\"summary_large_image\" \/>\n<meta name=\"twitter:label1\" content=\"Est. reading time\" \/>\n\t<meta name=\"twitter:data1\" content=\"5 minutes\" \/>\n<script type=\"application\/ld+json\" class=\"yoast-schema-graph\">{\"@context\":\"https:\/\/schema.org\",\"@graph\":[{\"@type\":\"WebPage\",\"@id\":\"https:\/\/www.drborsuk.com\/francais\/termes-d-utilisation\/\",\"url\":\"https:\/\/www.drborsuk.com\/francais\/termes-d-utilisation\/\",\"name\":\"Termes d'Utilisation - Daniel E. Borsuk, MD\",\"isPartOf\":{\"@id\":\"https:\/\/www.drborsuk.com\/francais\/#website\"},\"datePublished\":\"2024-09-16T14:39:09+00:00\",\"dateModified\":\"2024-09-24T22:09:04+00:00\",\"description\":\"Termes d'Utilisation\",\"breadcrumb\":{\"@id\":\"https:\/\/www.drborsuk.com\/francais\/termes-d-utilisation\/#breadcrumb\"},\"inLanguage\":\"en-US\",\"potentialAction\":[{\"@type\":\"ReadAction\",\"target\":[\"https:\/\/www.drborsuk.com\/francais\/termes-d-utilisation\/\"]}]},{\"@type\":\"BreadcrumbList\",\"@id\":\"https:\/\/www.drborsuk.com\/francais\/termes-d-utilisation\/#breadcrumb\",\"itemListElement\":[{\"@type\":\"ListItem\",\"position\":1,\"name\":\"Home\",\"item\":\"https:\/\/www.drborsuk.com\/francais\/\"},{\"@type\":\"ListItem\",\"position\":2,\"name\":\"Terms D&#8217;Utilisation\"}]},{\"@type\":\"WebSite\",\"@id\":\"https:\/\/www.drborsuk.com\/francais\/#website\",\"url\":\"https:\/\/www.drborsuk.com\/francais\/\",\"name\":\"Borsuk Plastic Surgery\",\"description\":\"\",\"publisher\":{\"@id\":\"https:\/\/www.drborsuk.com\/francais\/#organization\"},\"potentialAction\":[{\"@type\":\"SearchAction\",\"target\":{\"@type\":\"EntryPoint\",\"urlTemplate\":\"https:\/\/www.drborsuk.com\/francais\/?s={search_term_string}\"},\"query-input\":{\"@type\":\"PropertyValueSpecification\",\"valueRequired\":true,\"valueName\":\"search_term_string\"}}],\"inLanguage\":\"en-US\"},{\"@type\":\"Organization\",\"@id\":\"https:\/\/www.drborsuk.com\/francais\/#organization\",\"name\":\"Borsuk Plastic Surgery\",\"url\":\"https:\/\/www.drborsuk.com\/francais\/\",\"logo\":{\"@type\":\"ImageObject\",\"inLanguage\":\"en-US\",\"@id\":\"https:\/\/www.drborsuk.com\/francais\/#\/schema\/logo\/image\/\",\"url\":\"https:\/\/www.drborsuk.com\/francais\/wp-content\/uploads\/sites\/2\/2024\/12\/DanielBorsukLogo.svg\",\"contentUrl\":\"https:\/\/www.drborsuk.com\/francais\/wp-content\/uploads\/sites\/2\/2024\/12\/DanielBorsukLogo.svg\",\"caption\":\"Borsuk Plastic Surgery\"},\"image\":{\"@id\":\"https:\/\/www.drborsuk.com\/francais\/#\/schema\/logo\/image\/\"}}]}<\/script>\n<!-- \/ Yoast SEO plugin. -->","yoast_head_json":{"title":"Termes d'Utilisation - Daniel E. Borsuk, MD","description":"Termes d'Utilisation","robots":{"index":"index","follow":"follow","max-snippet":"max-snippet:-1","max-image-preview":"max-image-preview:large","max-video-preview":"max-video-preview:-1"},"canonical":"https:\/\/www.drborsuk.com\/francais\/termes-d-utilisation\/","og_locale":"en_US","og_type":"article","og_title":"Termes d'Utilisation - Daniel E. Borsuk, MD","og_description":"Termes d'Utilisation","og_url":"https:\/\/www.drborsuk.com\/francais\/termes-d-utilisation\/","og_site_name":"Borsuk Plastic Surgery","article_modified_time":"2024-09-24T22:09:04+00:00","twitter_card":"summary_large_image","twitter_misc":{"Est. reading time":"5 minutes"},"schema":{"@context":"https:\/\/schema.org","@graph":[{"@type":"WebPage","@id":"https:\/\/www.drborsuk.com\/francais\/termes-d-utilisation\/","url":"https:\/\/www.drborsuk.com\/francais\/termes-d-utilisation\/","name":"Termes d'Utilisation - Daniel E. Borsuk, MD","isPartOf":{"@id":"https:\/\/www.drborsuk.com\/francais\/#website"},"datePublished":"2024-09-16T14:39:09+00:00","dateModified":"2024-09-24T22:09:04+00:00","description":"Termes d'Utilisation","breadcrumb":{"@id":"https:\/\/www.drborsuk.com\/francais\/termes-d-utilisation\/#breadcrumb"},"inLanguage":"en-US","potentialAction":[{"@type":"ReadAction","target":["https:\/\/www.drborsuk.com\/francais\/termes-d-utilisation\/"]}]},{"@type":"BreadcrumbList","@id":"https:\/\/www.drborsuk.com\/francais\/termes-d-utilisation\/#breadcrumb","itemListElement":[{"@type":"ListItem","position":1,"name":"Home","item":"https:\/\/www.drborsuk.com\/francais\/"},{"@type":"ListItem","position":2,"name":"Terms D&#8217;Utilisation"}]},{"@type":"WebSite","@id":"https:\/\/www.drborsuk.com\/francais\/#website","url":"https:\/\/www.drborsuk.com\/francais\/","name":"Borsuk Plastic Surgery","description":"","publisher":{"@id":"https:\/\/www.drborsuk.com\/francais\/#organization"},"potentialAction":[{"@type":"SearchAction","target":{"@type":"EntryPoint","urlTemplate":"https:\/\/www.drborsuk.com\/francais\/?s={search_term_string}"},"query-input":{"@type":"PropertyValueSpecification","valueRequired":true,"valueName":"search_term_string"}}],"inLanguage":"en-US"},{"@type":"Organization","@id":"https:\/\/www.drborsuk.com\/francais\/#organization","name":"Borsuk Plastic Surgery","url":"https:\/\/www.drborsuk.com\/francais\/","logo":{"@type":"ImageObject","inLanguage":"en-US","@id":"https:\/\/www.drborsuk.com\/francais\/#\/schema\/logo\/image\/","url":"https:\/\/www.drborsuk.com\/francais\/wp-content\/uploads\/sites\/2\/2024\/12\/DanielBorsukLogo.svg","contentUrl":"https:\/\/www.drborsuk.com\/francais\/wp-content\/uploads\/sites\/2\/2024\/12\/DanielBorsukLogo.svg","caption":"Borsuk Plastic Surgery"},"image":{"@id":"https:\/\/www.drborsuk.com\/francais\/#\/schema\/logo\/image\/"}}]}},"_links":{"self":[{"href":"https:\/\/www.drborsuk.com\/francais\/wp-json\/wp\/v2\/pages\/2586","targetHints":{"allow":["GET"]}}],"collection":[{"href":"https:\/\/www.drborsuk.com\/francais\/wp-json\/wp\/v2\/pages"}],"about":[{"href":"https:\/\/www.drborsuk.com\/francais\/wp-json\/wp\/v2\/types\/page"}],"author":[{"embeddable":true,"href":"https:\/\/www.drborsuk.com\/francais\/wp-json\/wp\/v2\/users\/2"}],"replies":[{"embeddable":true,"href":"https:\/\/www.drborsuk.com\/francais\/wp-json\/wp\/v2\/comments?post=2586"}],"version-history":[{"count":0,"href":"https:\/\/www.drborsuk.com\/francais\/wp-json\/wp\/v2\/pages\/2586\/revisions"}],"wp:attachment":[{"href":"https:\/\/www.drborsuk.com\/francais\/wp-json\/wp\/v2\/media?parent=2586"}],"curies":[{"name":"wp","href":"https:\/\/api.w.org\/{rel}","templated":true}]}}