{"id":2602,"date":"2024-09-16T08:39:43","date_gmt":"2024-09-16T14:39:43","guid":{"rendered":"https:\/\/stg-drborsukcom-development.kinsta.cloud\/francais\/services\/esthetique\/"},"modified":"2025-02-19T15:49:04","modified_gmt":"2025-02-19T15:49:04","slug":"esthetique","status":"publish","type":"page","link":"https:\/\/www.drborsuk.com\/francais\/services\/esthetique\/","title":{"rendered":"Esth\u00e9tique"},"content":{"rendered":"\n\n\t<p>Pour plus d&#8217;informations sur nos proc\u00e9dures\u00a0<strong>esth\u00e9tiques<\/strong>, cliquez sur les liens ci-dessous.<\/p>\n\t<ul>\n<li><a href=\"\/francais\/services\/esthetique\/lifting-du-visage\/\">Visage<\/a>\n<ul>\n<li><a href=\"\/francais\/services\/esthetique\/lifting-du-visage\/\">Lifting du visage<\/a><\/li>\n<li><a href=\"\/francais\/services\/esthetique\/lifting-du-visage\/#lifting-du-front\">Lifting du front<\/a><\/li>\n<li><a href=\"\/francais\/services\/esthetique\/lifting-du-visage\/#chirurgie-des-paupieres\">Chirurgie des paupi\u00e8res<\/a><\/li>\n<li><a href=\"\/francais\/services\/esthetique\/lifting-du-visage\/#chirurgie-du-nez\">Chirurgie du nez<\/a><\/li>\n<li><a href=\"\/francais\/services\/esthetique\/lifting-du-visage\/#lifting-du-cou\">Lifting du cou<\/a><\/li>\n<li><a href=\"\/francais\/services\/esthetique\/chirurgie-de-la-machoire\/#chirurgie-de-la-machoire\">Chirurgie de la m\u00e2choire<\/a><\/li>\n<li><a href=\"\/francais\/services\/esthetique\/chirurgie-de-la-machoire\/#augmentation-du-menton\">Augmentation du menton<\/a><\/li>\n<li><a href=\"\/francais\/services\/esthetique\/chirurgie-de-la-machoire\/#augmentation-des-joues\">Augmentation des joues<\/a><\/li>\n<li><a href=\"\/francais\/services\/esthetique\/chirurgie-de-la-machoire\/#rajeunissement-du-visage\">Rajeunissement du visage<\/a><\/li>\n<\/ul>\n<\/li>\n<li><a href=\"\/francais\/services\/esthetique\/sein\/\">Seins<\/a>\n<ul>\n<li><a href=\"\/francais\/services\/esthetique\/sein\/#reduction-mammaire\">R\u00e9duction mammaire<\/a><\/li>\n<li><a href=\"\/francais\/services\/esthetique\/sein\/#augmentation-mammaire\">Augmentation mammaire<\/a><\/li>\n<li><a href=\"\/francais\/services\/esthetique\/sein\/#lifting-des-seins\">Lifting des seins (Mastopexie)<\/a><\/li>\n<li><a href=\"\/francais\/services\/esthetique\/sein\/#reduction-mammaire-masculine\">R\u00e9duction mammaire masculine<\/a><\/li>\n<\/ul>\n<\/li>\n<li><a href=\"\/francais\/services\/esthetique\/corps\/\">Corps<\/a>\n<ul>\n<li><a href=\"\/francais\/services\/esthetique\/corps\/#sculpture-corporelle-liposuccion\">Sculpture corporelle &amp; liposuccion<\/a><\/li>\n<li><a href=\"\/francais\/services\/esthetique\/corps\/#abdominoplastie\">Abdominoplastie<\/a><\/li>\n<li><a href=\"\/francais\/services\/esthetique\/corps\/#lifting-des-bras\">Lifting des bras (Brachioplastie)<\/a><\/li>\n<\/ul>\n<\/li>\n<li><a href=\"\/francais\/services\/esthetique\/peau\/\">Peau<\/a>\n<ul>\n<li><a href=\"\/francais\/services\/esthetique\/peau\/#rajeunissement-des-mains\">Rajeunissement des mains<\/a><\/li>\n<\/ul>\n<\/li>\n<\/ul>\n\t\t\t\t<img decoding=\"async\" src=\"http:\/\/www.drborsuk.com\/francais\/wp-content\/uploads\/sites\/2\/2024\/09\/d2f1b61ea84b8a1b197725c8365e5b11.jpg\" alt=\"d2f1b61ea84b8a1b197725c8365e5b11\" itemprop=\"image\" title=\"d2f1b61ea84b8a1b197725c8365e5b11\" onerror=\"this.style.display='none'\"  \/>\n\n","protected":false},"excerpt":{"rendered":"<p>Pour plus d&#8217;informations sur nos proc\u00e9dures\u00a0esth\u00e9tiques, cliquez sur les liens ci-dessous. Visage Lifting du visage Lifting du front Chirurgie des paupi\u00e8res Chirurgie du nez Lifting du cou Chirurgie de la m\u00e2choire Augmentation du menton Augmentation des joues Rajeunissement du visage Seins R\u00e9duction mammaire Augmentation mammaire Lifting des seins (Mastopexie) R\u00e9duction mammaire masculine Corps Sculpture corporelle [&hellip;]<\/p>\n","protected":false},"author":2,"featured_media":3017,"parent":2578,"menu_order":0,"comment_status":"closed","ping_status":"closed","template":"","meta":{"site-sidebar-layout":"default","site-content-layout":"","ast-site-content-layout":"default","site-content-style":"default","site-sidebar-style":"default","ast-global-header-display":"","ast-banner-title-visibility":"","ast-main-header-display":"","ast-hfb-above-header-display":"","ast-hfb-below-header-display":"","ast-hfb-mobile-header-display":"","site-post-title":"","ast-breadcrumbs-content":"","ast-featured-img":"","footer-sml-layout":"","theme-transparent-header-meta":"","adv-header-id-meta":"","stick-header-meta":"","header-above-stick-meta":"","header-main-stick-meta":"","header-below-stick-meta":"","astra-migrate-meta-layouts":"set","ast-page-background-enabled":"default","ast-page-background-meta":{"desktop":{"background-color":"","background-image":"","background-repeat":"repeat","background-position":"center center","background-size":"auto","background-attachment":"scroll","background-type":"","background-media":"","overlay-type":"","overlay-color":"","overlay-opacity":"","overlay-gradient":""},"tablet":{"background-color":"","background-image":"","background-repeat":"repeat","background-position":"center center","background-size":"auto","background-attachment":"scroll","background-type":"","background-media":"","overlay-type":"","overlay-color":"","overlay-opacity":"","overlay-gradient":""},"mobile":{"background-color":"","background-image":"","background-repeat":"repeat","background-position":"center center","background-size":"auto","background-attachment":"scroll","background-type":"","background-media":"","overlay-type":"","overlay-color":"","overlay-opacity":"","overlay-gradient":""}},"ast-content-background-meta":{"desktop":{"background-color":"var(--ast-global-color-5)","background-image":"","background-repeat":"repeat","background-position":"center center","background-size":"auto","background-attachment":"scroll","background-type":"","background-media":"","overlay-type":"","overlay-color":"","overlay-opacity":"","overlay-gradient":""},"tablet":{"background-color":"var(--ast-global-color-5)","background-image":"","background-repeat":"repeat","background-position":"center center","background-size":"auto","background-attachment":"scroll","background-type":"","background-media":"","overlay-type":"","overlay-color":"","overlay-opacity":"","overlay-gradient":""},"mobile":{"background-color":"var(--ast-global-color-5)","background-image":"","background-repeat":"repeat","background-position":"center center","background-size":"auto","background-attachment":"scroll","background-type":"","background-media":"","overlay-type":"","overlay-color":"","overlay-opacity":"","overlay-gradient":""}},"footnotes":""},"class_list":["post-2602","page","type-page","status-publish","has-post-thumbnail","hentry"],"yoast_head":"<!-- This site is optimized with the Yoast SEO plugin v25.7 - https:\/\/yoast.com\/wordpress\/plugins\/seo\/ -->\n<title>Chirurgie plastique faciale Montr\u00e9al | Rejuvenation esth\u00e9tique<\/title>\n<meta name=\"description\" content=\"Chirurgie plastique faciale Montr\u00e9al - Le Dr Daniel Borsuk offre une chirurgie plastique faciale. Nos pratiques desservent Montr\u00e9al et les environs.\" \/>\n<meta name=\"robots\" content=\"index, follow, max-snippet:-1, max-image-preview:large, max-video-preview:-1\" \/>\n<link rel=\"canonical\" href=\"https:\/\/www.drborsuk.com\/francais\/services\/esthetique\/\" \/>\n<meta property=\"og:locale\" content=\"en_US\" \/>\n<meta property=\"og:type\" content=\"article\" \/>\n<meta property=\"og:title\" content=\"Chirurgie plastique faciale Montr\u00e9al | Rejuvenation esth\u00e9tique\" \/>\n<meta property=\"og:description\" content=\"Chirurgie plastique faciale Montr\u00e9al - Le Dr Daniel Borsuk offre une chirurgie plastique faciale. Nos pratiques desservent Montr\u00e9al et les environs.\" \/>\n<meta property=\"og:url\" content=\"https:\/\/www.drborsuk.com\/francais\/services\/esthetique\/\" \/>\n<meta property=\"og:site_name\" content=\"Borsuk Plastic Surgery\" \/>\n<meta property=\"article:modified_time\" content=\"2025-02-19T15:49:04+00:00\" \/>\n<meta property=\"og:image\" content=\"https:\/\/www.drborsuk.com\/francais\/wp-content\/uploads\/sites\/2\/2024\/12\/iStock-158630429_1.2x.jpg\" \/>\n\t<meta property=\"og:image:width\" content=\"2304\" \/>\n\t<meta property=\"og:image:height\" content=\"540\" \/>\n\t<meta property=\"og:image:type\" content=\"image\/jpeg\" \/>\n<meta name=\"twitter:card\" content=\"summary_large_image\" \/>\n<meta name=\"twitter:label1\" content=\"Est. reading time\" \/>\n\t<meta name=\"twitter:data1\" content=\"1 minute\" \/>\n<script type=\"application\/ld+json\" class=\"yoast-schema-graph\">{\"@context\":\"https:\/\/schema.org\",\"@graph\":[{\"@type\":\"WebPage\",\"@id\":\"https:\/\/www.drborsuk.com\/francais\/services\/esthetique\/\",\"url\":\"https:\/\/www.drborsuk.com\/francais\/services\/esthetique\/\",\"name\":\"Chirurgie plastique faciale Montr\u00e9al | Rejuvenation esth\u00e9tique\",\"isPartOf\":{\"@id\":\"https:\/\/www.drborsuk.com\/francais\/#website\"},\"primaryImageOfPage\":{\"@id\":\"https:\/\/www.drborsuk.com\/francais\/services\/esthetique\/#primaryimage\"},\"image\":{\"@id\":\"https:\/\/www.drborsuk.com\/francais\/services\/esthetique\/#primaryimage\"},\"thumbnailUrl\":\"https:\/\/www.drborsuk.com\/francais\/wp-content\/uploads\/sites\/2\/2024\/12\/iStock-158630429_1.2x.jpg\",\"datePublished\":\"2024-09-16T14:39:43+00:00\",\"dateModified\":\"2025-02-19T15:49:04+00:00\",\"description\":\"Chirurgie plastique faciale Montr\u00e9al - Le Dr Daniel Borsuk offre une chirurgie plastique faciale. Nos pratiques desservent Montr\u00e9al et les environs.\",\"breadcrumb\":{\"@id\":\"https:\/\/www.drborsuk.com\/francais\/services\/esthetique\/#breadcrumb\"},\"inLanguage\":\"en-US\",\"potentialAction\":[{\"@type\":\"ReadAction\",\"target\":[\"https:\/\/www.drborsuk.com\/francais\/services\/esthetique\/\"]}]},{\"@type\":\"ImageObject\",\"inLanguage\":\"en-US\",\"@id\":\"https:\/\/www.drborsuk.com\/francais\/services\/esthetique\/#primaryimage\",\"url\":\"https:\/\/www.drborsuk.com\/francais\/wp-content\/uploads\/sites\/2\/2024\/12\/iStock-158630429_1.2x.jpg\",\"contentUrl\":\"https:\/\/www.drborsuk.com\/francais\/wp-content\/uploads\/sites\/2\/2024\/12\/iStock-158630429_1.2x.jpg\",\"width\":2304,\"height\":540,\"caption\":\"iStock 158630429 1.2x\"},{\"@type\":\"BreadcrumbList\",\"@id\":\"https:\/\/www.drborsuk.com\/francais\/services\/esthetique\/#breadcrumb\",\"itemListElement\":[{\"@type\":\"ListItem\",\"position\":1,\"name\":\"Home\",\"item\":\"https:\/\/www.drborsuk.com\/francais\/\"},{\"@type\":\"ListItem\",\"position\":2,\"name\":\"Services Esth\u00e9tiques\",\"item\":\"https:\/\/www.drborsuk.com\/francais\/services\/\"},{\"@type\":\"ListItem\",\"position\":3,\"name\":\"Esth\u00e9tique\"}]},{\"@type\":\"WebSite\",\"@id\":\"https:\/\/www.drborsuk.com\/francais\/#website\",\"url\":\"https:\/\/www.drborsuk.com\/francais\/\",\"name\":\"Borsuk Plastic Surgery\",\"description\":\"\",\"publisher\":{\"@id\":\"https:\/\/www.drborsuk.com\/francais\/#organization\"},\"potentialAction\":[{\"@type\":\"SearchAction\",\"target\":{\"@type\":\"EntryPoint\",\"urlTemplate\":\"https:\/\/www.drborsuk.com\/francais\/?s={search_term_string}\"},\"query-input\":{\"@type\":\"PropertyValueSpecification\",\"valueRequired\":true,\"valueName\":\"search_term_string\"}}],\"inLanguage\":\"en-US\"},{\"@type\":\"Organization\",\"@id\":\"https:\/\/www.drborsuk.com\/francais\/#organization\",\"name\":\"Borsuk Plastic Surgery\",\"url\":\"https:\/\/www.drborsuk.com\/francais\/\",\"logo\":{\"@type\":\"ImageObject\",\"inLanguage\":\"en-US\",\"@id\":\"https:\/\/www.drborsuk.com\/francais\/#\/schema\/logo\/image\/\",\"url\":\"https:\/\/www.drborsuk.com\/francais\/wp-content\/uploads\/sites\/2\/2024\/12\/DanielBorsukLogo.svg\",\"contentUrl\":\"https:\/\/www.drborsuk.com\/francais\/wp-content\/uploads\/sites\/2\/2024\/12\/DanielBorsukLogo.svg\",\"caption\":\"Borsuk Plastic Surgery\"},\"image\":{\"@id\":\"https:\/\/www.drborsuk.com\/francais\/#\/schema\/logo\/image\/\"}}]}<\/script>\n<!-- \/ Yoast SEO plugin. -->","yoast_head_json":{"title":"Chirurgie plastique faciale Montr\u00e9al | Rejuvenation esth\u00e9tique","description":"Chirurgie plastique faciale Montr\u00e9al - Le Dr Daniel Borsuk offre une chirurgie plastique faciale. Nos pratiques desservent Montr\u00e9al et les environs.","robots":{"index":"index","follow":"follow","max-snippet":"max-snippet:-1","max-image-preview":"max-image-preview:large","max-video-preview":"max-video-preview:-1"},"canonical":"https:\/\/www.drborsuk.com\/francais\/services\/esthetique\/","og_locale":"en_US","og_type":"article","og_title":"Chirurgie plastique faciale Montr\u00e9al | Rejuvenation esth\u00e9tique","og_description":"Chirurgie plastique faciale Montr\u00e9al - Le Dr Daniel Borsuk offre une chirurgie plastique faciale. Nos pratiques desservent Montr\u00e9al et les environs.","og_url":"https:\/\/www.drborsuk.com\/francais\/services\/esthetique\/","og_site_name":"Borsuk Plastic Surgery","article_modified_time":"2025-02-19T15:49:04+00:00","og_image":[{"width":2304,"height":540,"url":"https:\/\/www.drborsuk.com\/francais\/wp-content\/uploads\/sites\/2\/2024\/12\/iStock-158630429_1.2x.jpg","type":"image\/jpeg"}],"twitter_card":"summary_large_image","twitter_misc":{"Est. reading time":"1 minute"},"schema":{"@context":"https:\/\/schema.org","@graph":[{"@type":"WebPage","@id":"https:\/\/www.drborsuk.com\/francais\/services\/esthetique\/","url":"https:\/\/www.drborsuk.com\/francais\/services\/esthetique\/","name":"Chirurgie plastique faciale Montr\u00e9al | Rejuvenation esth\u00e9tique","isPartOf":{"@id":"https:\/\/www.drborsuk.com\/francais\/#website"},"primaryImageOfPage":{"@id":"https:\/\/www.drborsuk.com\/francais\/services\/esthetique\/#primaryimage"},"image":{"@id":"https:\/\/www.drborsuk.com\/francais\/services\/esthetique\/#primaryimage"},"thumbnailUrl":"https:\/\/www.drborsuk.com\/francais\/wp-content\/uploads\/sites\/2\/2024\/12\/iStock-158630429_1.2x.jpg","datePublished":"2024-09-16T14:39:43+00:00","dateModified":"2025-02-19T15:49:04+00:00","description":"Chirurgie plastique faciale Montr\u00e9al - Le Dr Daniel Borsuk offre une chirurgie plastique faciale. Nos pratiques desservent Montr\u00e9al et les environs.","breadcrumb":{"@id":"https:\/\/www.drborsuk.com\/francais\/services\/esthetique\/#breadcrumb"},"inLanguage":"en-US","potentialAction":[{"@type":"ReadAction","target":["https:\/\/www.drborsuk.com\/francais\/services\/esthetique\/"]}]},{"@type":"ImageObject","inLanguage":"en-US","@id":"https:\/\/www.drborsuk.com\/francais\/services\/esthetique\/#primaryimage","url":"https:\/\/www.drborsuk.com\/francais\/wp-content\/uploads\/sites\/2\/2024\/12\/iStock-158630429_1.2x.jpg","contentUrl":"https:\/\/www.drborsuk.com\/francais\/wp-content\/uploads\/sites\/2\/2024\/12\/iStock-158630429_1.2x.jpg","width":2304,"height":540,"caption":"iStock 158630429 1.2x"},{"@type":"BreadcrumbList","@id":"https:\/\/www.drborsuk.com\/francais\/services\/esthetique\/#breadcrumb","itemListElement":[{"@type":"ListItem","position":1,"name":"Home","item":"https:\/\/www.drborsuk.com\/francais\/"},{"@type":"ListItem","position":2,"name":"Services Esth\u00e9tiques","item":"https:\/\/www.drborsuk.com\/francais\/services\/"},{"@type":"ListItem","position":3,"name":"Esth\u00e9tique"}]},{"@type":"WebSite","@id":"https:\/\/www.drborsuk.com\/francais\/#website","url":"https:\/\/www.drborsuk.com\/francais\/","name":"Borsuk Plastic Surgery","description":"","publisher":{"@id":"https:\/\/www.drborsuk.com\/francais\/#organization"},"potentialAction":[{"@type":"SearchAction","target":{"@type":"EntryPoint","urlTemplate":"https:\/\/www.drborsuk.com\/francais\/?s={search_term_string}"},"query-input":{"@type":"PropertyValueSpecification","valueRequired":true,"valueName":"search_term_string"}}],"inLanguage":"en-US"},{"@type":"Organization","@id":"https:\/\/www.drborsuk.com\/francais\/#organization","name":"Borsuk Plastic Surgery","url":"https:\/\/www.drborsuk.com\/francais\/","logo":{"@type":"ImageObject","inLanguage":"en-US","@id":"https:\/\/www.drborsuk.com\/francais\/#\/schema\/logo\/image\/","url":"https:\/\/www.drborsuk.com\/francais\/wp-content\/uploads\/sites\/2\/2024\/12\/DanielBorsukLogo.svg","contentUrl":"https:\/\/www.drborsuk.com\/francais\/wp-content\/uploads\/sites\/2\/2024\/12\/DanielBorsukLogo.svg","caption":"Borsuk Plastic Surgery"},"image":{"@id":"https:\/\/www.drborsuk.com\/francais\/#\/schema\/logo\/image\/"}}]}},"_links":{"self":[{"href":"https:\/\/www.drborsuk.com\/francais\/wp-json\/wp\/v2\/pages\/2602","targetHints":{"allow":["GET"]}}],"collection":[{"href":"https:\/\/www.drborsuk.com\/francais\/wp-json\/wp\/v2\/pages"}],"about":[{"href":"https:\/\/www.drborsuk.com\/francais\/wp-json\/wp\/v2\/types\/page"}],"author":[{"embeddable":true,"href":"https:\/\/www.drborsuk.com\/francais\/wp-json\/wp\/v2\/users\/2"}],"replies":[{"embeddable":true,"href":"https:\/\/www.drborsuk.com\/francais\/wp-json\/wp\/v2\/comments?post=2602"}],"version-history":[{"count":1,"href":"https:\/\/www.drborsuk.com\/francais\/wp-json\/wp\/v2\/pages\/2602\/revisions"}],"predecessor-version":[{"id":3169,"href":"https:\/\/www.drborsuk.com\/francais\/wp-json\/wp\/v2\/pages\/2602\/revisions\/3169"}],"up":[{"embeddable":true,"href":"https:\/\/www.drborsuk.com\/francais\/wp-json\/wp\/v2\/pages\/2578"}],"wp:featuredmedia":[{"embeddable":true,"href":"https:\/\/www.drborsuk.com\/francais\/wp-json\/wp\/v2\/media\/3017"}],"wp:attachment":[{"href":"https:\/\/www.drborsuk.com\/francais\/wp-json\/wp\/v2\/media?parent=2602"}],"curies":[{"name":"wp","href":"https:\/\/api.w.org\/{rel}","templated":true}]}}