{"id":2604,"date":"2024-09-16T08:39:48","date_gmt":"2024-09-16T14:39:48","guid":{"rendered":"https:\/\/stg-drborsukcom-development.kinsta.cloud\/francais\/emplacements\/bureau-principal\/"},"modified":"2025-04-08T05:47:48","modified_gmt":"2025-04-08T05:47:48","slug":"bureau-principal","status":"publish","type":"page","link":"https:\/\/www.drborsuk.com\/francais\/emplacements\/bureau-principal\/","title":{"rendered":"Bureau Principal"},"content":{"rendered":"\n\n    <img class='static-map img-responsive' alt='Location Map: 4131 Rue Sherbrooke Ouest Montreal, Qu\u00e9bec H3Z 1B7' src='http:\/\/www.drborsuk.com\/francais\/wp-content\/uploads\/sites\/2\/2024\/09\/map_2684_square_1727289908.jpg'\/><h2>\n\t\tHeures d&rsquo;ouverture\n\t<\/h2>\n\t <strong>Lundi - Vendredi<\/strong><br>8:00AM - 5:00PM<br>\r\n<strong>Samedi <\/strong><br> Ferme<br>\r\n<strong>Dimanche<\/strong><br>Ferme \n\n","protected":false},"excerpt":{"rendered":"","protected":false},"author":2,"featured_media":0,"parent":2580,"menu_order":0,"comment_status":"closed","ping_status":"closed","template":"","meta":{"site-sidebar-layout":"default","site-content-layout":"","ast-site-content-layout":"default","site-content-style":"default","site-sidebar-style":"default","ast-global-header-display":"","ast-banner-title-visibility":"","ast-main-header-display":"","ast-hfb-above-header-display":"","ast-hfb-below-header-display":"","ast-hfb-mobile-header-display":"","site-post-title":"","ast-breadcrumbs-content":"","ast-featured-img":"","footer-sml-layout":"","theme-transparent-header-meta":"","adv-header-id-meta":"","stick-header-meta":"","header-above-stick-meta":"","header-main-stick-meta":"","header-below-stick-meta":"","astra-migrate-meta-layouts":"set","ast-page-background-enabled":"default","ast-page-background-meta":{"desktop":{"background-color":"","background-image":"","background-repeat":"repeat","background-position":"center center","background-size":"auto","background-attachment":"scroll","background-type":"","background-media":"","overlay-type":"","overlay-color":"","overlay-opacity":"","overlay-gradient":""},"tablet":{"background-color":"","background-image":"","background-repeat":"repeat","background-position":"center center","background-size":"auto","background-attachment":"scroll","background-type":"","background-media":"","overlay-type":"","overlay-color":"","overlay-opacity":"","overlay-gradient":""},"mobile":{"background-color":"","background-image":"","background-repeat":"repeat","background-position":"center center","background-size":"auto","background-attachment":"scroll","background-type":"","background-media":"","overlay-type":"","overlay-color":"","overlay-opacity":"","overlay-gradient":""}},"ast-content-background-meta":{"desktop":{"background-color":"var(--ast-global-color-5)","background-image":"","background-repeat":"repeat","background-position":"center center","background-size":"auto","background-attachment":"scroll","background-type":"","background-media":"","overlay-type":"","overlay-color":"","overlay-opacity":"","overlay-gradient":""},"tablet":{"background-color":"var(--ast-global-color-5)","background-image":"","background-repeat":"repeat","background-position":"center center","background-size":"auto","background-attachment":"scroll","background-type":"","background-media":"","overlay-type":"","overlay-color":"","overlay-opacity":"","overlay-gradient":""},"mobile":{"background-color":"var(--ast-global-color-5)","background-image":"","background-repeat":"repeat","background-position":"center center","background-size":"auto","background-attachment":"scroll","background-type":"","background-media":"","overlay-type":"","overlay-color":"","overlay-opacity":"","overlay-gradient":""}},"footnotes":""},"class_list":["post-2604","page","type-page","status-publish","hentry"],"yoast_head":"<!-- This site is optimized with the Yoast SEO plugin v25.7 - https:\/\/yoast.com\/wordpress\/plugins\/seo\/ -->\n<title>Daniel Borsuk, MD - 4131, rue Sherbrooke Ouest - Montreal QC<\/title>\n<meta name=\"description\" content=\"Cartes et directions vers le bureau d&#039;entra\u00eenement principal de Daniel Borsuk, MD. Situ\u00e9 au 4131, rue Sherbrooke Ouest | Montr\u00e9al Qu\u00e9bec H3Z 1B7\" \/>\n<meta name=\"robots\" content=\"index, follow, max-snippet:-1, max-image-preview:large, max-video-preview:-1\" \/>\n<link rel=\"canonical\" href=\"https:\/\/www.drborsuk.com\/francais\/emplacements\/bureau-principal\/\" \/>\n<meta property=\"og:locale\" content=\"fr_FR\" \/>\n<meta property=\"og:type\" content=\"article\" \/>\n<meta property=\"og:title\" content=\"Daniel Borsuk, MD - 4131, rue Sherbrooke Ouest - Montreal QC\" \/>\n<meta property=\"og:description\" content=\"Cartes et directions vers le bureau d&#039;entra\u00eenement principal de Daniel Borsuk, MD. Situ\u00e9 au 4131, rue Sherbrooke Ouest | Montr\u00e9al Qu\u00e9bec H3Z 1B7\" \/>\n<meta property=\"og:url\" content=\"https:\/\/www.drborsuk.com\/francais\/emplacements\/bureau-principal\/\" \/>\n<meta property=\"og:site_name\" content=\"Borsuk Plastic Surgery\" \/>\n<meta property=\"article:modified_time\" content=\"2025-04-08T05:47:48+00:00\" \/>\n<meta property=\"og:image\" content=\"http:\/\/www.drborsuk.com\/francais\/wp-content\/uploads\/sites\/2\/2024\/09\/map_2684_square_1727289908.jpg\" \/>\n<meta name=\"twitter:card\" content=\"summary_large_image\" \/>\n<meta name=\"twitter:label1\" content=\"Dur\u00e9e de lecture estim\u00e9e\" \/>\n\t<meta name=\"twitter:data1\" content=\"1 minute\" \/>\n<script type=\"application\/ld+json\" class=\"yoast-schema-graph\">{\"@context\":\"https:\/\/schema.org\",\"@graph\":[{\"@type\":\"WebPage\",\"@id\":\"https:\/\/www.drborsuk.com\/francais\/emplacements\/bureau-principal\/\",\"url\":\"https:\/\/www.drborsuk.com\/francais\/emplacements\/bureau-principal\/\",\"name\":\"Daniel Borsuk, MD - 4131, rue Sherbrooke Ouest - Montreal QC\",\"isPartOf\":{\"@id\":\"https:\/\/www.drborsuk.com\/francais\/#website\"},\"primaryImageOfPage\":{\"@id\":\"https:\/\/www.drborsuk.com\/francais\/emplacements\/bureau-principal\/#primaryimage\"},\"image\":{\"@id\":\"https:\/\/www.drborsuk.com\/francais\/emplacements\/bureau-principal\/#primaryimage\"},\"thumbnailUrl\":\"http:\/\/www.drborsuk.com\/francais\/wp-content\/uploads\/sites\/2\/2024\/09\/map_2684_square_1727289908.jpg\",\"datePublished\":\"2024-09-16T14:39:48+00:00\",\"dateModified\":\"2025-04-08T05:47:48+00:00\",\"description\":\"Cartes et directions vers le bureau d'entra\u00eenement principal de Daniel Borsuk, MD. Situ\u00e9 au 4131, rue Sherbrooke Ouest | Montr\u00e9al Qu\u00e9bec H3Z 1B7\",\"breadcrumb\":{\"@id\":\"https:\/\/www.drborsuk.com\/francais\/emplacements\/bureau-principal\/#breadcrumb\"},\"inLanguage\":\"fr-FR\",\"potentialAction\":[{\"@type\":\"ReadAction\",\"target\":[\"https:\/\/www.drborsuk.com\/francais\/emplacements\/bureau-principal\/\"]}]},{\"@type\":\"ImageObject\",\"inLanguage\":\"fr-FR\",\"@id\":\"https:\/\/www.drborsuk.com\/francais\/emplacements\/bureau-principal\/#primaryimage\",\"url\":\"http:\/\/www.drborsuk.com\/francais\/wp-content\/uploads\/sites\/2\/2024\/09\/map_2684_square_1727289908.jpg\",\"contentUrl\":\"http:\/\/www.drborsuk.com\/francais\/wp-content\/uploads\/sites\/2\/2024\/09\/map_2684_square_1727289908.jpg\"},{\"@type\":\"BreadcrumbList\",\"@id\":\"https:\/\/www.drborsuk.com\/francais\/emplacements\/bureau-principal\/#breadcrumb\",\"itemListElement\":[{\"@type\":\"ListItem\",\"position\":1,\"name\":\"Home\",\"item\":\"https:\/\/www.drborsuk.com\/francais\/\"},{\"@type\":\"ListItem\",\"position\":2,\"name\":\"Emplacement\",\"item\":\"https:\/\/www.drborsuk.com\/francais\/emplacements\/\"},{\"@type\":\"ListItem\",\"position\":3,\"name\":\"Bureau Principal\"}]},{\"@type\":\"WebSite\",\"@id\":\"https:\/\/www.drborsuk.com\/francais\/#website\",\"url\":\"https:\/\/www.drborsuk.com\/francais\/\",\"name\":\"Borsuk Plastic Surgery\",\"description\":\"\",\"publisher\":{\"@id\":\"https:\/\/www.drborsuk.com\/francais\/#organization\"},\"potentialAction\":[{\"@type\":\"SearchAction\",\"target\":{\"@type\":\"EntryPoint\",\"urlTemplate\":\"https:\/\/www.drborsuk.com\/francais\/?s={search_term_string}\"},\"query-input\":{\"@type\":\"PropertyValueSpecification\",\"valueRequired\":true,\"valueName\":\"search_term_string\"}}],\"inLanguage\":\"fr-FR\"},{\"@type\":\"Organization\",\"@id\":\"https:\/\/www.drborsuk.com\/francais\/#organization\",\"name\":\"Borsuk Plastic Surgery\",\"url\":\"https:\/\/www.drborsuk.com\/francais\/\",\"logo\":{\"@type\":\"ImageObject\",\"inLanguage\":\"fr-FR\",\"@id\":\"https:\/\/www.drborsuk.com\/francais\/#\/schema\/logo\/image\/\",\"url\":\"https:\/\/www.drborsuk.com\/francais\/wp-content\/uploads\/sites\/2\/2024\/12\/DanielBorsukLogo.svg\",\"contentUrl\":\"https:\/\/www.drborsuk.com\/francais\/wp-content\/uploads\/sites\/2\/2024\/12\/DanielBorsukLogo.svg\",\"caption\":\"Borsuk Plastic Surgery\"},\"image\":{\"@id\":\"https:\/\/www.drborsuk.com\/francais\/#\/schema\/logo\/image\/\"}}]}<\/script>\n<!-- \/ Yoast SEO plugin. -->","yoast_head_json":{"title":"Daniel Borsuk, MD - 4131, rue Sherbrooke Ouest - Montreal QC","description":"Cartes et directions vers le bureau d'entra\u00eenement principal de Daniel Borsuk, MD. Situ\u00e9 au 4131, rue Sherbrooke Ouest | Montr\u00e9al Qu\u00e9bec H3Z 1B7","robots":{"index":"index","follow":"follow","max-snippet":"max-snippet:-1","max-image-preview":"max-image-preview:large","max-video-preview":"max-video-preview:-1"},"canonical":"https:\/\/www.drborsuk.com\/francais\/emplacements\/bureau-principal\/","og_locale":"fr_FR","og_type":"article","og_title":"Daniel Borsuk, MD - 4131, rue Sherbrooke Ouest - Montreal QC","og_description":"Cartes et directions vers le bureau d'entra\u00eenement principal de Daniel Borsuk, MD. Situ\u00e9 au 4131, rue Sherbrooke Ouest | Montr\u00e9al Qu\u00e9bec H3Z 1B7","og_url":"https:\/\/www.drborsuk.com\/francais\/emplacements\/bureau-principal\/","og_site_name":"Borsuk Plastic Surgery","article_modified_time":"2025-04-08T05:47:48+00:00","og_image":[{"url":"http:\/\/www.drborsuk.com\/francais\/wp-content\/uploads\/sites\/2\/2024\/09\/map_2684_square_1727289908.jpg","type":"","width":"","height":""}],"twitter_card":"summary_large_image","twitter_misc":{"Dur\u00e9e de lecture estim\u00e9e":"1 minute"},"schema":{"@context":"https:\/\/schema.org","@graph":[{"@type":"WebPage","@id":"https:\/\/www.drborsuk.com\/francais\/emplacements\/bureau-principal\/","url":"https:\/\/www.drborsuk.com\/francais\/emplacements\/bureau-principal\/","name":"Daniel Borsuk, MD - 4131, rue Sherbrooke Ouest - Montreal QC","isPartOf":{"@id":"https:\/\/www.drborsuk.com\/francais\/#website"},"primaryImageOfPage":{"@id":"https:\/\/www.drborsuk.com\/francais\/emplacements\/bureau-principal\/#primaryimage"},"image":{"@id":"https:\/\/www.drborsuk.com\/francais\/emplacements\/bureau-principal\/#primaryimage"},"thumbnailUrl":"http:\/\/www.drborsuk.com\/francais\/wp-content\/uploads\/sites\/2\/2024\/09\/map_2684_square_1727289908.jpg","datePublished":"2024-09-16T14:39:48+00:00","dateModified":"2025-04-08T05:47:48+00:00","description":"Cartes et directions vers le bureau d'entra\u00eenement principal de Daniel Borsuk, MD. Situ\u00e9 au 4131, rue Sherbrooke Ouest | Montr\u00e9al Qu\u00e9bec H3Z 1B7","breadcrumb":{"@id":"https:\/\/www.drborsuk.com\/francais\/emplacements\/bureau-principal\/#breadcrumb"},"inLanguage":"fr-FR","potentialAction":[{"@type":"ReadAction","target":["https:\/\/www.drborsuk.com\/francais\/emplacements\/bureau-principal\/"]}]},{"@type":"ImageObject","inLanguage":"fr-FR","@id":"https:\/\/www.drborsuk.com\/francais\/emplacements\/bureau-principal\/#primaryimage","url":"http:\/\/www.drborsuk.com\/francais\/wp-content\/uploads\/sites\/2\/2024\/09\/map_2684_square_1727289908.jpg","contentUrl":"http:\/\/www.drborsuk.com\/francais\/wp-content\/uploads\/sites\/2\/2024\/09\/map_2684_square_1727289908.jpg"},{"@type":"BreadcrumbList","@id":"https:\/\/www.drborsuk.com\/francais\/emplacements\/bureau-principal\/#breadcrumb","itemListElement":[{"@type":"ListItem","position":1,"name":"Home","item":"https:\/\/www.drborsuk.com\/francais\/"},{"@type":"ListItem","position":2,"name":"Emplacement","item":"https:\/\/www.drborsuk.com\/francais\/emplacements\/"},{"@type":"ListItem","position":3,"name":"Bureau Principal"}]},{"@type":"WebSite","@id":"https:\/\/www.drborsuk.com\/francais\/#website","url":"https:\/\/www.drborsuk.com\/francais\/","name":"Borsuk Plastic Surgery","description":"","publisher":{"@id":"https:\/\/www.drborsuk.com\/francais\/#organization"},"potentialAction":[{"@type":"SearchAction","target":{"@type":"EntryPoint","urlTemplate":"https:\/\/www.drborsuk.com\/francais\/?s={search_term_string}"},"query-input":{"@type":"PropertyValueSpecification","valueRequired":true,"valueName":"search_term_string"}}],"inLanguage":"fr-FR"},{"@type":"Organization","@id":"https:\/\/www.drborsuk.com\/francais\/#organization","name":"Borsuk Plastic Surgery","url":"https:\/\/www.drborsuk.com\/francais\/","logo":{"@type":"ImageObject","inLanguage":"fr-FR","@id":"https:\/\/www.drborsuk.com\/francais\/#\/schema\/logo\/image\/","url":"https:\/\/www.drborsuk.com\/francais\/wp-content\/uploads\/sites\/2\/2024\/12\/DanielBorsukLogo.svg","contentUrl":"https:\/\/www.drborsuk.com\/francais\/wp-content\/uploads\/sites\/2\/2024\/12\/DanielBorsukLogo.svg","caption":"Borsuk Plastic Surgery"},"image":{"@id":"https:\/\/www.drborsuk.com\/francais\/#\/schema\/logo\/image\/"}}]}},"_links":{"self":[{"href":"https:\/\/www.drborsuk.com\/francais\/wp-json\/wp\/v2\/pages\/2604","targetHints":{"allow":["GET"]}}],"collection":[{"href":"https:\/\/www.drborsuk.com\/francais\/wp-json\/wp\/v2\/pages"}],"about":[{"href":"https:\/\/www.drborsuk.com\/francais\/wp-json\/wp\/v2\/types\/page"}],"author":[{"embeddable":true,"href":"https:\/\/www.drborsuk.com\/francais\/wp-json\/wp\/v2\/users\/2"}],"replies":[{"embeddable":true,"href":"https:\/\/www.drborsuk.com\/francais\/wp-json\/wp\/v2\/comments?post=2604"}],"version-history":[{"count":1,"href":"https:\/\/www.drborsuk.com\/francais\/wp-json\/wp\/v2\/pages\/2604\/revisions"}],"predecessor-version":[{"id":3227,"href":"https:\/\/www.drborsuk.com\/francais\/wp-json\/wp\/v2\/pages\/2604\/revisions\/3227"}],"up":[{"embeddable":true,"href":"https:\/\/www.drborsuk.com\/francais\/wp-json\/wp\/v2\/pages\/2580"}],"wp:attachment":[{"href":"https:\/\/www.drborsuk.com\/francais\/wp-json\/wp\/v2\/media?parent=2604"}],"curies":[{"name":"wp","href":"https:\/\/api.w.org\/{rel}","templated":true}]}}