{"id":2614,"date":"2024-09-16T08:40:09","date_gmt":"2024-09-16T14:40:09","guid":{"rendered":"https:\/\/stg-drborsukcom-development.kinsta.cloud\/francais\/services\/esthetique\/sein\/"},"modified":"2025-04-08T05:49:14","modified_gmt":"2025-04-08T05:49:14","slug":"sein","status":"publish","type":"page","link":"https:\/\/www.drborsuk.com\/francais\/services\/esthetique\/sein\/","title":{"rendered":"Seins"},"content":{"rendered":"\n\n\t\t\t\t<img decoding=\"async\" src=\"http:\/\/www.drborsuk.com\/francais\/wp-content\/uploads\/sites\/2\/2024\/09\/5d7d36319ea48472c1a963b9c6c2b252-1.jpg\" alt=\"5d7d36319ea48472c1a963b9c6c2b252 (1)\" itemprop=\"image\" title=\"5d7d36319ea48472c1a963b9c6c2b252 (1)\" onerror=\"this.style.display='none'\"  \/>\n\t<p>Les femmes peuvent d\u00e9cider de subir une chirurgie plastique pour augmenter ou r\u00e9duire la taille de leur poitrine, pour \u00e9quilibrer la grosseur ou la forme de leurs seins ou pour reconstruire un ou deux seins apr\u00e8s une mastectomie. Les hommes peuvent \u00e9galement d\u00e9sirer de r\u00e9duire la taille de leur poitrine. Peu importe le motif, la chirurgie mammaire est maintenant plus s\u00fbre et plus facile que jamais. Veuillez consulter la liste des services offerts afin de vous aider \u00e0 prendre une d\u00e9cision \u00e9clair\u00e9e et d&#8217;obtenir les meilleurs r\u00e9sultats.<\/p>\n<p>Nous comprenons que les photos avant\/apr\u00e8s sont devenues la norme pour la plupart des sites Internet. Par respect de notre client\u00e8le distingu\u00e9e et par souci de la confidentialit\u00e9 de nos patients, nous pr\u00e9f\u00e9rons ne pas afficher sur ce site, des photos d&#8217;une telle nature. N\u00e9anmoins, il nous fera plaisir de vous montrez notre portfolio \u00e0 notre clinique, lors de votre consultation.<\/p>\n<h2>\n\t\tR\u00e9duction Mammaire\n\t<\/h2>\n\t<p>Une grosse poitrine peut avoir un impact n\u00e9gatif sur une femme, tant sur le plan physique qu&#8217;\u00e9motionnel, et peut engendrer des sympt\u00f4mes dont le mal de dos chorionique, des \u00e9ruptions, une posture inad\u00e9quate, une faible estime de soi et des activit\u00e9s restreintes. Plusieurs femmes cherchent un traitement pour r\u00e9duire les effets douloureux de leur grosse poitrine, tout en am\u00e9liorant leur confiance en soi et leur qualit\u00e9 de la vie en g\u00e9n\u00e9ral. \u00c9galement connu sous le nom de mammoplastie, la r\u00e9duction mammaire est une chirurgie qui consiste \u00e0 r\u00e9duire la taille des seins qui sont disproportionn\u00e9s en enlevant le surplus de gras, de tissu et de peau afin de donner l&#8217;apparence souhait\u00e9e et pour soulager les sympt\u00f4mes physiques et \u00e9motionnels.<\/p>\n<p>Lors d&#8217;une proc\u00e9dure de r\u00e9duction mammaire, le chirurgien fait soit deux incisions circulaires autour du mamelon ou une incision en ancre de bateau qui entoure le mamelon, s&#8217;\u00e9tend vers le bas du sein au long du pli du sein. Le gras et le tissu glandulaire sont enlev\u00e9s tandis que le surplus de peau est resserr\u00e9 pour donner un sein plus petit et naturel. Dans certains cas, il peut \u00eatre n\u00e9cessaire d&#8217;enlever le mamelon et l&#8217;ar\u00e9ole afin de les repositionner plus haut sur le sein. Les r\u00e9sultats d&#8217;une r\u00e9duction mammaire sont visibles imm\u00e9diatement et continueront de s&#8217;am\u00e9liorer lorsque les enflures et ecchymose s&#8217;affaisseront. Les cicatrices continueront de s&#8217;estomper avec le temps en devenant de moins en moins visibles.<\/p>\n<h2>\n\t\tAugmentation Mammaire\n\t<\/h2>\n\t<p>L&#8217;augmentation mammaire est l&#8217;une des proc\u00e9dures en chirurgie esth\u00e9tique le plus fr\u00e9quemment ex\u00e9cut\u00e9e aux \u00c9tats-Unis. En ins\u00e9rant des implants, elle peut donner aux femmes qui ont des petits seins ou des seins de taille in\u00e9gale une apparence plus volumineuse, plus ferme et mieux proportionn\u00e9e. Les femmes peuvent souhaiter une augmentation mammaire pour des raisons m\u00e9dicales ou esth\u00e9tiques diff\u00e9rentes, incluant la n\u00e9cessit\u00e9 d&#8217;\u00e9quilibrer la grosseur des seins ou de compenser la perte de masse mammaire apr\u00e8s une grossesse ou une chirurgie. L&#8217;augmentation mammaire peut \u00eatre jumel\u00e9e avec d&#8217;autres proc\u00e9dures comme un lifting mammaire afin d&#8217;avoir des r\u00e9sultats plus satisfaisants.<\/p>\n<p>Les implants mammaires sont des proth\u00e8ses en silicone qui sont remplies avec soit de l&#8217;eau saline ou du gel silicone coh\u00e9sif. Les proth\u00e8ses sont ins\u00e9r\u00e9es derri\u00e8re chaque sein, sous le tissu mammaire ou le muscle pectoral. La proc\u00e9dure dure entre une \u00e0 deux heures et est habituellement effectu\u00e9e sous anesth\u00e9sie g\u00e9n\u00e9rale. Apr\u00e8s la chirurgie, il est possible d&#8217;augmenter le buste du patient d&#8217;une ou de plusieurs tailles de bonnet.<\/p>\n<h2>\n\t\tLifting des Seins (Mastopexie)\n\t<\/h2>\n\t<p>Les seins d&#8217;une femme peuvent devenir tombants suite au vieillissement, l&#8217;h\u00e9r\u00e9dit\u00e9, la gravit\u00e9, la grossesse, l&#8217;allaitement ou la perte de poids. Un lifting des seins, aussi appel\u00e9 mastopexie, est effectu\u00e9 pour redonner une forme plus rajeunie et pour remonter les seins qui sont tombants ou ayant perdu du volume et leur fermet\u00e9.<\/p>\n<p>Le lifting mammaire donne une apparence rajeunie aux seins en enlevant le surplus de peau et en raffermissant les tissus mous pour obtenir un contour remont\u00e9 et plus jeune. Apr\u00e8s une mastopexie, les seins sont plus remont\u00e9s et plus fermes au toucher. Un lifting des seins peut \u00e9galement repositionner et r\u00e9duire la taille de l&#8217;ar\u00e9ole (peau la plus fonc\u00e9e entourant du mamelon) qui peut s&#8217;\u00eatre \u00e9tir\u00e9e ou affaiss\u00e9e.<\/p>\n<p>Une mastopexie est habituellement effectu\u00e9e en chirurgie de jour, sous anesth\u00e9sie g\u00e9n\u00e9rale et dure de 1 \u00e0 3 heures. La plupart des patients sont imm\u00e9diatement satisfaits avec leur nouvelle poitrine et peuvent habituellement retourner travailler 1 \u00e0 2 semaines suivant la proc\u00e9dure.<\/p>\n<h2>\n\t\tR\u00e9duction Mammaire Masculine\n\t<\/h2>\n\t<p>La gyn\u00e9comastie, c&#8217;est-\u00e0-dire le d\u00e9veloppement trop prononc\u00e9 de la poitrine masculine, affecte environ 40 \u00e0 60 % des hommes. Ceci peut \u00eatre caus\u00e9 par un d\u00e9s\u00e9quilibre hormonal, l&#8217;ob\u00e9sit\u00e9, certains m\u00e9dicaments ou l&#8217;h\u00e9r\u00e9dit\u00e9 et peut affecter un ou les 2 seins.<\/p>\n<p>Les candidats pour une r\u00e9duction mammaire sont des hommes ayant une grosse poitrine ou des seins tombants, ce qui peut les rendre physiquement ou \u00e9motionnellement inconfortable.<\/p>\n<p>La r\u00e9duction mammaire peut \u00eatre effectu\u00e9e sur des hommes dont le d\u00e9veloppement de poitrine est termin\u00e9, qui sont en bonne sant\u00e9 physiquement et \u00e9motionnellement, qui ne fument pas et qui ne font pas d&#8217;embonpoint. Id\u00e9alement, les candidats ont une peau ferme et \u00e9lastique qui se remod\u00e8lera afin de s&#8217;adapter au contour du sein apr\u00e8s la chirurgie. Les patients peuvent habituellement retourner travailler en dedans d&#8217;une semaine.<\/p>\n<p>La r\u00e9duction mammaire masculine est habituellement effectu\u00e9e sous anesth\u00e9sie g\u00e9n\u00e9rale et prend g\u00e9n\u00e9ralement 1 \u00e0 2.5 heures. Elle est effectu\u00e9e soit par liposuccion, par chirurgie ou une combinaison des deux. Des exercices d&#8217;a\u00e9robie l\u00e9gers peuvent \u00eatre effectu\u00e9s apr\u00e8s une semaine, mais des activit\u00e9s vigoureuses devraient \u00eatre \u00e9vit\u00e9es pendant 4 \u00e0 6 semaines.<\/p>\n\n","protected":false},"excerpt":{"rendered":"<p>Les femmes peuvent d\u00e9cider de subir une chirurgie plastique pour augmenter ou r\u00e9duire la taille de leur poitrine, pour \u00e9quilibrer la grosseur ou la forme de leurs seins ou pour reconstruire un ou deux seins apr\u00e8s une mastectomie. Les hommes peuvent \u00e9galement d\u00e9sirer de r\u00e9duire la taille de leur poitrine. Peu importe le motif, la [&hellip;]<\/p>\n","protected":false},"author":2,"featured_media":3018,"parent":2602,"menu_order":0,"comment_status":"closed","ping_status":"closed","template":"","meta":{"site-sidebar-layout":"default","site-content-layout":"","ast-site-content-layout":"default","site-content-style":"default","site-sidebar-style":"default","ast-global-header-display":"","ast-banner-title-visibility":"","ast-main-header-display":"","ast-hfb-above-header-display":"","ast-hfb-below-header-display":"","ast-hfb-mobile-header-display":"","site-post-title":"","ast-breadcrumbs-content":"","ast-featured-img":"","footer-sml-layout":"","theme-transparent-header-meta":"","adv-header-id-meta":"","stick-header-meta":"","header-above-stick-meta":"","header-main-stick-meta":"","header-below-stick-meta":"","astra-migrate-meta-layouts":"set","ast-page-background-enabled":"default","ast-page-background-meta":{"desktop":{"background-color":"","background-image":"","background-repeat":"repeat","background-position":"center center","background-size":"auto","background-attachment":"scroll","background-type":"","background-media":"","overlay-type":"","overlay-color":"","overlay-opacity":"","overlay-gradient":""},"tablet":{"background-color":"","background-image":"","background-repeat":"repeat","background-position":"center center","background-size":"auto","background-attachment":"scroll","background-type":"","background-media":"","overlay-type":"","overlay-color":"","overlay-opacity":"","overlay-gradient":""},"mobile":{"background-color":"","background-image":"","background-repeat":"repeat","background-position":"center center","background-size":"auto","background-attachment":"scroll","background-type":"","background-media":"","overlay-type":"","overlay-color":"","overlay-opacity":"","overlay-gradient":""}},"ast-content-background-meta":{"desktop":{"background-color":"var(--ast-global-color-5)","background-image":"","background-repeat":"repeat","background-position":"center center","background-size":"auto","background-attachment":"scroll","background-type":"","background-media":"","overlay-type":"","overlay-color":"","overlay-opacity":"","overlay-gradient":""},"tablet":{"background-color":"var(--ast-global-color-5)","background-image":"","background-repeat":"repeat","background-position":"center center","background-size":"auto","background-attachment":"scroll","background-type":"","background-media":"","overlay-type":"","overlay-color":"","overlay-opacity":"","overlay-gradient":""},"mobile":{"background-color":"var(--ast-global-color-5)","background-image":"","background-repeat":"repeat","background-position":"center center","background-size":"auto","background-attachment":"scroll","background-type":"","background-media":"","overlay-type":"","overlay-color":"","overlay-opacity":"","overlay-gradient":""}},"footnotes":""},"class_list":["post-2614","page","type-page","status-publish","has-post-thumbnail","hentry"],"yoast_head":"<!-- This site is optimized with the Yoast SEO plugin v25.7 - https:\/\/yoast.com\/wordpress\/plugins\/seo\/ -->\n<title>Implants mammaires Montreal QC - Augmentation mammaire QC<\/title>\n<meta name=\"description\" content=\"Augmentation mammaire Montr\u00e9al - Montr\u00e9al chirurgien plasticien Dr. Daniel Borsuk offre R\u00e9duction mammaire, Augmentation mammaire et lifting des seins.\" \/>\n<meta name=\"robots\" content=\"index, follow, max-snippet:-1, max-image-preview:large, max-video-preview:-1\" \/>\n<link rel=\"canonical\" href=\"https:\/\/www.drborsuk.com\/francais\/services\/esthetique\/sein\/\" \/>\n<meta property=\"og:locale\" content=\"en_US\" \/>\n<meta property=\"og:type\" content=\"article\" \/>\n<meta property=\"og:title\" content=\"Implants mammaires Montreal QC - Augmentation mammaire QC\" \/>\n<meta property=\"og:description\" content=\"Augmentation mammaire Montr\u00e9al - Montr\u00e9al chirurgien plasticien Dr. Daniel Borsuk offre R\u00e9duction mammaire, Augmentation mammaire et lifting des seins.\" \/>\n<meta property=\"og:url\" content=\"https:\/\/www.drborsuk.com\/francais\/services\/esthetique\/sein\/\" \/>\n<meta property=\"og:site_name\" content=\"Borsuk Plastic Surgery\" \/>\n<meta property=\"article:modified_time\" content=\"2025-04-08T05:49:14+00:00\" \/>\n<meta property=\"og:image\" content=\"https:\/\/www.drborsuk.com\/francais\/wp-content\/uploads\/sites\/2\/2024\/12\/iStock-464865716_1.2x.jpg\" \/>\n\t<meta property=\"og:image:width\" content=\"2304\" \/>\n\t<meta property=\"og:image:height\" content=\"540\" \/>\n\t<meta property=\"og:image:type\" content=\"image\/jpeg\" \/>\n<meta name=\"twitter:card\" content=\"summary_large_image\" \/>\n<meta name=\"twitter:label1\" content=\"Est. reading time\" \/>\n\t<meta name=\"twitter:data1\" content=\"5 minutes\" \/>\n<script type=\"application\/ld+json\" class=\"yoast-schema-graph\">{\"@context\":\"https:\/\/schema.org\",\"@graph\":[{\"@type\":\"WebPage\",\"@id\":\"https:\/\/www.drborsuk.com\/francais\/services\/esthetique\/sein\/\",\"url\":\"https:\/\/www.drborsuk.com\/francais\/services\/esthetique\/sein\/\",\"name\":\"Implants mammaires Montreal QC - Augmentation mammaire QC\",\"isPartOf\":{\"@id\":\"https:\/\/www.drborsuk.com\/francais\/#website\"},\"primaryImageOfPage\":{\"@id\":\"https:\/\/www.drborsuk.com\/francais\/services\/esthetique\/sein\/#primaryimage\"},\"image\":{\"@id\":\"https:\/\/www.drborsuk.com\/francais\/services\/esthetique\/sein\/#primaryimage\"},\"thumbnailUrl\":\"https:\/\/www.drborsuk.com\/francais\/wp-content\/uploads\/sites\/2\/2024\/12\/iStock-464865716_1.2x.jpg\",\"datePublished\":\"2024-09-16T14:40:09+00:00\",\"dateModified\":\"2025-04-08T05:49:14+00:00\",\"description\":\"Augmentation mammaire Montr\u00e9al - Montr\u00e9al chirurgien plasticien Dr. Daniel Borsuk offre R\u00e9duction mammaire, Augmentation mammaire et lifting des seins.\",\"breadcrumb\":{\"@id\":\"https:\/\/www.drborsuk.com\/francais\/services\/esthetique\/sein\/#breadcrumb\"},\"inLanguage\":\"en-US\",\"potentialAction\":[{\"@type\":\"ReadAction\",\"target\":[\"https:\/\/www.drborsuk.com\/francais\/services\/esthetique\/sein\/\"]}]},{\"@type\":\"ImageObject\",\"inLanguage\":\"en-US\",\"@id\":\"https:\/\/www.drborsuk.com\/francais\/services\/esthetique\/sein\/#primaryimage\",\"url\":\"https:\/\/www.drborsuk.com\/francais\/wp-content\/uploads\/sites\/2\/2024\/12\/iStock-464865716_1.2x.jpg\",\"contentUrl\":\"https:\/\/www.drborsuk.com\/francais\/wp-content\/uploads\/sites\/2\/2024\/12\/iStock-464865716_1.2x.jpg\",\"width\":2304,\"height\":540,\"caption\":\"iStock 464865716 1.2x\"},{\"@type\":\"BreadcrumbList\",\"@id\":\"https:\/\/www.drborsuk.com\/francais\/services\/esthetique\/sein\/#breadcrumb\",\"itemListElement\":[{\"@type\":\"ListItem\",\"position\":1,\"name\":\"Home\",\"item\":\"https:\/\/www.drborsuk.com\/francais\/\"},{\"@type\":\"ListItem\",\"position\":2,\"name\":\"Services Esth\u00e9tiques\",\"item\":\"https:\/\/www.drborsuk.com\/francais\/services\/\"},{\"@type\":\"ListItem\",\"position\":3,\"name\":\"Esth\u00e9tique\",\"item\":\"https:\/\/www.drborsuk.com\/francais\/services\/esthetique\/\"},{\"@type\":\"ListItem\",\"position\":4,\"name\":\"Seins\"}]},{\"@type\":\"WebSite\",\"@id\":\"https:\/\/www.drborsuk.com\/francais\/#website\",\"url\":\"https:\/\/www.drborsuk.com\/francais\/\",\"name\":\"Borsuk Plastic Surgery\",\"description\":\"\",\"publisher\":{\"@id\":\"https:\/\/www.drborsuk.com\/francais\/#organization\"},\"potentialAction\":[{\"@type\":\"SearchAction\",\"target\":{\"@type\":\"EntryPoint\",\"urlTemplate\":\"https:\/\/www.drborsuk.com\/francais\/?s={search_term_string}\"},\"query-input\":{\"@type\":\"PropertyValueSpecification\",\"valueRequired\":true,\"valueName\":\"search_term_string\"}}],\"inLanguage\":\"en-US\"},{\"@type\":\"Organization\",\"@id\":\"https:\/\/www.drborsuk.com\/francais\/#organization\",\"name\":\"Borsuk Plastic Surgery\",\"url\":\"https:\/\/www.drborsuk.com\/francais\/\",\"logo\":{\"@type\":\"ImageObject\",\"inLanguage\":\"en-US\",\"@id\":\"https:\/\/www.drborsuk.com\/francais\/#\/schema\/logo\/image\/\",\"url\":\"https:\/\/www.drborsuk.com\/francais\/wp-content\/uploads\/sites\/2\/2024\/12\/DanielBorsukLogo.svg\",\"contentUrl\":\"https:\/\/www.drborsuk.com\/francais\/wp-content\/uploads\/sites\/2\/2024\/12\/DanielBorsukLogo.svg\",\"caption\":\"Borsuk Plastic Surgery\"},\"image\":{\"@id\":\"https:\/\/www.drborsuk.com\/francais\/#\/schema\/logo\/image\/\"}}]}<\/script>\n<!-- \/ Yoast SEO plugin. -->","yoast_head_json":{"title":"Implants mammaires Montreal QC - Augmentation mammaire QC","description":"Augmentation mammaire Montr\u00e9al - Montr\u00e9al chirurgien plasticien Dr. Daniel Borsuk offre R\u00e9duction mammaire, Augmentation mammaire et lifting des seins.","robots":{"index":"index","follow":"follow","max-snippet":"max-snippet:-1","max-image-preview":"max-image-preview:large","max-video-preview":"max-video-preview:-1"},"canonical":"https:\/\/www.drborsuk.com\/francais\/services\/esthetique\/sein\/","og_locale":"en_US","og_type":"article","og_title":"Implants mammaires Montreal QC - Augmentation mammaire QC","og_description":"Augmentation mammaire Montr\u00e9al - Montr\u00e9al chirurgien plasticien Dr. Daniel Borsuk offre R\u00e9duction mammaire, Augmentation mammaire et lifting des seins.","og_url":"https:\/\/www.drborsuk.com\/francais\/services\/esthetique\/sein\/","og_site_name":"Borsuk Plastic Surgery","article_modified_time":"2025-04-08T05:49:14+00:00","og_image":[{"width":2304,"height":540,"url":"https:\/\/www.drborsuk.com\/francais\/wp-content\/uploads\/sites\/2\/2024\/12\/iStock-464865716_1.2x.jpg","type":"image\/jpeg"}],"twitter_card":"summary_large_image","twitter_misc":{"Est. reading time":"5 minutes"},"schema":{"@context":"https:\/\/schema.org","@graph":[{"@type":"WebPage","@id":"https:\/\/www.drborsuk.com\/francais\/services\/esthetique\/sein\/","url":"https:\/\/www.drborsuk.com\/francais\/services\/esthetique\/sein\/","name":"Implants mammaires Montreal QC - Augmentation mammaire QC","isPartOf":{"@id":"https:\/\/www.drborsuk.com\/francais\/#website"},"primaryImageOfPage":{"@id":"https:\/\/www.drborsuk.com\/francais\/services\/esthetique\/sein\/#primaryimage"},"image":{"@id":"https:\/\/www.drborsuk.com\/francais\/services\/esthetique\/sein\/#primaryimage"},"thumbnailUrl":"https:\/\/www.drborsuk.com\/francais\/wp-content\/uploads\/sites\/2\/2024\/12\/iStock-464865716_1.2x.jpg","datePublished":"2024-09-16T14:40:09+00:00","dateModified":"2025-04-08T05:49:14+00:00","description":"Augmentation mammaire Montr\u00e9al - Montr\u00e9al chirurgien plasticien Dr. Daniel Borsuk offre R\u00e9duction mammaire, Augmentation mammaire et lifting des seins.","breadcrumb":{"@id":"https:\/\/www.drborsuk.com\/francais\/services\/esthetique\/sein\/#breadcrumb"},"inLanguage":"en-US","potentialAction":[{"@type":"ReadAction","target":["https:\/\/www.drborsuk.com\/francais\/services\/esthetique\/sein\/"]}]},{"@type":"ImageObject","inLanguage":"en-US","@id":"https:\/\/www.drborsuk.com\/francais\/services\/esthetique\/sein\/#primaryimage","url":"https:\/\/www.drborsuk.com\/francais\/wp-content\/uploads\/sites\/2\/2024\/12\/iStock-464865716_1.2x.jpg","contentUrl":"https:\/\/www.drborsuk.com\/francais\/wp-content\/uploads\/sites\/2\/2024\/12\/iStock-464865716_1.2x.jpg","width":2304,"height":540,"caption":"iStock 464865716 1.2x"},{"@type":"BreadcrumbList","@id":"https:\/\/www.drborsuk.com\/francais\/services\/esthetique\/sein\/#breadcrumb","itemListElement":[{"@type":"ListItem","position":1,"name":"Home","item":"https:\/\/www.drborsuk.com\/francais\/"},{"@type":"ListItem","position":2,"name":"Services Esth\u00e9tiques","item":"https:\/\/www.drborsuk.com\/francais\/services\/"},{"@type":"ListItem","position":3,"name":"Esth\u00e9tique","item":"https:\/\/www.drborsuk.com\/francais\/services\/esthetique\/"},{"@type":"ListItem","position":4,"name":"Seins"}]},{"@type":"WebSite","@id":"https:\/\/www.drborsuk.com\/francais\/#website","url":"https:\/\/www.drborsuk.com\/francais\/","name":"Borsuk Plastic Surgery","description":"","publisher":{"@id":"https:\/\/www.drborsuk.com\/francais\/#organization"},"potentialAction":[{"@type":"SearchAction","target":{"@type":"EntryPoint","urlTemplate":"https:\/\/www.drborsuk.com\/francais\/?s={search_term_string}"},"query-input":{"@type":"PropertyValueSpecification","valueRequired":true,"valueName":"search_term_string"}}],"inLanguage":"en-US"},{"@type":"Organization","@id":"https:\/\/www.drborsuk.com\/francais\/#organization","name":"Borsuk Plastic Surgery","url":"https:\/\/www.drborsuk.com\/francais\/","logo":{"@type":"ImageObject","inLanguage":"en-US","@id":"https:\/\/www.drborsuk.com\/francais\/#\/schema\/logo\/image\/","url":"https:\/\/www.drborsuk.com\/francais\/wp-content\/uploads\/sites\/2\/2024\/12\/DanielBorsukLogo.svg","contentUrl":"https:\/\/www.drborsuk.com\/francais\/wp-content\/uploads\/sites\/2\/2024\/12\/DanielBorsukLogo.svg","caption":"Borsuk Plastic Surgery"},"image":{"@id":"https:\/\/www.drborsuk.com\/francais\/#\/schema\/logo\/image\/"}}]}},"_links":{"self":[{"href":"https:\/\/www.drborsuk.com\/francais\/wp-json\/wp\/v2\/pages\/2614","targetHints":{"allow":["GET"]}}],"collection":[{"href":"https:\/\/www.drborsuk.com\/francais\/wp-json\/wp\/v2\/pages"}],"about":[{"href":"https:\/\/www.drborsuk.com\/francais\/wp-json\/wp\/v2\/types\/page"}],"author":[{"embeddable":true,"href":"https:\/\/www.drborsuk.com\/francais\/wp-json\/wp\/v2\/users\/2"}],"replies":[{"embeddable":true,"href":"https:\/\/www.drborsuk.com\/francais\/wp-json\/wp\/v2\/comments?post=2614"}],"version-history":[{"count":1,"href":"https:\/\/www.drborsuk.com\/francais\/wp-json\/wp\/v2\/pages\/2614\/revisions"}],"predecessor-version":[{"id":3172,"href":"https:\/\/www.drborsuk.com\/francais\/wp-json\/wp\/v2\/pages\/2614\/revisions\/3172"}],"up":[{"embeddable":true,"href":"https:\/\/www.drborsuk.com\/francais\/wp-json\/wp\/v2\/pages\/2602"}],"wp:featuredmedia":[{"embeddable":true,"href":"https:\/\/www.drborsuk.com\/francais\/wp-json\/wp\/v2\/media\/3018"}],"wp:attachment":[{"href":"https:\/\/www.drborsuk.com\/francais\/wp-json\/wp\/v2\/media?parent=2614"}],"curies":[{"name":"wp","href":"https:\/\/api.w.org\/{rel}","templated":true}]}}