{"id":2616,"date":"2024-09-16T08:40:13","date_gmt":"2024-09-16T14:40:13","guid":{"rendered":"https:\/\/stg-drborsukcom-development.kinsta.cloud\/francais\/services\/esthetique\/peau\/"},"modified":"2024-12-25T17:08:08","modified_gmt":"2024-12-25T17:08:08","slug":"peau","status":"publish","type":"page","link":"https:\/\/www.drborsuk.com\/francais\/services\/esthetique\/peau\/","title":{"rendered":"Peau"},"content":{"rendered":"\n\n\t\t\t\t<img decoding=\"async\" src=\"http:\/\/www.drborsuk.com\/francais\/wp-content\/uploads\/sites\/2\/2024\/09\/37c24a3158dc6f1aab7f6398e8cf5f70.jpg\" alt=\"37c24a3158dc6f1aab7f6398e8cf5f70\" itemprop=\"image\" title=\"37c24a3158dc6f1aab7f6398e8cf5f70\" onerror=\"this.style.display='none'\"  \/>\n\t<p>Avec l&#8217;\u00e2ge, la peau sur nos mains peut changer autant que la peau sur notre visage, elle devient plus mince, affaiss\u00e9e et les tendons, les veines ainsi que les t\u00e2ches pigmentaires deviennent plus visibles. Heureusement, pour les patients m\u00e9contents avec l&#8217;apparence de leurs mains, il existe plusieurs proc\u00e9dures cosm\u00e9tiques avec invasion r\u00e9duite qui peuvent corriger les signes visibles du vieillissement et vous donner une peau lisse et jeune.<\/p>\n\t<p>Nous comprenons que les photos avant\/apr\u00e8s sont devenues la norme pour la plupart des sites Internet. Par respect de notre client\u00e8le distingu\u00e9e et par souci de la confidentialit\u00e9 de nos patients, nous pr\u00e9f\u00e9rons ne pas afficher sur ce site, des photos d&#8217;une telle nature. N\u00e9anmoins, il nous fera plaisir de vous montrez notre portfolio \u00e0 notre clinique, lors de votre consultation.<\/p>\n<h2>\n\t\tRajeunissement Des Mains\n\t<\/h2>\n\t<p>Le rajeunissement des mains est un traitement de restauration qui combine les remplisseurs dermiques tels Sculptra\u00ae et Radiesse\u00ae avec des traitements au laser comme Fraxel\u00ae afin de remplacer le volume perdu et d&#8217;am\u00e9liorer l&#8217;apparence globale de vos mains. Des techniques chirurgicales peuvent \u00e9galement \u00eatre utilis\u00e9es pour enlever des kystes ou d&#8217;autres l\u00e9sions inoffensives peu attrayantes qui peuvent se d\u00e9velopper sur les mains. Votre m\u00e9decin d\u00e9veloppera un plan de traitement personnalis\u00e9 pour chaque patient selon leurs r\u00e9sultats d\u00e9sir\u00e9s.<\/p>\n<p>Pour la plupart des patients, il est habituellement possible d&#8217;obtenir les r\u00e9sultats d\u00e9sir\u00e9s apr\u00e8s deux ou trois sessions, espac\u00e9es entre 6 semaines. Les traitements au laser fonctionnent avec les remplisseurs injectables afin d&#8217;am\u00e9liorer la texture de la peau et faire disparaitre les t\u00e2ches caus\u00e9es par le soleil et d&#8217;autres imperfections non d\u00e9sir\u00e9es. Une s\u00e9rie de 4 traitements au laser, espac\u00e9s d&#8217;un mois peut aider les patients \u00e0 voir des r\u00e9sultats significatifs.<\/p>\n<p>Nos services de rajeunissement des mains prennent de 30 minutes \u00e0 2 heures selon la technique utilis\u00e9e et le traitement exig\u00e9. Les patients peuvent retourner \u00e0 la maison peu de temps apr\u00e8s la proc\u00e9dure.<\/p>\n<h2>\n\t\tTraitement De Pigmentation Au Laser Vbeam\n\t<\/h2>\n\t<p>Le Vbeam est un laser \u00e0 colorant puls\u00e9 qui \u00e9met des impulsions lumineuses et utilise un colorant pour g\u00e9n\u00e9rer des rayons de couleurs diff\u00e9rentes. La lumi\u00e8re \u00e9mise par le Vbeam est absorb\u00e9e par l&#8217;h\u00e9moglobine, la prot\u00e9ine pr\u00e9sente dans les globules rouges des vaisseaux, att\u00e9nuant ainsi la rougeur dans la r\u00e9gion trait\u00e9e. \u00a0Comme on fait appel au laser Vbeam pour traiter les vaisseaux sanguins dilat\u00e9s, on le qualifie parfois de laser vasculaire.<\/p>\n<p>La rosac\u00e9e, les points rouges (angiomes rubis), les veines-araign\u00e9es, les vaisseaux sanguins bris\u00e9s, les taches de vin (angiomes plans), les taches de naissance, les l\u00e9sions vasculaires et m\u00eame certaines cicatrices \u00a0sont des troubles cutan\u00e9s qui peuvent tous trait\u00e9s au laser Vbeam. Une s\u00e9ries de traitements aux 3-4 semaines sont faites au bureau par nos infirmi\u00e8res pour aider \u00e0 att\u00e9nuer ces probl\u00e8mes de la peau. Dr. Borsuk sugg\u00e8re le V-beam \u00e0 nos patients post-op\u00e8ratoires pour aider\/acc\u00e9l\u00e9rer la gu\u00e9rison des cicatrices.<\/p>\n\n","protected":false},"excerpt":{"rendered":"<p>Avec l&#8217;\u00e2ge, la peau sur nos mains peut changer autant que la peau sur notre visage, elle devient plus mince, affaiss\u00e9e et les tendons, les veines ainsi que les t\u00e2ches pigmentaires deviennent plus visibles. Heureusement, pour les patients m\u00e9contents avec l&#8217;apparence de leurs mains, il existe plusieurs proc\u00e9dures cosm\u00e9tiques avec invasion r\u00e9duite qui peuvent corriger [&hellip;]<\/p>\n","protected":false},"author":2,"featured_media":0,"parent":2602,"menu_order":0,"comment_status":"closed","ping_status":"closed","template":"","meta":{"site-sidebar-layout":"default","site-content-layout":"","ast-site-content-layout":"default","site-content-style":"default","site-sidebar-style":"default","ast-global-header-display":"","ast-banner-title-visibility":"","ast-main-header-display":"","ast-hfb-above-header-display":"","ast-hfb-below-header-display":"","ast-hfb-mobile-header-display":"","site-post-title":"","ast-breadcrumbs-content":"","ast-featured-img":"","footer-sml-layout":"","theme-transparent-header-meta":"","adv-header-id-meta":"","stick-header-meta":"","header-above-stick-meta":"","header-main-stick-meta":"","header-below-stick-meta":"","astra-migrate-meta-layouts":"set","ast-page-background-enabled":"default","ast-page-background-meta":{"desktop":{"background-color":"","background-image":"","background-repeat":"repeat","background-position":"center center","background-size":"auto","background-attachment":"scroll","background-type":"","background-media":"","overlay-type":"","overlay-color":"","overlay-opacity":"","overlay-gradient":""},"tablet":{"background-color":"","background-image":"","background-repeat":"repeat","background-position":"center center","background-size":"auto","background-attachment":"scroll","background-type":"","background-media":"","overlay-type":"","overlay-color":"","overlay-opacity":"","overlay-gradient":""},"mobile":{"background-color":"","background-image":"","background-repeat":"repeat","background-position":"center center","background-size":"auto","background-attachment":"scroll","background-type":"","background-media":"","overlay-type":"","overlay-color":"","overlay-opacity":"","overlay-gradient":""}},"ast-content-background-meta":{"desktop":{"background-color":"var(--ast-global-color-5)","background-image":"","background-repeat":"repeat","background-position":"center center","background-size":"auto","background-attachment":"scroll","background-type":"","background-media":"","overlay-type":"","overlay-color":"","overlay-opacity":"","overlay-gradient":""},"tablet":{"background-color":"var(--ast-global-color-5)","background-image":"","background-repeat":"repeat","background-position":"center center","background-size":"auto","background-attachment":"scroll","background-type":"","background-media":"","overlay-type":"","overlay-color":"","overlay-opacity":"","overlay-gradient":""},"mobile":{"background-color":"var(--ast-global-color-5)","background-image":"","background-repeat":"repeat","background-position":"center center","background-size":"auto","background-attachment":"scroll","background-type":"","background-media":"","overlay-type":"","overlay-color":"","overlay-opacity":"","overlay-gradient":""}},"footnotes":""},"class_list":["post-2616","page","type-page","status-publish","hentry"],"yoast_head":"<!-- This site is optimized with the Yoast SEO plugin v25.7 - https:\/\/yoast.com\/wordpress\/plugins\/seo\/ -->\n<title>Peau rajeunissement | Radiesse Montr\u00e9al<\/title>\n<meta name=\"description\" content=\"Rajeunissement de la peau Montr\u00e9al - Dr Daniel Borsuk offre rajeunissement de la peau et Radiesse. Nos pratiques desservent Montr\u00e9al et les environs.\" \/>\n<meta name=\"robots\" content=\"index, follow, max-snippet:-1, max-image-preview:large, max-video-preview:-1\" \/>\n<link rel=\"canonical\" href=\"https:\/\/www.drborsuk.com\/francais\/services\/esthetique\/peau\/\" \/>\n<meta property=\"og:locale\" content=\"en_US\" \/>\n<meta property=\"og:type\" content=\"article\" \/>\n<meta property=\"og:title\" content=\"Peau rajeunissement | Radiesse Montr\u00e9al\" \/>\n<meta property=\"og:description\" content=\"Rajeunissement de la peau Montr\u00e9al - Dr Daniel Borsuk offre rajeunissement de la peau et Radiesse. Nos pratiques desservent Montr\u00e9al et les environs.\" \/>\n<meta property=\"og:url\" content=\"https:\/\/www.drborsuk.com\/francais\/services\/esthetique\/peau\/\" \/>\n<meta property=\"og:site_name\" content=\"Borsuk Plastic Surgery\" \/>\n<meta property=\"article:modified_time\" content=\"2024-12-25T17:08:08+00:00\" \/>\n<meta property=\"og:image\" content=\"http:\/\/www.drborsuk.com\/francais\/wp-content\/uploads\/sites\/2\/2024\/09\/37c24a3158dc6f1aab7f6398e8cf5f70.jpg\" \/>\n<meta name=\"twitter:card\" content=\"summary_large_image\" \/>\n<meta name=\"twitter:label1\" content=\"Est. reading time\" \/>\n\t<meta name=\"twitter:data1\" content=\"3 minutes\" \/>\n<script type=\"application\/ld+json\" class=\"yoast-schema-graph\">{\"@context\":\"https:\/\/schema.org\",\"@graph\":[{\"@type\":\"WebPage\",\"@id\":\"https:\/\/www.drborsuk.com\/francais\/services\/esthetique\/peau\/\",\"url\":\"https:\/\/www.drborsuk.com\/francais\/services\/esthetique\/peau\/\",\"name\":\"Peau rajeunissement | Radiesse Montr\u00e9al\",\"isPartOf\":{\"@id\":\"https:\/\/www.drborsuk.com\/francais\/#website\"},\"primaryImageOfPage\":{\"@id\":\"https:\/\/www.drborsuk.com\/francais\/services\/esthetique\/peau\/#primaryimage\"},\"image\":{\"@id\":\"https:\/\/www.drborsuk.com\/francais\/services\/esthetique\/peau\/#primaryimage\"},\"thumbnailUrl\":\"http:\/\/www.drborsuk.com\/francais\/wp-content\/uploads\/sites\/2\/2024\/09\/37c24a3158dc6f1aab7f6398e8cf5f70.jpg\",\"datePublished\":\"2024-09-16T14:40:13+00:00\",\"dateModified\":\"2024-12-25T17:08:08+00:00\",\"description\":\"Rajeunissement de la peau Montr\u00e9al - Dr Daniel Borsuk offre rajeunissement de la peau et Radiesse. Nos pratiques desservent Montr\u00e9al et les environs.\",\"breadcrumb\":{\"@id\":\"https:\/\/www.drborsuk.com\/francais\/services\/esthetique\/peau\/#breadcrumb\"},\"inLanguage\":\"en-US\",\"potentialAction\":[{\"@type\":\"ReadAction\",\"target\":[\"https:\/\/www.drborsuk.com\/francais\/services\/esthetique\/peau\/\"]}]},{\"@type\":\"ImageObject\",\"inLanguage\":\"en-US\",\"@id\":\"https:\/\/www.drborsuk.com\/francais\/services\/esthetique\/peau\/#primaryimage\",\"url\":\"http:\/\/www.drborsuk.com\/francais\/wp-content\/uploads\/sites\/2\/2024\/09\/37c24a3158dc6f1aab7f6398e8cf5f70.jpg\",\"contentUrl\":\"http:\/\/www.drborsuk.com\/francais\/wp-content\/uploads\/sites\/2\/2024\/09\/37c24a3158dc6f1aab7f6398e8cf5f70.jpg\"},{\"@type\":\"BreadcrumbList\",\"@id\":\"https:\/\/www.drborsuk.com\/francais\/services\/esthetique\/peau\/#breadcrumb\",\"itemListElement\":[{\"@type\":\"ListItem\",\"position\":1,\"name\":\"Home\",\"item\":\"https:\/\/www.drborsuk.com\/francais\/\"},{\"@type\":\"ListItem\",\"position\":2,\"name\":\"Services Esth\u00e9tiques\",\"item\":\"https:\/\/www.drborsuk.com\/francais\/services\/\"},{\"@type\":\"ListItem\",\"position\":3,\"name\":\"Esth\u00e9tique\",\"item\":\"https:\/\/www.drborsuk.com\/francais\/services\/esthetique\/\"},{\"@type\":\"ListItem\",\"position\":4,\"name\":\"Peau\"}]},{\"@type\":\"WebSite\",\"@id\":\"https:\/\/www.drborsuk.com\/francais\/#website\",\"url\":\"https:\/\/www.drborsuk.com\/francais\/\",\"name\":\"Borsuk Plastic Surgery\",\"description\":\"\",\"publisher\":{\"@id\":\"https:\/\/www.drborsuk.com\/francais\/#organization\"},\"potentialAction\":[{\"@type\":\"SearchAction\",\"target\":{\"@type\":\"EntryPoint\",\"urlTemplate\":\"https:\/\/www.drborsuk.com\/francais\/?s={search_term_string}\"},\"query-input\":{\"@type\":\"PropertyValueSpecification\",\"valueRequired\":true,\"valueName\":\"search_term_string\"}}],\"inLanguage\":\"en-US\"},{\"@type\":\"Organization\",\"@id\":\"https:\/\/www.drborsuk.com\/francais\/#organization\",\"name\":\"Borsuk Plastic Surgery\",\"url\":\"https:\/\/www.drborsuk.com\/francais\/\",\"logo\":{\"@type\":\"ImageObject\",\"inLanguage\":\"en-US\",\"@id\":\"https:\/\/www.drborsuk.com\/francais\/#\/schema\/logo\/image\/\",\"url\":\"https:\/\/www.drborsuk.com\/francais\/wp-content\/uploads\/sites\/2\/2024\/12\/DanielBorsukLogo.svg\",\"contentUrl\":\"https:\/\/www.drborsuk.com\/francais\/wp-content\/uploads\/sites\/2\/2024\/12\/DanielBorsukLogo.svg\",\"caption\":\"Borsuk Plastic Surgery\"},\"image\":{\"@id\":\"https:\/\/www.drborsuk.com\/francais\/#\/schema\/logo\/image\/\"}}]}<\/script>\n<!-- \/ Yoast SEO plugin. -->","yoast_head_json":{"title":"Peau rajeunissement | Radiesse Montr\u00e9al","description":"Rajeunissement de la peau Montr\u00e9al - Dr Daniel Borsuk offre rajeunissement de la peau et Radiesse. Nos pratiques desservent Montr\u00e9al et les environs.","robots":{"index":"index","follow":"follow","max-snippet":"max-snippet:-1","max-image-preview":"max-image-preview:large","max-video-preview":"max-video-preview:-1"},"canonical":"https:\/\/www.drborsuk.com\/francais\/services\/esthetique\/peau\/","og_locale":"en_US","og_type":"article","og_title":"Peau rajeunissement | Radiesse Montr\u00e9al","og_description":"Rajeunissement de la peau Montr\u00e9al - Dr Daniel Borsuk offre rajeunissement de la peau et Radiesse. Nos pratiques desservent Montr\u00e9al et les environs.","og_url":"https:\/\/www.drborsuk.com\/francais\/services\/esthetique\/peau\/","og_site_name":"Borsuk Plastic Surgery","article_modified_time":"2024-12-25T17:08:08+00:00","og_image":[{"url":"http:\/\/www.drborsuk.com\/francais\/wp-content\/uploads\/sites\/2\/2024\/09\/37c24a3158dc6f1aab7f6398e8cf5f70.jpg","type":"","width":"","height":""}],"twitter_card":"summary_large_image","twitter_misc":{"Est. reading time":"3 minutes"},"schema":{"@context":"https:\/\/schema.org","@graph":[{"@type":"WebPage","@id":"https:\/\/www.drborsuk.com\/francais\/services\/esthetique\/peau\/","url":"https:\/\/www.drborsuk.com\/francais\/services\/esthetique\/peau\/","name":"Peau rajeunissement | Radiesse Montr\u00e9al","isPartOf":{"@id":"https:\/\/www.drborsuk.com\/francais\/#website"},"primaryImageOfPage":{"@id":"https:\/\/www.drborsuk.com\/francais\/services\/esthetique\/peau\/#primaryimage"},"image":{"@id":"https:\/\/www.drborsuk.com\/francais\/services\/esthetique\/peau\/#primaryimage"},"thumbnailUrl":"http:\/\/www.drborsuk.com\/francais\/wp-content\/uploads\/sites\/2\/2024\/09\/37c24a3158dc6f1aab7f6398e8cf5f70.jpg","datePublished":"2024-09-16T14:40:13+00:00","dateModified":"2024-12-25T17:08:08+00:00","description":"Rajeunissement de la peau Montr\u00e9al - Dr Daniel Borsuk offre rajeunissement de la peau et Radiesse. Nos pratiques desservent Montr\u00e9al et les environs.","breadcrumb":{"@id":"https:\/\/www.drborsuk.com\/francais\/services\/esthetique\/peau\/#breadcrumb"},"inLanguage":"en-US","potentialAction":[{"@type":"ReadAction","target":["https:\/\/www.drborsuk.com\/francais\/services\/esthetique\/peau\/"]}]},{"@type":"ImageObject","inLanguage":"en-US","@id":"https:\/\/www.drborsuk.com\/francais\/services\/esthetique\/peau\/#primaryimage","url":"http:\/\/www.drborsuk.com\/francais\/wp-content\/uploads\/sites\/2\/2024\/09\/37c24a3158dc6f1aab7f6398e8cf5f70.jpg","contentUrl":"http:\/\/www.drborsuk.com\/francais\/wp-content\/uploads\/sites\/2\/2024\/09\/37c24a3158dc6f1aab7f6398e8cf5f70.jpg"},{"@type":"BreadcrumbList","@id":"https:\/\/www.drborsuk.com\/francais\/services\/esthetique\/peau\/#breadcrumb","itemListElement":[{"@type":"ListItem","position":1,"name":"Home","item":"https:\/\/www.drborsuk.com\/francais\/"},{"@type":"ListItem","position":2,"name":"Services Esth\u00e9tiques","item":"https:\/\/www.drborsuk.com\/francais\/services\/"},{"@type":"ListItem","position":3,"name":"Esth\u00e9tique","item":"https:\/\/www.drborsuk.com\/francais\/services\/esthetique\/"},{"@type":"ListItem","position":4,"name":"Peau"}]},{"@type":"WebSite","@id":"https:\/\/www.drborsuk.com\/francais\/#website","url":"https:\/\/www.drborsuk.com\/francais\/","name":"Borsuk Plastic Surgery","description":"","publisher":{"@id":"https:\/\/www.drborsuk.com\/francais\/#organization"},"potentialAction":[{"@type":"SearchAction","target":{"@type":"EntryPoint","urlTemplate":"https:\/\/www.drborsuk.com\/francais\/?s={search_term_string}"},"query-input":{"@type":"PropertyValueSpecification","valueRequired":true,"valueName":"search_term_string"}}],"inLanguage":"en-US"},{"@type":"Organization","@id":"https:\/\/www.drborsuk.com\/francais\/#organization","name":"Borsuk Plastic Surgery","url":"https:\/\/www.drborsuk.com\/francais\/","logo":{"@type":"ImageObject","inLanguage":"en-US","@id":"https:\/\/www.drborsuk.com\/francais\/#\/schema\/logo\/image\/","url":"https:\/\/www.drborsuk.com\/francais\/wp-content\/uploads\/sites\/2\/2024\/12\/DanielBorsukLogo.svg","contentUrl":"https:\/\/www.drborsuk.com\/francais\/wp-content\/uploads\/sites\/2\/2024\/12\/DanielBorsukLogo.svg","caption":"Borsuk Plastic Surgery"},"image":{"@id":"https:\/\/www.drborsuk.com\/francais\/#\/schema\/logo\/image\/"}}]}},"_links":{"self":[{"href":"https:\/\/www.drborsuk.com\/francais\/wp-json\/wp\/v2\/pages\/2616","targetHints":{"allow":["GET"]}}],"collection":[{"href":"https:\/\/www.drborsuk.com\/francais\/wp-json\/wp\/v2\/pages"}],"about":[{"href":"https:\/\/www.drborsuk.com\/francais\/wp-json\/wp\/v2\/types\/page"}],"author":[{"embeddable":true,"href":"https:\/\/www.drborsuk.com\/francais\/wp-json\/wp\/v2\/users\/2"}],"replies":[{"embeddable":true,"href":"https:\/\/www.drborsuk.com\/francais\/wp-json\/wp\/v2\/comments?post=2616"}],"version-history":[{"count":0,"href":"https:\/\/www.drborsuk.com\/francais\/wp-json\/wp\/v2\/pages\/2616\/revisions"}],"up":[{"embeddable":true,"href":"https:\/\/www.drborsuk.com\/francais\/wp-json\/wp\/v2\/pages\/2602"}],"wp:attachment":[{"href":"https:\/\/www.drborsuk.com\/francais\/wp-json\/wp\/v2\/media?parent=2616"}],"curies":[{"name":"wp","href":"https:\/\/api.w.org\/{rel}","templated":true}]}}