{"id":2620,"date":"2024-09-16T08:40:23","date_gmt":"2024-09-16T14:40:23","guid":{"rendered":"https:\/\/stg-drborsukcom-development.kinsta.cloud\/francais\/services\/pediatrique\/chirurgie-de-la-machoire\/"},"modified":"2025-04-08T05:46:36","modified_gmt":"2025-04-08T05:46:36","slug":"chirurgie-de-la-machoire","status":"publish","type":"page","link":"https:\/\/www.drborsuk.com\/francais\/services\/esthetique\/chirurgie-de-la-machoire\/","title":{"rendered":"Chirurgie De La M\u00e2choire"},"content":{"rendered":"\n<h2>\n\t\tVisage\n\t<\/h2>\n\t<p>La chirurgie esth\u00e9tique faciale est une excellente fa\u00e7on de non seulement changer votre apparence, mais aussi d&#8217;augmenter votre estime de soi et de vous faire para\u00eetre aussi jeune que vous vous sentez. Que ce soit pour sculpter un trait du visage, pour lisser les rides, raffermir la peau ou pour corriger un probl\u00e8me, de nombreuses proc\u00e9dures existent vous permettant de r\u00e9aliser ce dont vous d\u00e9sirez. Toute chirurgie ex\u00e9cut\u00e9e est bas\u00e9e sur un plan de traitement personnalis\u00e9 con\u00e7u pour combler les besoins particuliers de tous nos patients.<\/p>\n<h2>\n\t\tChirurgie De La M\u00e2choire (Chirurgie Orthognatique)\n\t<\/h2>\n\t<p>La chirurgie orthognatique implique de corriger les m\u00e2choires qui ne se rejoignent pas ad\u00e9quatement ou les dents qui sont mal align\u00e9es. Dans la majorit\u00e9 des cas, les dents sont redress\u00e9es ou align\u00e9es correctement en orthodontie avant que la chirurgie orthognatique puisse \u00eatre ex\u00e9cut\u00e9e afin de repositionner les m\u00e2choires mal align\u00e9es. Ceci am\u00e9liore non seulement l&#8217;apparence du visage, mais assure que les dents se rejoignent et fonctionnent ad\u00e9quatement. La chirurgie orthognatique permet de repositionner les dents et les os faciaux afin de cr\u00e9er une m\u00e2choire qui fonctionne ad\u00e9quatement et de donner une apparence plus \u00e9quilibr\u00e9e. Les technologies de pointe, incluant les rayons X et l&#8217;imagerie informatique, permettent au patient de voir les r\u00e9sultats projet\u00e9s avant m\u00eame que la chirurgie soit ex\u00e9cut\u00e9e.<\/p>\n<p>Des injections de comblements peuvent etre aussi utilise soit seules ou en combinaison avec la chirurgie.<\/p>\n<h2>\n\t\tAugmentation Du Menton\n\t<\/h2>\n\t<p>Bien que plusieurs personnes ne remarquent pas, avoir un petit menton peut significativement affecter l&#8217;apparence du visage en faisant para\u00eetre votre nez plus gros et votre cou plus rel\u00e2ch\u00e9. Une augmentation du menton est souvent effectu\u00e9e pour donner une apparence plus harmonieuse au visage et pour cr\u00e9er un menton plus prononc\u00e9, soit plus large ou plus long selon les buts personnels de chaque patient. Aussi connu sous le nom de mentoplastie, l&#8217;augmentation du menton est souvent ex\u00e9cut\u00e9e en conjonction avec une rhinoplastie ou d&#8217;autres proc\u00e9dures pour le visage afin de rehausser la beaut\u00e9 du r\u00e9sultat final.<\/p>\n<p>Lors de la proc\u00e9dure, un implant fait en silicone, ou d&#8217;un autre mat\u00e9riel doux et flexible, est ins\u00e9r\u00e9 \u00e0 travers une petite incision sous le menton. L&#8217;implant peut \u00eatre plac\u00e9 dans une poche ou \u00eatre ancr\u00e9 \u00e0 l&#8217;os avec des vis pour des r\u00e9sultats de longue dur\u00e9e. Cette proc\u00e9dure prend habituellement 30 minutes, les patients peuvent g\u00e9n\u00e9ralement retourner au travail et reprendre leurs activit\u00e9s r\u00e9guli\u00e8res le jour suivant. L&#8217;augmentation du menton est une intervention s\u00e9curitaire avec peu de risques, ceux-ci peuvent \u00eatre r\u00e9duits davantage en choisissant un chirurgien exp\u00e9riment\u00e9 pour ex\u00e9cuter votre proc\u00e9dure.<\/p>\n<h2>\n\t\tAugmentation Des Joues\n\t<\/h2>\n\t<p>L&#8217;augmentation des joues est une chirurgie esth\u00e9tique permettant de remodeler la topographie faciale du patient. Cette proc\u00e9dure est g\u00e9n\u00e9ralement combin\u00e9e avec des chirurgies esth\u00e9tiques semblables, comme un lifting facial ou une augmentation du menton, car les implants peuvent \u00eatre ins\u00e9r\u00e9s \u00e0 travers les incisions pour ces chirurgies. Ceci peut \u00eatre une intervention chirurgicale non urgente, une solution \u00e0 une difformit\u00e9 ou \u00e0 un accident qui a d\u00e9figur\u00e9 le visage.<\/p>\n<p>G\u00e9n\u00e9ralement, les incisions se font \u00e0 l&#8217;int\u00e9rieur de la zone sup\u00e9rieure de la bouche au bord de la gencive. Par apr\u00e8s, des implants en silicone durcie ou en poly\u00e9thyl\u00e8ne sont ins\u00e9r\u00e9s et gliss\u00e9s dans la bonne position. Ceux-ci sont normalement model\u00e9s afin de reposer directement sur l&#8217;os, le chirurgien n&#8217;a donc pas besoin de s\u00e9curiser les implants par des points de sutures ou des agrafes. L&#8217;incision peut \u00e9galement se faire sous l&#8217;\u0153il, ce qui r\u00e9duit le risque d&#8217;infection. La majorit\u00e9 des patients optent pour l&#8217;approche intra orale puisqu&#8217;elle ne laisse aucune cicatrice visible.<\/p>\n<p>Des injections de comblements peuvent etre aussi utilise soit seules ou en combinaison avec la chirurgie.<\/p>\n<h2>\n\t\tRajeunissement Du Visage Sans Chirurgie\n\t<\/h2>\n\t<p>Avec le temps, notre peau change suite au vieillissement, aux effets nocifs du soleil ainsi que plusieurs autres facteurs, ce qui occasionne des rides, des t\u00e2ches pigment\u00e9es et des cicatrices \u00e0 se d\u00e9velopper sur nos visages. Plusieurs patients qui sont malheureux avec ces changements tentent de faire des traitements cosm\u00e9tiques afin de restaurer leur apparence et pour maintenir un beau visage d&#8217;apparence plus jeune.<\/p>\n<p>Ces traitements sans chirurgie am\u00e9liorent l&#8217;apparence de la peau de fa\u00e7on s\u00e9curitaire et efficace, et ce en permettant aux patients de se ressembler. Il existe diff\u00e9rents traitements disponibles pour aider \u00e0 corriger ou am\u00e9liorer ces changements au visage et pour permettre aux patients de r\u00e9tablir une apparence rafra\u00eechie, plus jeune qui refl\u00e8te la fa\u00e7on qu&#8217;ils se sentent envers eux-m\u00eames. Plusieurs patients choisissent de jumeler une ou plusieurs options de rajeunissement ou de combiner leur traitement avec une proc\u00e9dure en chirurgie plastique comme un lifting facial ou lifting des sourcils afin de maximiser les r\u00e9sultats.<\/p>\n<h2>\n\t\tComblements Dermiques Que Nous Offrons\n\t<\/h2>\n\t<p>Les injections intradermiques d&#8217;acide Hyaluronique (substance naturelle pr\u00e9sente dans tous les organismes vivants) peuvent estomper les lignes d&#8217;expression, les rides, les irr\u00e9gularit\u00e9s du derme, ainsi que les cicatrices et les d\u00e9pressions cutan\u00e9es. Dr. Borsuk utilise differentes marques de produits disponibles sur le march\u00e9 (RestylaneMD, TeosyalMD, BeloteroMD, Juv\u00e9dermMD, RevanesseMD), en choisissant les diff\u00e9rents produits pour traiter, au mieux, les diff\u00e9rentes r\u00e9gions du visage. Les r\u00e9gions les plus commun\u00e9ment trait\u00e9es sont les lignes autour du nez et de la bouche, les l\u00e8vres, de m\u00eame que les joues et le menton pour redensifier et red\u00e9finir. Dr. Borsuk peut \u00e9galement utiliser les produits de comblement pour effectuer des rhinoplasties non chirurgicales afin de corriger les l\u00e9g\u00e8res bosses sur le nez. Les r\u00e9sultats perdurent habituellement de 6 \u00e0 18 mois, d\u00e9pendamment de chaque individu ainsi que du type de comblement utilis\u00e9. Le traitement peut \u00eatre r\u00e9p\u00e9t\u00e9 afin de maintenir les r\u00e9sultats d\u00e9sir\u00e9s.<\/p>\n<h2>\n\t\tInjection De Neuromodulateurs (Botox\u00ae)\n\t<\/h2>\n\t<p>La toxine Botulique de type A est un neuromodulateur que l&#8217;on retrouve dans les produits comme Botox Cosmetic\u00ae, Dysport et Xeomin. Les neuromodulateurs sont utilis\u00e9s pour r\u00e9duire les signes de l&#8217;\u00e2ge. Botox Cosmetic\u00ae est particuli\u00e8rement utilis\u00e9 en dermatologie pour rajeunir la peau et r\u00e9duire l&#8217;apparence des lignes d&#8217;expression. Les r\u00e9gions trait\u00e9es les plus populaires sont les sillons glabellaires (lignes de lion), les pattes d&#8217;oies, les lignes au-dessus des l\u00e8vres (rides du fumeur) et les lignes horizontales du front. Botox Cosmetic\u00ae peut \u00e9galement \u00eatre utilis\u00e9 pour diminuer les rides au niveau du cou et du nez ainsi que qu&#8217;au long de la ligne de la m\u00e2choire pour d\u00e9finir et remodeler cette derni\u00e8re. Le nombre d&#8217;unit\u00e9s utilis\u00e9es peut d\u00e9terminer un r\u00e9sultat plus subtil ou plus remarquable, tout d\u00e9pendant du r\u00e9sultat d\u00e9sir\u00e9. Dr. Borsuk favorise toujours des r\u00e9sultats subtiles et naturels afin de donner aux patients une apparence repos\u00e9e et d\u00e9tendue sans l&#8217;aspect fig\u00e9. Les traitements sont aussi populaires aupr\u00e8s des hommes que des femmes puisqu&#8217;ils requi\u00e8rent tr\u00e8s peu de temps de gu\u00e9rison. Les r\u00e9sultats et les r\u00e9gions trait\u00e9es varient d&#8217;un patient \u00e0 l&#8217;autre, mais une p\u00e9riode de 4 \u00e0 6 mois est en g\u00e9n\u00e9ral, le temps n\u00e9cessaire, avant d&#8217;avoir \u00e0 r\u00e9p\u00e9ter le traitement.<\/p>\n<h2>\n\t\tRajeunissement De La Peau Au Laser\n\t<\/h2>\n\t<p>Le rajeunissement de la peau au laser peut impliquer d&#8217;utiliser la lumi\u00e8re intense puls\u00e9e (IPL), la th\u00e9rapie photodynamique (TPD) ou le resurfa\u00e7age ablatif par laser afin de r\u00e9duire les signes de vieillissement et d&#8217;am\u00e9liorer l&#8217;apparence g\u00e9n\u00e9rale de la peau. Les traitements au laser stimulent la production de collag\u00e8ne pour des r\u00e9sultats esth\u00e9tiques am\u00e9lior\u00e9s. Les patients ont souvent besoin de plusieurs sessions afin d&#8217;arriver aux r\u00e9sultats d\u00e9sir\u00e9s, mais ce traitement peut enlever les t\u00e2ches de vieillissement et d&#8217;autres t\u00e2ches ind\u00e9sirables sur la peau. Ceci est plus s\u00fbr et moins invasif que des proc\u00e9dures de resurfa\u00e7age traditionnelles.<\/p>\n\t<a href=\"\/francais\/services\/esthetique\/lifting-du-visage\/\" target=\"_self\" role=\"button\" rel=\"noopener\">\n\t\t<button>\n\t\t\t\t\t\t\t\t\tPrevious\t\t\t\t\t\t\t\t<\/button>\n\t<\/a>\n\n","protected":false},"excerpt":{"rendered":"<p>Visage La chirurgie esth\u00e9tique faciale est une excellente fa\u00e7on de non seulement changer votre apparence, mais aussi d&#8217;augmenter votre estime de soi et de vous faire para\u00eetre aussi jeune que vous vous sentez. Que ce soit pour sculpter un trait du visage, pour lisser les rides, raffermir la peau ou pour corriger un probl\u00e8me, de [&hellip;]<\/p>\n","protected":false},"author":2,"featured_media":3024,"parent":2602,"menu_order":0,"comment_status":"closed","ping_status":"closed","template":"","meta":{"site-sidebar-layout":"default","site-content-layout":"","ast-site-content-layout":"default","site-content-style":"default","site-sidebar-style":"default","ast-global-header-display":"","ast-banner-title-visibility":"","ast-main-header-display":"","ast-hfb-above-header-display":"","ast-hfb-below-header-display":"","ast-hfb-mobile-header-display":"","site-post-title":"","ast-breadcrumbs-content":"","ast-featured-img":"","footer-sml-layout":"","theme-transparent-header-meta":"","adv-header-id-meta":"","stick-header-meta":"","header-above-stick-meta":"","header-main-stick-meta":"","header-below-stick-meta":"","astra-migrate-meta-layouts":"set","ast-page-background-enabled":"default","ast-page-background-meta":{"desktop":{"background-color":"","background-image":"","background-repeat":"repeat","background-position":"center center","background-size":"auto","background-attachment":"scroll","background-type":"","background-media":"","overlay-type":"","overlay-color":"","overlay-opacity":"","overlay-gradient":""},"tablet":{"background-color":"","background-image":"","background-repeat":"repeat","background-position":"center center","background-size":"auto","background-attachment":"scroll","background-type":"","background-media":"","overlay-type":"","overlay-color":"","overlay-opacity":"","overlay-gradient":""},"mobile":{"background-color":"","background-image":"","background-repeat":"repeat","background-position":"center center","background-size":"auto","background-attachment":"scroll","background-type":"","background-media":"","overlay-type":"","overlay-color":"","overlay-opacity":"","overlay-gradient":""}},"ast-content-background-meta":{"desktop":{"background-color":"var(--ast-global-color-5)","background-image":"","background-repeat":"repeat","background-position":"center center","background-size":"auto","background-attachment":"scroll","background-type":"","background-media":"","overlay-type":"","overlay-color":"","overlay-opacity":"","overlay-gradient":""},"tablet":{"background-color":"var(--ast-global-color-5)","background-image":"","background-repeat":"repeat","background-position":"center center","background-size":"auto","background-attachment":"scroll","background-type":"","background-media":"","overlay-type":"","overlay-color":"","overlay-opacity":"","overlay-gradient":""},"mobile":{"background-color":"var(--ast-global-color-5)","background-image":"","background-repeat":"repeat","background-position":"center center","background-size":"auto","background-attachment":"scroll","background-type":"","background-media":"","overlay-type":"","overlay-color":"","overlay-opacity":"","overlay-gradient":""}},"footnotes":""},"class_list":["post-2620","page","type-page","status-publish","has-post-thumbnail","hentry"],"yoast_head":"<!-- This site is optimized with the Yoast SEO plugin v25.7 - https:\/\/yoast.com\/wordpress\/plugins\/seo\/ -->\n<title>Chirurgie de la m\u00e2choire - Rajeunissement du visage Montreal QC<\/title>\n<meta name=\"description\" content=\"BOTOX Montr\u00e9al - Le Dr Daniel Borsuk offre la chirurgie de la mandibule, le rajeunissement du visage et le BOTOX \u00e0 Montr\u00e9al et dans les environs.\" \/>\n<meta name=\"robots\" content=\"index, follow, max-snippet:-1, max-image-preview:large, max-video-preview:-1\" \/>\n<link rel=\"canonical\" href=\"https:\/\/www.drborsuk.com\/francais\/services\/esthetique\/chirurgie-de-la-machoire\/\" \/>\n<meta property=\"og:locale\" content=\"en_US\" \/>\n<meta property=\"og:type\" content=\"article\" \/>\n<meta property=\"og:title\" content=\"Chirurgie de la m\u00e2choire - Rajeunissement du visage Montreal QC\" \/>\n<meta property=\"og:description\" content=\"BOTOX Montr\u00e9al - Le Dr Daniel Borsuk offre la chirurgie de la mandibule, le rajeunissement du visage et le BOTOX \u00e0 Montr\u00e9al et dans les environs.\" \/>\n<meta property=\"og:url\" content=\"https:\/\/www.drborsuk.com\/francais\/services\/esthetique\/chirurgie-de-la-machoire\/\" \/>\n<meta property=\"og:site_name\" content=\"Borsuk Plastic Surgery\" \/>\n<meta property=\"article:modified_time\" content=\"2025-04-08T05:46:36+00:00\" \/>\n<meta property=\"og:image\" content=\"https:\/\/www.drborsuk.com\/francais\/wp-content\/uploads\/sites\/2\/2024\/12\/iStock-1688921505-rev_1.2x.jpg\" \/>\n\t<meta property=\"og:image:width\" content=\"2304\" \/>\n\t<meta property=\"og:image:height\" content=\"540\" \/>\n\t<meta property=\"og:image:type\" content=\"image\/jpeg\" \/>\n<meta name=\"twitter:card\" content=\"summary_large_image\" \/>\n<meta name=\"twitter:label1\" content=\"Est. reading time\" \/>\n\t<meta name=\"twitter:data1\" content=\"6 minutes\" \/>\n<script type=\"application\/ld+json\" class=\"yoast-schema-graph\">{\"@context\":\"https:\/\/schema.org\",\"@graph\":[{\"@type\":\"WebPage\",\"@id\":\"https:\/\/www.drborsuk.com\/francais\/services\/esthetique\/chirurgie-de-la-machoire\/\",\"url\":\"https:\/\/www.drborsuk.com\/francais\/services\/esthetique\/chirurgie-de-la-machoire\/\",\"name\":\"Chirurgie de la m\u00e2choire - Rajeunissement du visage Montreal QC\",\"isPartOf\":{\"@id\":\"https:\/\/www.drborsuk.com\/francais\/#website\"},\"primaryImageOfPage\":{\"@id\":\"https:\/\/www.drborsuk.com\/francais\/services\/esthetique\/chirurgie-de-la-machoire\/#primaryimage\"},\"image\":{\"@id\":\"https:\/\/www.drborsuk.com\/francais\/services\/esthetique\/chirurgie-de-la-machoire\/#primaryimage\"},\"thumbnailUrl\":\"https:\/\/www.drborsuk.com\/francais\/wp-content\/uploads\/sites\/2\/2024\/12\/iStock-1688921505-rev_1.2x.jpg\",\"datePublished\":\"2024-09-16T14:40:23+00:00\",\"dateModified\":\"2025-04-08T05:46:36+00:00\",\"description\":\"BOTOX Montr\u00e9al - Le Dr Daniel Borsuk offre la chirurgie de la mandibule, le rajeunissement du visage et le BOTOX \u00e0 Montr\u00e9al et dans les environs.\",\"breadcrumb\":{\"@id\":\"https:\/\/www.drborsuk.com\/francais\/services\/esthetique\/chirurgie-de-la-machoire\/#breadcrumb\"},\"inLanguage\":\"en-US\",\"potentialAction\":[{\"@type\":\"ReadAction\",\"target\":[\"https:\/\/www.drborsuk.com\/francais\/services\/esthetique\/chirurgie-de-la-machoire\/\"]}]},{\"@type\":\"ImageObject\",\"inLanguage\":\"en-US\",\"@id\":\"https:\/\/www.drborsuk.com\/francais\/services\/esthetique\/chirurgie-de-la-machoire\/#primaryimage\",\"url\":\"https:\/\/www.drborsuk.com\/francais\/wp-content\/uploads\/sites\/2\/2024\/12\/iStock-1688921505-rev_1.2x.jpg\",\"contentUrl\":\"https:\/\/www.drborsuk.com\/francais\/wp-content\/uploads\/sites\/2\/2024\/12\/iStock-1688921505-rev_1.2x.jpg\",\"width\":2304,\"height\":540,\"caption\":\"iStock 1688921505 rev 1.2x\"},{\"@type\":\"BreadcrumbList\",\"@id\":\"https:\/\/www.drborsuk.com\/francais\/services\/esthetique\/chirurgie-de-la-machoire\/#breadcrumb\",\"itemListElement\":[{\"@type\":\"ListItem\",\"position\":1,\"name\":\"Home\",\"item\":\"https:\/\/www.drborsuk.com\/francais\/\"},{\"@type\":\"ListItem\",\"position\":2,\"name\":\"Services Esth\u00e9tiques\",\"item\":\"https:\/\/www.drborsuk.com\/francais\/services\/\"},{\"@type\":\"ListItem\",\"position\":3,\"name\":\"Esth\u00e9tique\",\"item\":\"https:\/\/www.drborsuk.com\/francais\/services\/esthetique\/\"},{\"@type\":\"ListItem\",\"position\":4,\"name\":\"Chirurgie De La M\u00e2choire\"}]},{\"@type\":\"WebSite\",\"@id\":\"https:\/\/www.drborsuk.com\/francais\/#website\",\"url\":\"https:\/\/www.drborsuk.com\/francais\/\",\"name\":\"Borsuk Plastic Surgery\",\"description\":\"\",\"publisher\":{\"@id\":\"https:\/\/www.drborsuk.com\/francais\/#organization\"},\"potentialAction\":[{\"@type\":\"SearchAction\",\"target\":{\"@type\":\"EntryPoint\",\"urlTemplate\":\"https:\/\/www.drborsuk.com\/francais\/?s={search_term_string}\"},\"query-input\":{\"@type\":\"PropertyValueSpecification\",\"valueRequired\":true,\"valueName\":\"search_term_string\"}}],\"inLanguage\":\"en-US\"},{\"@type\":\"Organization\",\"@id\":\"https:\/\/www.drborsuk.com\/francais\/#organization\",\"name\":\"Borsuk Plastic Surgery\",\"url\":\"https:\/\/www.drborsuk.com\/francais\/\",\"logo\":{\"@type\":\"ImageObject\",\"inLanguage\":\"en-US\",\"@id\":\"https:\/\/www.drborsuk.com\/francais\/#\/schema\/logo\/image\/\",\"url\":\"https:\/\/www.drborsuk.com\/francais\/wp-content\/uploads\/sites\/2\/2024\/12\/DanielBorsukLogo.svg\",\"contentUrl\":\"https:\/\/www.drborsuk.com\/francais\/wp-content\/uploads\/sites\/2\/2024\/12\/DanielBorsukLogo.svg\",\"caption\":\"Borsuk Plastic Surgery\"},\"image\":{\"@id\":\"https:\/\/www.drborsuk.com\/francais\/#\/schema\/logo\/image\/\"}}]}<\/script>\n<!-- \/ Yoast SEO plugin. -->","yoast_head_json":{"title":"Chirurgie de la m\u00e2choire - Rajeunissement du visage Montreal QC","description":"BOTOX Montr\u00e9al - Le Dr Daniel Borsuk offre la chirurgie de la mandibule, le rajeunissement du visage et le BOTOX \u00e0 Montr\u00e9al et dans les environs.","robots":{"index":"index","follow":"follow","max-snippet":"max-snippet:-1","max-image-preview":"max-image-preview:large","max-video-preview":"max-video-preview:-1"},"canonical":"https:\/\/www.drborsuk.com\/francais\/services\/esthetique\/chirurgie-de-la-machoire\/","og_locale":"en_US","og_type":"article","og_title":"Chirurgie de la m\u00e2choire - Rajeunissement du visage Montreal QC","og_description":"BOTOX Montr\u00e9al - Le Dr Daniel Borsuk offre la chirurgie de la mandibule, le rajeunissement du visage et le BOTOX \u00e0 Montr\u00e9al et dans les environs.","og_url":"https:\/\/www.drborsuk.com\/francais\/services\/esthetique\/chirurgie-de-la-machoire\/","og_site_name":"Borsuk Plastic Surgery","article_modified_time":"2025-04-08T05:46:36+00:00","og_image":[{"width":2304,"height":540,"url":"https:\/\/www.drborsuk.com\/francais\/wp-content\/uploads\/sites\/2\/2024\/12\/iStock-1688921505-rev_1.2x.jpg","type":"image\/jpeg"}],"twitter_card":"summary_large_image","twitter_misc":{"Est. reading time":"6 minutes"},"schema":{"@context":"https:\/\/schema.org","@graph":[{"@type":"WebPage","@id":"https:\/\/www.drborsuk.com\/francais\/services\/esthetique\/chirurgie-de-la-machoire\/","url":"https:\/\/www.drborsuk.com\/francais\/services\/esthetique\/chirurgie-de-la-machoire\/","name":"Chirurgie de la m\u00e2choire - Rajeunissement du visage Montreal QC","isPartOf":{"@id":"https:\/\/www.drborsuk.com\/francais\/#website"},"primaryImageOfPage":{"@id":"https:\/\/www.drborsuk.com\/francais\/services\/esthetique\/chirurgie-de-la-machoire\/#primaryimage"},"image":{"@id":"https:\/\/www.drborsuk.com\/francais\/services\/esthetique\/chirurgie-de-la-machoire\/#primaryimage"},"thumbnailUrl":"https:\/\/www.drborsuk.com\/francais\/wp-content\/uploads\/sites\/2\/2024\/12\/iStock-1688921505-rev_1.2x.jpg","datePublished":"2024-09-16T14:40:23+00:00","dateModified":"2025-04-08T05:46:36+00:00","description":"BOTOX Montr\u00e9al - Le Dr Daniel Borsuk offre la chirurgie de la mandibule, le rajeunissement du visage et le BOTOX \u00e0 Montr\u00e9al et dans les environs.","breadcrumb":{"@id":"https:\/\/www.drborsuk.com\/francais\/services\/esthetique\/chirurgie-de-la-machoire\/#breadcrumb"},"inLanguage":"en-US","potentialAction":[{"@type":"ReadAction","target":["https:\/\/www.drborsuk.com\/francais\/services\/esthetique\/chirurgie-de-la-machoire\/"]}]},{"@type":"ImageObject","inLanguage":"en-US","@id":"https:\/\/www.drborsuk.com\/francais\/services\/esthetique\/chirurgie-de-la-machoire\/#primaryimage","url":"https:\/\/www.drborsuk.com\/francais\/wp-content\/uploads\/sites\/2\/2024\/12\/iStock-1688921505-rev_1.2x.jpg","contentUrl":"https:\/\/www.drborsuk.com\/francais\/wp-content\/uploads\/sites\/2\/2024\/12\/iStock-1688921505-rev_1.2x.jpg","width":2304,"height":540,"caption":"iStock 1688921505 rev 1.2x"},{"@type":"BreadcrumbList","@id":"https:\/\/www.drborsuk.com\/francais\/services\/esthetique\/chirurgie-de-la-machoire\/#breadcrumb","itemListElement":[{"@type":"ListItem","position":1,"name":"Home","item":"https:\/\/www.drborsuk.com\/francais\/"},{"@type":"ListItem","position":2,"name":"Services Esth\u00e9tiques","item":"https:\/\/www.drborsuk.com\/francais\/services\/"},{"@type":"ListItem","position":3,"name":"Esth\u00e9tique","item":"https:\/\/www.drborsuk.com\/francais\/services\/esthetique\/"},{"@type":"ListItem","position":4,"name":"Chirurgie De La M\u00e2choire"}]},{"@type":"WebSite","@id":"https:\/\/www.drborsuk.com\/francais\/#website","url":"https:\/\/www.drborsuk.com\/francais\/","name":"Borsuk Plastic Surgery","description":"","publisher":{"@id":"https:\/\/www.drborsuk.com\/francais\/#organization"},"potentialAction":[{"@type":"SearchAction","target":{"@type":"EntryPoint","urlTemplate":"https:\/\/www.drborsuk.com\/francais\/?s={search_term_string}"},"query-input":{"@type":"PropertyValueSpecification","valueRequired":true,"valueName":"search_term_string"}}],"inLanguage":"en-US"},{"@type":"Organization","@id":"https:\/\/www.drborsuk.com\/francais\/#organization","name":"Borsuk Plastic Surgery","url":"https:\/\/www.drborsuk.com\/francais\/","logo":{"@type":"ImageObject","inLanguage":"en-US","@id":"https:\/\/www.drborsuk.com\/francais\/#\/schema\/logo\/image\/","url":"https:\/\/www.drborsuk.com\/francais\/wp-content\/uploads\/sites\/2\/2024\/12\/DanielBorsukLogo.svg","contentUrl":"https:\/\/www.drborsuk.com\/francais\/wp-content\/uploads\/sites\/2\/2024\/12\/DanielBorsukLogo.svg","caption":"Borsuk Plastic Surgery"},"image":{"@id":"https:\/\/www.drborsuk.com\/francais\/#\/schema\/logo\/image\/"}}]}},"_links":{"self":[{"href":"https:\/\/www.drborsuk.com\/francais\/wp-json\/wp\/v2\/pages\/2620","targetHints":{"allow":["GET"]}}],"collection":[{"href":"https:\/\/www.drborsuk.com\/francais\/wp-json\/wp\/v2\/pages"}],"about":[{"href":"https:\/\/www.drborsuk.com\/francais\/wp-json\/wp\/v2\/types\/page"}],"author":[{"embeddable":true,"href":"https:\/\/www.drborsuk.com\/francais\/wp-json\/wp\/v2\/users\/2"}],"replies":[{"embeddable":true,"href":"https:\/\/www.drborsuk.com\/francais\/wp-json\/wp\/v2\/comments?post=2620"}],"version-history":[{"count":1,"href":"https:\/\/www.drborsuk.com\/francais\/wp-json\/wp\/v2\/pages\/2620\/revisions"}],"predecessor-version":[{"id":3171,"href":"https:\/\/www.drborsuk.com\/francais\/wp-json\/wp\/v2\/pages\/2620\/revisions\/3171"}],"up":[{"embeddable":true,"href":"https:\/\/www.drborsuk.com\/francais\/wp-json\/wp\/v2\/pages\/2602"}],"wp:featuredmedia":[{"embeddable":true,"href":"https:\/\/www.drborsuk.com\/francais\/wp-json\/wp\/v2\/media\/3024"}],"wp:attachment":[{"href":"https:\/\/www.drborsuk.com\/francais\/wp-json\/wp\/v2\/media?parent=2620"}],"curies":[{"name":"wp","href":"https:\/\/api.w.org\/{rel}","templated":true}]}}