{"id":2622,"date":"2024-09-16T08:40:27","date_gmt":"2024-09-16T14:40:27","guid":{"rendered":"https:\/\/stg-drborsukcom-development.kinsta.cloud\/francais\/services\/pediatrique\/chirurgie-des-oreilles\/"},"modified":"2024-12-25T17:09:06","modified_gmt":"2024-12-25T17:09:06","slug":"chirurgie-des-oreilles","status":"publish","type":"page","link":"https:\/\/www.drborsuk.com\/francais\/services\/pediatrique\/chirurgie-des-oreilles\/","title":{"rendered":"Chirurgie Des Oreilles"},"content":{"rendered":"\n\n\t\t\t\t<img decoding=\"async\" src=\"http:\/\/www.drborsuk.com\/francais\/wp-content\/uploads\/sites\/2\/2024\/09\/b3796044ee37a151332a6233a85a9799.jpg\" alt=\"b3796044ee37a151332a6233a85a9799\" itemprop=\"image\" title=\"b3796044ee37a151332a6233a85a9799\" onerror=\"this.style.display='none'\"  \/>\n\t<p>L&#8217;otoplastie est une proc\u00e9dure esth\u00e9tique qui vise \u00e0 am\u00e9liorer l&#8217;apparence des oreilles d&#8217;une personne. Bien que l&#8217;otoplastie n&#8217;affecte pas l&#8217;audition, elle peut fournir d&#8217;importants bienfaits psychologiques. L&#8217;otoplastie est g\u00e9n\u00e9ralement effectu\u00e9e pour rapprocher les oreilles trop pro\u00e9minentes de la t\u00eate, ce qu&#8217;on appelle le recollement des oreilles, ou pour r\u00e9duire la taille des oreilles anormalement trop grandes. La chirurgie des oreilles peut \u00e9galement \u00eatre utile pour reconstruire les oreilles anormalement trop petites ou pour corriger les oreilles qui ont \u00e9t\u00e9 endommag\u00e9es par des blessures.<\/p>\n<h2>\n\t\tOtoplastie\n\t<\/h2>\n\t<p>L&#8217;otoplastie (chirurgie des oreilles) est une proc\u00e9dure esth\u00e9tique qui vise \u00e0 am\u00e9liorer l&#8217;apparence des oreilles. L&#8217;otoplastie n&#8217;affecte pas l&#8217;audition et elle fournit d&#8217;importants bienfaits psychologiques \u00e0 toute personne qui se fait taquiner au sujet de la taille de leurs oreilles et\/ou forme, qui a eu une blessure grave ou qui veut tout simplement am\u00e9liorer son apparence. L&#8217;otoplastie est g\u00e9n\u00e9ralement effectu\u00e9e pour rapprocher les oreilles d\u00e9coll\u00e9es de la t\u00eate (recollement des oreilles) ou pour r\u00e9duire la taille des oreilles trop grandes. L&#8217;otoplastie peut \u00e9galement \u00eatre utile pour r\u00e9parer les anomalies suivantes:<\/p>\n<ul>\n<li>Malformations<\/li>\n<li>Oreilles en chou-fleur (qui r\u00e9sulte du trauma r\u00e9p\u00e9t\u00e9)<\/li>\n<li>Lobes d&#8217;oreilles trop grands, \u00e9tir\u00e9s ou d\u00e9chir\u00e9s<\/li>\n<li>Lobes d&#8217;oreilles avec de gros plis ou rides<\/li>\n<li>Microtie (petite oreille mal form\u00e9e)<\/li>\n<\/ul>\n<p>De nouvelles oreilles ou des parties d&#8217;oreilles peuvent \u00eatre constitu\u00e9es pour les patients qui n&#8217;en ont pas en raison d&#8217;anomalies cong\u00e9nitales, de blessures graves ou de cancers de la peau.<\/p>\n<h2>\n\t\tCandidats Pour L&#8217;otoplastie\n\t<\/h2>\n\t<p>De gens de tout \u00e2ge complex\u00e9s par leurs oreilles peuvent \u00eatre de bons candidats pour l&#8217;otoplastie, quoiqu&#8217;elle soit g\u00e9n\u00e9ralement effectu\u00e9e sur des enfants entre 4 et 14 ans. Les oreilles sont presque enti\u00e8rement d\u00e9velopp\u00e9es \u00e0 l&#8217;\u00e2ge de 4 ans, donc une chirurgie \u00e0 un jeune \u00e2ge peut aider \u00e0 d\u00e9velopper une confiance en soi lorsque l&#8217;enfant d\u00e9bute l&#8217;\u00e9cole. L&#8217;otoplastie n&#8217;est pas pour tous; le patient doit \u00eatre en bonne sant\u00e9 g\u00e9n\u00e9rale et avoir des attentes r\u00e9alistes de ce qu&#8217;elle peut faire.<\/p>\n<h2>\n\t\tD\u00e9roulement De L&#8217;otoplastie\n\t<\/h2>\n\t<p>L&#8217;otoplastie prend g\u00e9n\u00e9ralement 2 \u00e0 3 heures et est effectu\u00e9e en consultation externe. Le type d&#8217;anesth\u00e9sie utilis\u00e9e d\u00e9pend de l&#8217;\u00e2ge du patient; l&#8217;anesth\u00e9sie g\u00e9n\u00e9rale est recommand\u00e9e pour de tr\u00e8s jeunes patients et l&#8217;anesth\u00e9sie locale sous s\u00e9dation pour les enfants plus \u00e2g\u00e9s et adultes.<\/p>\n<p>L&#8217;otoplastie d\u00e9bute par une petite incision dans le pli naturel situ\u00e9 derri\u00e8re l&#8217;oreille. Le cartilage est ensuite model\u00e9 et pli\u00e9 pour atteindre l&#8217;apparence d\u00e9sir\u00e9e. Dans certains types d&#8217;otoplastie la peau est enlev\u00e9e, mais le cartilage est laiss\u00e9 en un morceau et simplement repli\u00e9 sur lui-m\u00eame afin de cr\u00e9er une oreille moins pro\u00e9minente.<\/p>\n<p>Apr\u00e8s avoir model\u00e9 le cartilage \u00e0 la forme d\u00e9sir\u00e9e, des points de sutures et un bandage seront utilis\u00e9s pour tenir l&#8217;oreille en place jusqu&#8217;\u00e0 ce que la gu\u00e9rison soit compl\u00e8te.<\/p>\n<h2>\n\t\tTemps De R\u00e9tablissement Suite \u00c0 L&#8217;otoplastie\n\t<\/h2>\n\t<p>Bien que les oreilles puissent \u00eatre douloureuses pendant plusieurs jours, le patient se sentira normal quelques heures suivant la chirurgie. Des m\u00e9dicaments seront prescrits pour aider \u00e0 soulager tout inconfort. Quelques jours suivant l&#8217;otoplastie, les bandages autour de la t\u00eate seront remplac\u00e9s par un pansement qui sera port\u00e9 pendant environ une semaine, au moment o\u00f9 les points de sutures seront enlev\u00e9s. Les patients ayant subi une otoplastie doivent \u00e9viter de dormir sur leurs c\u00f4t\u00e9s pendant les 2 premi\u00e8res semaines apr\u00e8s la chirurgie. La majorit\u00e9 des patients peuvent retourner \u00e0 leurs activit\u00e9s quotidiennes environ 1 semaine apr\u00e8s l&#8217;otoplastie.<\/p>\n<p>Apr\u00e8s gu\u00e9rison compl\u00e8te, on aper\u00e7oit habituellement de l\u00e9g\u00e8res cicatrices situ\u00e9es derri\u00e8res les oreilles. Celles-ci s&#8217;estompent avec le temps et gr\u00e2ce au placement strat\u00e9gique, elles sont pratiquement invisibles.<\/p>\n\n","protected":false},"excerpt":{"rendered":"<p>L&#8217;otoplastie est une proc\u00e9dure esth\u00e9tique qui vise \u00e0 am\u00e9liorer l&#8217;apparence des oreilles d&#8217;une personne. Bien que l&#8217;otoplastie n&#8217;affecte pas l&#8217;audition, elle peut fournir d&#8217;importants bienfaits psychologiques. L&#8217;otoplastie est g\u00e9n\u00e9ralement effectu\u00e9e pour rapprocher les oreilles trop pro\u00e9minentes de la t\u00eate, ce qu&#8217;on appelle le recollement des oreilles, ou pour r\u00e9duire la taille des oreilles anormalement trop [&hellip;]<\/p>\n","protected":false},"author":2,"featured_media":0,"parent":2608,"menu_order":0,"comment_status":"closed","ping_status":"closed","template":"","meta":{"site-sidebar-layout":"default","site-content-layout":"","ast-site-content-layout":"default","site-content-style":"default","site-sidebar-style":"default","ast-global-header-display":"","ast-banner-title-visibility":"","ast-main-header-display":"","ast-hfb-above-header-display":"","ast-hfb-below-header-display":"","ast-hfb-mobile-header-display":"","site-post-title":"","ast-breadcrumbs-content":"","ast-featured-img":"","footer-sml-layout":"","theme-transparent-header-meta":"","adv-header-id-meta":"","stick-header-meta":"","header-above-stick-meta":"","header-main-stick-meta":"","header-below-stick-meta":"","astra-migrate-meta-layouts":"set","ast-page-background-enabled":"default","ast-page-background-meta":{"desktop":{"background-color":"","background-image":"","background-repeat":"repeat","background-position":"center center","background-size":"auto","background-attachment":"scroll","background-type":"","background-media":"","overlay-type":"","overlay-color":"","overlay-opacity":"","overlay-gradient":""},"tablet":{"background-color":"","background-image":"","background-repeat":"repeat","background-position":"center center","background-size":"auto","background-attachment":"scroll","background-type":"","background-media":"","overlay-type":"","overlay-color":"","overlay-opacity":"","overlay-gradient":""},"mobile":{"background-color":"","background-image":"","background-repeat":"repeat","background-position":"center center","background-size":"auto","background-attachment":"scroll","background-type":"","background-media":"","overlay-type":"","overlay-color":"","overlay-opacity":"","overlay-gradient":""}},"ast-content-background-meta":{"desktop":{"background-color":"var(--ast-global-color-5)","background-image":"","background-repeat":"repeat","background-position":"center center","background-size":"auto","background-attachment":"scroll","background-type":"","background-media":"","overlay-type":"","overlay-color":"","overlay-opacity":"","overlay-gradient":""},"tablet":{"background-color":"var(--ast-global-color-5)","background-image":"","background-repeat":"repeat","background-position":"center center","background-size":"auto","background-attachment":"scroll","background-type":"","background-media":"","overlay-type":"","overlay-color":"","overlay-opacity":"","overlay-gradient":""},"mobile":{"background-color":"var(--ast-global-color-5)","background-image":"","background-repeat":"repeat","background-position":"center center","background-size":"auto","background-attachment":"scroll","background-type":"","background-media":"","overlay-type":"","overlay-color":"","overlay-opacity":"","overlay-gradient":""}},"footnotes":""},"class_list":["post-2622","page","type-page","status-publish","hentry"],"yoast_head":"<!-- This site is optimized with the Yoast SEO plugin v25.7 - https:\/\/yoast.com\/wordpress\/plugins\/seo\/ -->\n<title>Chirurgie de l&#039;oreille p\u00e9diatrique Montr\u00e9al<\/title>\n<meta name=\"description\" content=\"Chirurgie auriculaire p\u00e9diatrique Montr\u00e9al - Dr Daniel Borsuk offre la chirurgie auriculaire p\u00e9diatrique. Nos pratiques desservent Montr\u00e9al et les environs.\" \/>\n<meta name=\"robots\" content=\"index, follow, max-snippet:-1, max-image-preview:large, max-video-preview:-1\" \/>\n<link rel=\"canonical\" href=\"https:\/\/www.drborsuk.com\/francais\/services\/pediatrique\/chirurgie-des-oreilles\/\" \/>\n<meta property=\"og:locale\" content=\"en_US\" \/>\n<meta property=\"og:type\" content=\"article\" \/>\n<meta property=\"og:title\" content=\"Chirurgie de l&#039;oreille p\u00e9diatrique Montr\u00e9al\" \/>\n<meta property=\"og:description\" content=\"Chirurgie auriculaire p\u00e9diatrique Montr\u00e9al - Dr Daniel Borsuk offre la chirurgie auriculaire p\u00e9diatrique. Nos pratiques desservent Montr\u00e9al et les environs.\" \/>\n<meta property=\"og:url\" content=\"https:\/\/www.drborsuk.com\/francais\/services\/pediatrique\/chirurgie-des-oreilles\/\" \/>\n<meta property=\"og:site_name\" content=\"Borsuk Plastic Surgery\" \/>\n<meta property=\"article:modified_time\" content=\"2024-12-25T17:09:06+00:00\" \/>\n<meta property=\"og:image\" content=\"http:\/\/www.drborsuk.com\/francais\/wp-content\/uploads\/sites\/2\/2024\/09\/b3796044ee37a151332a6233a85a9799.jpg\" \/>\n<meta name=\"twitter:card\" content=\"summary_large_image\" \/>\n<meta name=\"twitter:label1\" content=\"Est. reading time\" \/>\n\t<meta name=\"twitter:data1\" content=\"3 minutes\" \/>\n<script type=\"application\/ld+json\" class=\"yoast-schema-graph\">{\"@context\":\"https:\/\/schema.org\",\"@graph\":[{\"@type\":\"WebPage\",\"@id\":\"https:\/\/www.drborsuk.com\/francais\/services\/pediatrique\/chirurgie-des-oreilles\/\",\"url\":\"https:\/\/www.drborsuk.com\/francais\/services\/pediatrique\/chirurgie-des-oreilles\/\",\"name\":\"Chirurgie de l'oreille p\u00e9diatrique Montr\u00e9al\",\"isPartOf\":{\"@id\":\"https:\/\/www.drborsuk.com\/francais\/#website\"},\"primaryImageOfPage\":{\"@id\":\"https:\/\/www.drborsuk.com\/francais\/services\/pediatrique\/chirurgie-des-oreilles\/#primaryimage\"},\"image\":{\"@id\":\"https:\/\/www.drborsuk.com\/francais\/services\/pediatrique\/chirurgie-des-oreilles\/#primaryimage\"},\"thumbnailUrl\":\"http:\/\/www.drborsuk.com\/francais\/wp-content\/uploads\/sites\/2\/2024\/09\/b3796044ee37a151332a6233a85a9799.jpg\",\"datePublished\":\"2024-09-16T14:40:27+00:00\",\"dateModified\":\"2024-12-25T17:09:06+00:00\",\"description\":\"Chirurgie auriculaire p\u00e9diatrique Montr\u00e9al - Dr Daniel Borsuk offre la chirurgie auriculaire p\u00e9diatrique. Nos pratiques desservent Montr\u00e9al et les environs.\",\"breadcrumb\":{\"@id\":\"https:\/\/www.drborsuk.com\/francais\/services\/pediatrique\/chirurgie-des-oreilles\/#breadcrumb\"},\"inLanguage\":\"en-US\",\"potentialAction\":[{\"@type\":\"ReadAction\",\"target\":[\"https:\/\/www.drborsuk.com\/francais\/services\/pediatrique\/chirurgie-des-oreilles\/\"]}]},{\"@type\":\"ImageObject\",\"inLanguage\":\"en-US\",\"@id\":\"https:\/\/www.drborsuk.com\/francais\/services\/pediatrique\/chirurgie-des-oreilles\/#primaryimage\",\"url\":\"http:\/\/www.drborsuk.com\/francais\/wp-content\/uploads\/sites\/2\/2024\/09\/b3796044ee37a151332a6233a85a9799.jpg\",\"contentUrl\":\"http:\/\/www.drborsuk.com\/francais\/wp-content\/uploads\/sites\/2\/2024\/09\/b3796044ee37a151332a6233a85a9799.jpg\"},{\"@type\":\"BreadcrumbList\",\"@id\":\"https:\/\/www.drborsuk.com\/francais\/services\/pediatrique\/chirurgie-des-oreilles\/#breadcrumb\",\"itemListElement\":[{\"@type\":\"ListItem\",\"position\":1,\"name\":\"Home\",\"item\":\"https:\/\/www.drborsuk.com\/francais\/\"},{\"@type\":\"ListItem\",\"position\":2,\"name\":\"Services Esth\u00e9tiques\",\"item\":\"https:\/\/www.drborsuk.com\/francais\/services\/\"},{\"@type\":\"ListItem\",\"position\":3,\"name\":\"P\u00e9diatrique\",\"item\":\"https:\/\/www.drborsuk.com\/francais\/services\/pediatrique\/\"},{\"@type\":\"ListItem\",\"position\":4,\"name\":\"Chirurgie Des Oreilles\"}]},{\"@type\":\"WebSite\",\"@id\":\"https:\/\/www.drborsuk.com\/francais\/#website\",\"url\":\"https:\/\/www.drborsuk.com\/francais\/\",\"name\":\"Borsuk Plastic Surgery\",\"description\":\"\",\"publisher\":{\"@id\":\"https:\/\/www.drborsuk.com\/francais\/#organization\"},\"potentialAction\":[{\"@type\":\"SearchAction\",\"target\":{\"@type\":\"EntryPoint\",\"urlTemplate\":\"https:\/\/www.drborsuk.com\/francais\/?s={search_term_string}\"},\"query-input\":{\"@type\":\"PropertyValueSpecification\",\"valueRequired\":true,\"valueName\":\"search_term_string\"}}],\"inLanguage\":\"en-US\"},{\"@type\":\"Organization\",\"@id\":\"https:\/\/www.drborsuk.com\/francais\/#organization\",\"name\":\"Borsuk Plastic Surgery\",\"url\":\"https:\/\/www.drborsuk.com\/francais\/\",\"logo\":{\"@type\":\"ImageObject\",\"inLanguage\":\"en-US\",\"@id\":\"https:\/\/www.drborsuk.com\/francais\/#\/schema\/logo\/image\/\",\"url\":\"https:\/\/www.drborsuk.com\/francais\/wp-content\/uploads\/sites\/2\/2024\/12\/DanielBorsukLogo.svg\",\"contentUrl\":\"https:\/\/www.drborsuk.com\/francais\/wp-content\/uploads\/sites\/2\/2024\/12\/DanielBorsukLogo.svg\",\"caption\":\"Borsuk Plastic Surgery\"},\"image\":{\"@id\":\"https:\/\/www.drborsuk.com\/francais\/#\/schema\/logo\/image\/\"}}]}<\/script>\n<!-- \/ Yoast SEO plugin. -->","yoast_head_json":{"title":"Chirurgie de l'oreille p\u00e9diatrique Montr\u00e9al","description":"Chirurgie auriculaire p\u00e9diatrique Montr\u00e9al - Dr Daniel Borsuk offre la chirurgie auriculaire p\u00e9diatrique. Nos pratiques desservent Montr\u00e9al et les environs.","robots":{"index":"index","follow":"follow","max-snippet":"max-snippet:-1","max-image-preview":"max-image-preview:large","max-video-preview":"max-video-preview:-1"},"canonical":"https:\/\/www.drborsuk.com\/francais\/services\/pediatrique\/chirurgie-des-oreilles\/","og_locale":"en_US","og_type":"article","og_title":"Chirurgie de l'oreille p\u00e9diatrique Montr\u00e9al","og_description":"Chirurgie auriculaire p\u00e9diatrique Montr\u00e9al - Dr Daniel Borsuk offre la chirurgie auriculaire p\u00e9diatrique. Nos pratiques desservent Montr\u00e9al et les environs.","og_url":"https:\/\/www.drborsuk.com\/francais\/services\/pediatrique\/chirurgie-des-oreilles\/","og_site_name":"Borsuk Plastic Surgery","article_modified_time":"2024-12-25T17:09:06+00:00","og_image":[{"url":"http:\/\/www.drborsuk.com\/francais\/wp-content\/uploads\/sites\/2\/2024\/09\/b3796044ee37a151332a6233a85a9799.jpg","type":"","width":"","height":""}],"twitter_card":"summary_large_image","twitter_misc":{"Est. reading time":"3 minutes"},"schema":{"@context":"https:\/\/schema.org","@graph":[{"@type":"WebPage","@id":"https:\/\/www.drborsuk.com\/francais\/services\/pediatrique\/chirurgie-des-oreilles\/","url":"https:\/\/www.drborsuk.com\/francais\/services\/pediatrique\/chirurgie-des-oreilles\/","name":"Chirurgie de l'oreille p\u00e9diatrique Montr\u00e9al","isPartOf":{"@id":"https:\/\/www.drborsuk.com\/francais\/#website"},"primaryImageOfPage":{"@id":"https:\/\/www.drborsuk.com\/francais\/services\/pediatrique\/chirurgie-des-oreilles\/#primaryimage"},"image":{"@id":"https:\/\/www.drborsuk.com\/francais\/services\/pediatrique\/chirurgie-des-oreilles\/#primaryimage"},"thumbnailUrl":"http:\/\/www.drborsuk.com\/francais\/wp-content\/uploads\/sites\/2\/2024\/09\/b3796044ee37a151332a6233a85a9799.jpg","datePublished":"2024-09-16T14:40:27+00:00","dateModified":"2024-12-25T17:09:06+00:00","description":"Chirurgie auriculaire p\u00e9diatrique Montr\u00e9al - Dr Daniel Borsuk offre la chirurgie auriculaire p\u00e9diatrique. Nos pratiques desservent Montr\u00e9al et les environs.","breadcrumb":{"@id":"https:\/\/www.drborsuk.com\/francais\/services\/pediatrique\/chirurgie-des-oreilles\/#breadcrumb"},"inLanguage":"en-US","potentialAction":[{"@type":"ReadAction","target":["https:\/\/www.drborsuk.com\/francais\/services\/pediatrique\/chirurgie-des-oreilles\/"]}]},{"@type":"ImageObject","inLanguage":"en-US","@id":"https:\/\/www.drborsuk.com\/francais\/services\/pediatrique\/chirurgie-des-oreilles\/#primaryimage","url":"http:\/\/www.drborsuk.com\/francais\/wp-content\/uploads\/sites\/2\/2024\/09\/b3796044ee37a151332a6233a85a9799.jpg","contentUrl":"http:\/\/www.drborsuk.com\/francais\/wp-content\/uploads\/sites\/2\/2024\/09\/b3796044ee37a151332a6233a85a9799.jpg"},{"@type":"BreadcrumbList","@id":"https:\/\/www.drborsuk.com\/francais\/services\/pediatrique\/chirurgie-des-oreilles\/#breadcrumb","itemListElement":[{"@type":"ListItem","position":1,"name":"Home","item":"https:\/\/www.drborsuk.com\/francais\/"},{"@type":"ListItem","position":2,"name":"Services Esth\u00e9tiques","item":"https:\/\/www.drborsuk.com\/francais\/services\/"},{"@type":"ListItem","position":3,"name":"P\u00e9diatrique","item":"https:\/\/www.drborsuk.com\/francais\/services\/pediatrique\/"},{"@type":"ListItem","position":4,"name":"Chirurgie Des Oreilles"}]},{"@type":"WebSite","@id":"https:\/\/www.drborsuk.com\/francais\/#website","url":"https:\/\/www.drborsuk.com\/francais\/","name":"Borsuk Plastic Surgery","description":"","publisher":{"@id":"https:\/\/www.drborsuk.com\/francais\/#organization"},"potentialAction":[{"@type":"SearchAction","target":{"@type":"EntryPoint","urlTemplate":"https:\/\/www.drborsuk.com\/francais\/?s={search_term_string}"},"query-input":{"@type":"PropertyValueSpecification","valueRequired":true,"valueName":"search_term_string"}}],"inLanguage":"en-US"},{"@type":"Organization","@id":"https:\/\/www.drborsuk.com\/francais\/#organization","name":"Borsuk Plastic Surgery","url":"https:\/\/www.drborsuk.com\/francais\/","logo":{"@type":"ImageObject","inLanguage":"en-US","@id":"https:\/\/www.drborsuk.com\/francais\/#\/schema\/logo\/image\/","url":"https:\/\/www.drborsuk.com\/francais\/wp-content\/uploads\/sites\/2\/2024\/12\/DanielBorsukLogo.svg","contentUrl":"https:\/\/www.drborsuk.com\/francais\/wp-content\/uploads\/sites\/2\/2024\/12\/DanielBorsukLogo.svg","caption":"Borsuk Plastic Surgery"},"image":{"@id":"https:\/\/www.drborsuk.com\/francais\/#\/schema\/logo\/image\/"}}]}},"_links":{"self":[{"href":"https:\/\/www.drborsuk.com\/francais\/wp-json\/wp\/v2\/pages\/2622","targetHints":{"allow":["GET"]}}],"collection":[{"href":"https:\/\/www.drborsuk.com\/francais\/wp-json\/wp\/v2\/pages"}],"about":[{"href":"https:\/\/www.drborsuk.com\/francais\/wp-json\/wp\/v2\/types\/page"}],"author":[{"embeddable":true,"href":"https:\/\/www.drborsuk.com\/francais\/wp-json\/wp\/v2\/users\/2"}],"replies":[{"embeddable":true,"href":"https:\/\/www.drborsuk.com\/francais\/wp-json\/wp\/v2\/comments?post=2622"}],"version-history":[{"count":0,"href":"https:\/\/www.drborsuk.com\/francais\/wp-json\/wp\/v2\/pages\/2622\/revisions"}],"up":[{"embeddable":true,"href":"https:\/\/www.drborsuk.com\/francais\/wp-json\/wp\/v2\/pages\/2608"}],"wp:attachment":[{"href":"https:\/\/www.drborsuk.com\/francais\/wp-json\/wp\/v2\/media?parent=2622"}],"curies":[{"name":"wp","href":"https:\/\/api.w.org\/{rel}","templated":true}]}}