{"id":2624,"date":"2024-09-16T08:40:32","date_gmt":"2024-09-16T14:40:32","guid":{"rendered":"https:\/\/stg-drborsukcom-development.kinsta.cloud\/francais\/services\/pediatrique\/chirurgie-du-nez\/"},"modified":"2024-12-25T17:09:51","modified_gmt":"2024-12-25T17:09:51","slug":"chirurgie-du-nez","status":"publish","type":"page","link":"https:\/\/www.drborsuk.com\/francais\/services\/pediatrique\/chirurgie-du-nez\/","title":{"rendered":"Chirurgie Du Nez"},"content":{"rendered":"\n\n\t\t\t\t<img decoding=\"async\" src=\"http:\/\/www.drborsuk.com\/francais\/wp-content\/uploads\/sites\/2\/2024\/09\/fd1d573a45c2bfa64f8ead6515b63c30.jpg\" alt=\"fd1d573a45c2bfa64f8ead6515b63c30\" itemprop=\"image\" title=\"fd1d573a45c2bfa64f8ead6515b63c30\" onerror=\"this.style.display='none'\"  \/>\n\t<p>La rhinoplastie (chirurgie du nez) est l&#8217;une des proc\u00e9dures en chirurgie plastique les plus courantes. Pendant une rhinoplastie, le nez est remodel\u00e9, r\u00e9duit ou augment\u00e9 afin d&#8217;am\u00e9liorer son apparence. La rhinoplastie peut \u00eatre effectu\u00e9e pour corriger une anomalie cong\u00e9nitale ou pour r\u00e9parer une blessure tel un nez cass\u00e9. Elle est souvent effectu\u00e9e strictement pour des raisons esth\u00e9tiques.<\/p>\n<h2>\n\t\tRhinoplastie\n\t<\/h2>\n\t<p>Pour un patient avec une sinusite chronique, la rhinoplastie est parfois effectu\u00e9e en conjonction avec une chirurgie endoscopique des sinus. Pour un patient avec une d\u00e9viation de la cloison nasale, elle est souvent effectu\u00e9e avec une septoplastie, une proc\u00e9dure qui corrige une d\u00e9viation de la cloison nasale. Dans de tels cas, la rhinoplastie traite efficacement la sant\u00e9 et les probl\u00e8mes de respiration, en plus d&#8217;am\u00e9liorer l&#8217;apparence du patient.<\/p>\n<h2>\n\t\tCandidats Pour Une Rhinoplastie\n\t<\/h2>\n\t<p>Les candidats pour une rhinoplastie ont termin\u00e9 leur croissance faciale. Les filles doivent g\u00e9n\u00e9ralement avoir au moins 15 ou 16 ans et les gar\u00e7ons doivent avoir au moins 17 ou 18 ans. Les proc\u00e9dures de rhinoplastie sont aussi effectu\u00e9es sur des enfants n\u00e9s avec des difformit\u00e9s faciales comme les fentes labiales. Dans ces cas, des chirurgies pour corriger ces difformit\u00e9s sont parfois effectu\u00e9es plus t\u00f4t. Les patients qui consid\u00e8rent une rhinoplastie doivent \u00eatre en bonne sant\u00e9 g\u00e9n\u00e9rale et ne pas fumer. Il est important que les candidats aient des attentes r\u00e9alistes de ce qu&#8217;une rhinoplastie peut faire. Bien qu&#8217;une rhinoplastie puisse augmenter la confiance en soi, elle ne devrait pas \u00eatre per\u00e7ue comme une panac\u00e9e pour tous les probl\u00e8mes de personnalit\u00e9 ou relationnels et ne devrait pas r\u00e9sulter de pressions sociales.<\/p>\n<h2>\n\t\tObjectifs D&#8217;une Rhinoplastie\n\t<\/h2>\n\t<p>La rhinoplastie a plusieurs objectifs; elle permet de faciliter la respiration et d&#8217;am\u00e9liorer l&#8217;apparence. Lors d&#8217;une rhinoplastie, le chirurgien peut essayer une ou plusieurs des choses suivantes :<\/p>\n<ul>\n<li>Enlever une bosse<\/li>\n<li>Modifier l&#8217;ar\u00eate<\/li>\n<li>Remodeler le bout<\/li>\n<li>Remodeler ou or redimensionner les narines<\/li>\n<li>R\u00e9parer une blessure<\/li>\n<li>Lib\u00e9rer les voies respiratoires<\/li>\n<li>Augmenter ou r\u00e9duire la taille<\/li>\n<\/ul>\n<p>La rhinoplastie peut n\u00e9cessiter de modifier l&#8217;os, la peau, le cartilage ou m\u00eame toutes ces trois possibilit\u00e9s.<\/p>\n<h2>\n\t\tProc\u00e9dures D&#8217;une Rhinoplastie\n\t<\/h2>\n\t<p>Une rhinoplastie, qui prend entre 1 \u00e0 2 heures, est habituellement pratiqu\u00e9e en consultation externe et s&#8217;effectue par s\u00e9dation intraveineuse ou sous anesth\u00e9sie g\u00e9n\u00e9rale. Deux techniques son habituellement utilis\u00e9es. Lors d&#8217;une rhinoplastie ferm\u00e9e, les incisions se font \u00e0 l&#8217;int\u00e9rieur des narines. Lors d&#8217;une rhinoplastie ouverte, l&#8217;incision se fait sur la columelle, le tissu entre les narines. Avec ces deux m\u00e9thodes, les tissus mous couvrant le nez sont soulev\u00e9s d\u00e9licatement et l&#8217;os ainsi que le cartilage sont sculpt\u00e9s \u00e0 la forme d\u00e9sir\u00e9e.<\/p>\n<p>Si du cartilage suppl\u00e9mentaire est n\u00e9cessaire pour augmenter le nez, il est souvent pris de la cloison nasale du patient. Si de plus grandes sections de tissus sont requises, du cartilage peut \u00e9galement \u00eatre enlev\u00e9 de l&#8217;oreille ou d&#8217;autres parties du corps par une intervention chirurgicale. Si le patient a une d\u00e9viation de la cloison nasale, le septum et les structures internes du nez sont ajust\u00e9s afin d&#8217;am\u00e9liorer la respiration. Les tissus sont ensuite redrap\u00e9s et les incisions sont referm\u00e9es. Si n\u00e9cessaire, les narines seront remodel\u00e9es lors de la derni\u00e8re \u00e9tape de la rhinoplastie.<\/p>\n<h2>\n\t\tTemp De R\u00e9tablissement De La Rhinoplastie\n\t<\/h2>\n\t<p>Le patient a habituellement des enflures ainsi des ecchymoses au niveau du nez et du contour des yeux imm\u00e9diatement apr\u00e8s la chirurgie. Des attelles et des paquetages nasaux demeureront dans votre nez pendant plusieurs jours. Pendant cette p\u00e9riode, le patient peut \u00e9prouver de la douleur ou des maux de t\u00eate, de m\u00eame que des saignements et \u00e9coulements du nez. La plupart des patients se sentent dans leur \u00e9tat normal en quelques jours et peuvent retourner \u00e0 leurs activit\u00e9s quotidiennes apr\u00e8s une environ une semaine.<\/p>\n<p>Afin d&#8217;augmenter le confort et de r\u00e9duire les saignements et enflures, il est recommand\u00e9 aux patients ayant subi une rhinoplastie de suivre ces directives apr\u00e8s la chirurgie :<\/p>\n<ul>\n<li>\u00c9viter les activit\u00e9s rigoureuses<\/li>\n<li>Prendre des bains au lieu de prendre des douches<\/li>\n<li>\u00c9viter de se moucher le nez<\/li>\n<li>\u00c9viter la constipation<\/li>\n<li>\u00c9viter les expressions faciales exag\u00e9r\u00e9es<\/li>\n<li>Brosser les dents doucement<\/li>\n<li>\u00c9viter de faire passer les v\u00eatements par dessus votre t\u00eate<\/li>\n<li>Utiliser un \u00e9cran solaire ayant un FPS 30 ou plus<\/li>\n<li>Limiter le sodium<\/li>\n<li>Ne pas utiliser des blocs r\u00e9frig\u00e9rants (ice-pack)<\/li>\n<\/ul>\n<p>Bien que le patient puisse para\u00eetre normal apr\u00e8s une semaine ou deux, il peut y avoir de enflures minimes jusqu&#8217;\u00e0 un an suivant la chirurgie.<\/p>\n\n","protected":false},"excerpt":{"rendered":"<p>La rhinoplastie (chirurgie du nez) est l&#8217;une des proc\u00e9dures en chirurgie plastique les plus courantes. Pendant une rhinoplastie, le nez est remodel\u00e9, r\u00e9duit ou augment\u00e9 afin d&#8217;am\u00e9liorer son apparence. La rhinoplastie peut \u00eatre effectu\u00e9e pour corriger une anomalie cong\u00e9nitale ou pour r\u00e9parer une blessure tel un nez cass\u00e9. Elle est souvent effectu\u00e9e strictement pour des [&hellip;]<\/p>\n","protected":false},"author":2,"featured_media":0,"parent":2608,"menu_order":0,"comment_status":"closed","ping_status":"closed","template":"","meta":{"site-sidebar-layout":"default","site-content-layout":"","ast-site-content-layout":"default","site-content-style":"default","site-sidebar-style":"default","ast-global-header-display":"","ast-banner-title-visibility":"","ast-main-header-display":"","ast-hfb-above-header-display":"","ast-hfb-below-header-display":"","ast-hfb-mobile-header-display":"","site-post-title":"","ast-breadcrumbs-content":"","ast-featured-img":"","footer-sml-layout":"","theme-transparent-header-meta":"","adv-header-id-meta":"","stick-header-meta":"","header-above-stick-meta":"","header-main-stick-meta":"","header-below-stick-meta":"","astra-migrate-meta-layouts":"set","ast-page-background-enabled":"default","ast-page-background-meta":{"desktop":{"background-color":"","background-image":"","background-repeat":"repeat","background-position":"center center","background-size":"auto","background-attachment":"scroll","background-type":"","background-media":"","overlay-type":"","overlay-color":"","overlay-opacity":"","overlay-gradient":""},"tablet":{"background-color":"","background-image":"","background-repeat":"repeat","background-position":"center center","background-size":"auto","background-attachment":"scroll","background-type":"","background-media":"","overlay-type":"","overlay-color":"","overlay-opacity":"","overlay-gradient":""},"mobile":{"background-color":"","background-image":"","background-repeat":"repeat","background-position":"center center","background-size":"auto","background-attachment":"scroll","background-type":"","background-media":"","overlay-type":"","overlay-color":"","overlay-opacity":"","overlay-gradient":""}},"ast-content-background-meta":{"desktop":{"background-color":"var(--ast-global-color-5)","background-image":"","background-repeat":"repeat","background-position":"center center","background-size":"auto","background-attachment":"scroll","background-type":"","background-media":"","overlay-type":"","overlay-color":"","overlay-opacity":"","overlay-gradient":""},"tablet":{"background-color":"var(--ast-global-color-5)","background-image":"","background-repeat":"repeat","background-position":"center center","background-size":"auto","background-attachment":"scroll","background-type":"","background-media":"","overlay-type":"","overlay-color":"","overlay-opacity":"","overlay-gradient":""},"mobile":{"background-color":"var(--ast-global-color-5)","background-image":"","background-repeat":"repeat","background-position":"center center","background-size":"auto","background-attachment":"scroll","background-type":"","background-media":"","overlay-type":"","overlay-color":"","overlay-opacity":"","overlay-gradient":""}},"footnotes":""},"class_list":["post-2624","page","type-page","status-publish","hentry"],"yoast_head":"<!-- This site is optimized with the Yoast SEO plugin v25.7 - https:\/\/yoast.com\/wordpress\/plugins\/seo\/ -->\n<title>Chirurgie du nez (rhinoplastie) Montr\u00e9al<\/title>\n<meta name=\"description\" content=\"La chirurgie du nez Montr\u00e9al - Le Dr Daniel Borsuk offre la chirurgie du nez p\u00e9diatrique (rhinoplastie). Nos pratiques desservent Montr\u00e9al et les environs.\" \/>\n<meta name=\"robots\" content=\"index, follow, max-snippet:-1, max-image-preview:large, max-video-preview:-1\" \/>\n<link rel=\"canonical\" href=\"https:\/\/www.drborsuk.com\/francais\/services\/pediatrique\/chirurgie-du-nez\/\" \/>\n<meta property=\"og:locale\" content=\"en_US\" \/>\n<meta property=\"og:type\" content=\"article\" \/>\n<meta property=\"og:title\" content=\"Chirurgie du nez (rhinoplastie) Montr\u00e9al\" \/>\n<meta property=\"og:description\" content=\"La chirurgie du nez Montr\u00e9al - Le Dr Daniel Borsuk offre la chirurgie du nez p\u00e9diatrique (rhinoplastie). Nos pratiques desservent Montr\u00e9al et les environs.\" \/>\n<meta property=\"og:url\" content=\"https:\/\/www.drborsuk.com\/francais\/services\/pediatrique\/chirurgie-du-nez\/\" \/>\n<meta property=\"og:site_name\" content=\"Borsuk Plastic Surgery\" \/>\n<meta property=\"article:modified_time\" content=\"2024-12-25T17:09:51+00:00\" \/>\n<meta property=\"og:image\" content=\"http:\/\/www.drborsuk.com\/francais\/wp-content\/uploads\/sites\/2\/2024\/09\/fd1d573a45c2bfa64f8ead6515b63c30.jpg\" \/>\n<meta name=\"twitter:card\" content=\"summary_large_image\" \/>\n<meta name=\"twitter:label1\" content=\"Est. reading time\" \/>\n\t<meta name=\"twitter:data1\" content=\"4 minutes\" \/>\n<script type=\"application\/ld+json\" class=\"yoast-schema-graph\">{\"@context\":\"https:\/\/schema.org\",\"@graph\":[{\"@type\":\"WebPage\",\"@id\":\"https:\/\/www.drborsuk.com\/francais\/services\/pediatrique\/chirurgie-du-nez\/\",\"url\":\"https:\/\/www.drborsuk.com\/francais\/services\/pediatrique\/chirurgie-du-nez\/\",\"name\":\"Chirurgie du nez (rhinoplastie) Montr\u00e9al\",\"isPartOf\":{\"@id\":\"https:\/\/www.drborsuk.com\/francais\/#website\"},\"primaryImageOfPage\":{\"@id\":\"https:\/\/www.drborsuk.com\/francais\/services\/pediatrique\/chirurgie-du-nez\/#primaryimage\"},\"image\":{\"@id\":\"https:\/\/www.drborsuk.com\/francais\/services\/pediatrique\/chirurgie-du-nez\/#primaryimage\"},\"thumbnailUrl\":\"http:\/\/www.drborsuk.com\/francais\/wp-content\/uploads\/sites\/2\/2024\/09\/fd1d573a45c2bfa64f8ead6515b63c30.jpg\",\"datePublished\":\"2024-09-16T14:40:32+00:00\",\"dateModified\":\"2024-12-25T17:09:51+00:00\",\"description\":\"La chirurgie du nez Montr\u00e9al - Le Dr Daniel Borsuk offre la chirurgie du nez p\u00e9diatrique (rhinoplastie). Nos pratiques desservent Montr\u00e9al et les environs.\",\"breadcrumb\":{\"@id\":\"https:\/\/www.drborsuk.com\/francais\/services\/pediatrique\/chirurgie-du-nez\/#breadcrumb\"},\"inLanguage\":\"en-US\",\"potentialAction\":[{\"@type\":\"ReadAction\",\"target\":[\"https:\/\/www.drborsuk.com\/francais\/services\/pediatrique\/chirurgie-du-nez\/\"]}]},{\"@type\":\"ImageObject\",\"inLanguage\":\"en-US\",\"@id\":\"https:\/\/www.drborsuk.com\/francais\/services\/pediatrique\/chirurgie-du-nez\/#primaryimage\",\"url\":\"http:\/\/www.drborsuk.com\/francais\/wp-content\/uploads\/sites\/2\/2024\/09\/fd1d573a45c2bfa64f8ead6515b63c30.jpg\",\"contentUrl\":\"http:\/\/www.drborsuk.com\/francais\/wp-content\/uploads\/sites\/2\/2024\/09\/fd1d573a45c2bfa64f8ead6515b63c30.jpg\"},{\"@type\":\"BreadcrumbList\",\"@id\":\"https:\/\/www.drborsuk.com\/francais\/services\/pediatrique\/chirurgie-du-nez\/#breadcrumb\",\"itemListElement\":[{\"@type\":\"ListItem\",\"position\":1,\"name\":\"Home\",\"item\":\"https:\/\/www.drborsuk.com\/francais\/\"},{\"@type\":\"ListItem\",\"position\":2,\"name\":\"Services Esth\u00e9tiques\",\"item\":\"https:\/\/www.drborsuk.com\/francais\/services\/\"},{\"@type\":\"ListItem\",\"position\":3,\"name\":\"P\u00e9diatrique\",\"item\":\"https:\/\/www.drborsuk.com\/francais\/services\/pediatrique\/\"},{\"@type\":\"ListItem\",\"position\":4,\"name\":\"Chirurgie Du Nez\"}]},{\"@type\":\"WebSite\",\"@id\":\"https:\/\/www.drborsuk.com\/francais\/#website\",\"url\":\"https:\/\/www.drborsuk.com\/francais\/\",\"name\":\"Borsuk Plastic Surgery\",\"description\":\"\",\"publisher\":{\"@id\":\"https:\/\/www.drborsuk.com\/francais\/#organization\"},\"potentialAction\":[{\"@type\":\"SearchAction\",\"target\":{\"@type\":\"EntryPoint\",\"urlTemplate\":\"https:\/\/www.drborsuk.com\/francais\/?s={search_term_string}\"},\"query-input\":{\"@type\":\"PropertyValueSpecification\",\"valueRequired\":true,\"valueName\":\"search_term_string\"}}],\"inLanguage\":\"en-US\"},{\"@type\":\"Organization\",\"@id\":\"https:\/\/www.drborsuk.com\/francais\/#organization\",\"name\":\"Borsuk Plastic Surgery\",\"url\":\"https:\/\/www.drborsuk.com\/francais\/\",\"logo\":{\"@type\":\"ImageObject\",\"inLanguage\":\"en-US\",\"@id\":\"https:\/\/www.drborsuk.com\/francais\/#\/schema\/logo\/image\/\",\"url\":\"https:\/\/www.drborsuk.com\/francais\/wp-content\/uploads\/sites\/2\/2024\/12\/DanielBorsukLogo.svg\",\"contentUrl\":\"https:\/\/www.drborsuk.com\/francais\/wp-content\/uploads\/sites\/2\/2024\/12\/DanielBorsukLogo.svg\",\"caption\":\"Borsuk Plastic Surgery\"},\"image\":{\"@id\":\"https:\/\/www.drborsuk.com\/francais\/#\/schema\/logo\/image\/\"}}]}<\/script>\n<!-- \/ Yoast SEO plugin. -->","yoast_head_json":{"title":"Chirurgie du nez (rhinoplastie) Montr\u00e9al","description":"La chirurgie du nez Montr\u00e9al - Le Dr Daniel Borsuk offre la chirurgie du nez p\u00e9diatrique (rhinoplastie). Nos pratiques desservent Montr\u00e9al et les environs.","robots":{"index":"index","follow":"follow","max-snippet":"max-snippet:-1","max-image-preview":"max-image-preview:large","max-video-preview":"max-video-preview:-1"},"canonical":"https:\/\/www.drborsuk.com\/francais\/services\/pediatrique\/chirurgie-du-nez\/","og_locale":"en_US","og_type":"article","og_title":"Chirurgie du nez (rhinoplastie) Montr\u00e9al","og_description":"La chirurgie du nez Montr\u00e9al - Le Dr Daniel Borsuk offre la chirurgie du nez p\u00e9diatrique (rhinoplastie). Nos pratiques desservent Montr\u00e9al et les environs.","og_url":"https:\/\/www.drborsuk.com\/francais\/services\/pediatrique\/chirurgie-du-nez\/","og_site_name":"Borsuk Plastic Surgery","article_modified_time":"2024-12-25T17:09:51+00:00","og_image":[{"url":"http:\/\/www.drborsuk.com\/francais\/wp-content\/uploads\/sites\/2\/2024\/09\/fd1d573a45c2bfa64f8ead6515b63c30.jpg","type":"","width":"","height":""}],"twitter_card":"summary_large_image","twitter_misc":{"Est. reading time":"4 minutes"},"schema":{"@context":"https:\/\/schema.org","@graph":[{"@type":"WebPage","@id":"https:\/\/www.drborsuk.com\/francais\/services\/pediatrique\/chirurgie-du-nez\/","url":"https:\/\/www.drborsuk.com\/francais\/services\/pediatrique\/chirurgie-du-nez\/","name":"Chirurgie du nez (rhinoplastie) Montr\u00e9al","isPartOf":{"@id":"https:\/\/www.drborsuk.com\/francais\/#website"},"primaryImageOfPage":{"@id":"https:\/\/www.drborsuk.com\/francais\/services\/pediatrique\/chirurgie-du-nez\/#primaryimage"},"image":{"@id":"https:\/\/www.drborsuk.com\/francais\/services\/pediatrique\/chirurgie-du-nez\/#primaryimage"},"thumbnailUrl":"http:\/\/www.drborsuk.com\/francais\/wp-content\/uploads\/sites\/2\/2024\/09\/fd1d573a45c2bfa64f8ead6515b63c30.jpg","datePublished":"2024-09-16T14:40:32+00:00","dateModified":"2024-12-25T17:09:51+00:00","description":"La chirurgie du nez Montr\u00e9al - Le Dr Daniel Borsuk offre la chirurgie du nez p\u00e9diatrique (rhinoplastie). Nos pratiques desservent Montr\u00e9al et les environs.","breadcrumb":{"@id":"https:\/\/www.drborsuk.com\/francais\/services\/pediatrique\/chirurgie-du-nez\/#breadcrumb"},"inLanguage":"en-US","potentialAction":[{"@type":"ReadAction","target":["https:\/\/www.drborsuk.com\/francais\/services\/pediatrique\/chirurgie-du-nez\/"]}]},{"@type":"ImageObject","inLanguage":"en-US","@id":"https:\/\/www.drborsuk.com\/francais\/services\/pediatrique\/chirurgie-du-nez\/#primaryimage","url":"http:\/\/www.drborsuk.com\/francais\/wp-content\/uploads\/sites\/2\/2024\/09\/fd1d573a45c2bfa64f8ead6515b63c30.jpg","contentUrl":"http:\/\/www.drborsuk.com\/francais\/wp-content\/uploads\/sites\/2\/2024\/09\/fd1d573a45c2bfa64f8ead6515b63c30.jpg"},{"@type":"BreadcrumbList","@id":"https:\/\/www.drborsuk.com\/francais\/services\/pediatrique\/chirurgie-du-nez\/#breadcrumb","itemListElement":[{"@type":"ListItem","position":1,"name":"Home","item":"https:\/\/www.drborsuk.com\/francais\/"},{"@type":"ListItem","position":2,"name":"Services Esth\u00e9tiques","item":"https:\/\/www.drborsuk.com\/francais\/services\/"},{"@type":"ListItem","position":3,"name":"P\u00e9diatrique","item":"https:\/\/www.drborsuk.com\/francais\/services\/pediatrique\/"},{"@type":"ListItem","position":4,"name":"Chirurgie Du Nez"}]},{"@type":"WebSite","@id":"https:\/\/www.drborsuk.com\/francais\/#website","url":"https:\/\/www.drborsuk.com\/francais\/","name":"Borsuk Plastic Surgery","description":"","publisher":{"@id":"https:\/\/www.drborsuk.com\/francais\/#organization"},"potentialAction":[{"@type":"SearchAction","target":{"@type":"EntryPoint","urlTemplate":"https:\/\/www.drborsuk.com\/francais\/?s={search_term_string}"},"query-input":{"@type":"PropertyValueSpecification","valueRequired":true,"valueName":"search_term_string"}}],"inLanguage":"en-US"},{"@type":"Organization","@id":"https:\/\/www.drborsuk.com\/francais\/#organization","name":"Borsuk Plastic Surgery","url":"https:\/\/www.drborsuk.com\/francais\/","logo":{"@type":"ImageObject","inLanguage":"en-US","@id":"https:\/\/www.drborsuk.com\/francais\/#\/schema\/logo\/image\/","url":"https:\/\/www.drborsuk.com\/francais\/wp-content\/uploads\/sites\/2\/2024\/12\/DanielBorsukLogo.svg","contentUrl":"https:\/\/www.drborsuk.com\/francais\/wp-content\/uploads\/sites\/2\/2024\/12\/DanielBorsukLogo.svg","caption":"Borsuk Plastic Surgery"},"image":{"@id":"https:\/\/www.drborsuk.com\/francais\/#\/schema\/logo\/image\/"}}]}},"_links":{"self":[{"href":"https:\/\/www.drborsuk.com\/francais\/wp-json\/wp\/v2\/pages\/2624","targetHints":{"allow":["GET"]}}],"collection":[{"href":"https:\/\/www.drborsuk.com\/francais\/wp-json\/wp\/v2\/pages"}],"about":[{"href":"https:\/\/www.drborsuk.com\/francais\/wp-json\/wp\/v2\/types\/page"}],"author":[{"embeddable":true,"href":"https:\/\/www.drborsuk.com\/francais\/wp-json\/wp\/v2\/users\/2"}],"replies":[{"embeddable":true,"href":"https:\/\/www.drborsuk.com\/francais\/wp-json\/wp\/v2\/comments?post=2624"}],"version-history":[{"count":0,"href":"https:\/\/www.drborsuk.com\/francais\/wp-json\/wp\/v2\/pages\/2624\/revisions"}],"up":[{"embeddable":true,"href":"https:\/\/www.drborsuk.com\/francais\/wp-json\/wp\/v2\/pages\/2608"}],"wp:attachment":[{"href":"https:\/\/www.drborsuk.com\/francais\/wp-json\/wp\/v2\/media?parent=2624"}],"curies":[{"name":"wp","href":"https:\/\/api.w.org\/{rel}","templated":true}]}}