{"id":2628,"date":"2024-09-16T08:40:41","date_gmt":"2024-09-16T14:40:41","guid":{"rendered":"https:\/\/stg-drborsukcom-development.kinsta.cloud\/francais\/services\/pediatrique\/chirurgie-du-sein\/"},"modified":"2024-12-25T17:10:57","modified_gmt":"2024-12-25T17:10:57","slug":"chirurgie-du-sein","status":"publish","type":"page","link":"https:\/\/www.drborsuk.com\/francais\/services\/pediatrique\/chirurgie-du-sein\/","title":{"rendered":"Chirurgie Du Sein"},"content":{"rendered":"\n\n\t\t\t\t<img decoding=\"async\" src=\"http:\/\/www.drborsuk.com\/francais\/wp-content\/uploads\/sites\/2\/2024\/09\/ac4952d6ee0029af5f5e59d9039f946c.jpg\" alt=\"ac4952d6ee0029af5f5e59d9039f946c\" itemprop=\"image\" title=\"ac4952d6ee0029af5f5e59d9039f946c\" onerror=\"this.style.display='none'\"  \/>\n\t<p>Women may decide to undergo breast surgery to enlarge or reduce their breasts, to achieve a balance in size or shape for their breasts, or to reconstruct one or both breasts after mastectomy. Men may also seek to reduce breast size. Whatever the motivation, breast surgery is safer and easier now than ever before. Please review the list of services we provide to help you make an informed decision and achieve the most satisfying results.<\/p>\n<h2>\n\t\tCorrection De L&#8217;asym\u00e9trie Des Seins\n\t<\/h2>\n\t<p>Plusieurs femmes sont n\u00e9es avec des seins de taille ou de forme in\u00e9gale, pouvant \u00eatre visible ou non aux autres. Ces diff\u00e9rences de taille ou de forme sont souvent ind\u00e9tectables aux patients, ce qui ne cause aucun probl\u00e8me, quoique d&#8217;autres femmes puissent avoir une asym\u00e9trie \u00e9vidente, ce qui peut donner une apparence d\u00e9s\u00e9quilibr\u00e9e et causer une d\u00e9tresse \u00e9motionnelle.<\/p>\n<p>L&#8217;asym\u00e9trie des seins peut \u00eatre corrig\u00e9e par chirurgie soit en augmentant le volume du sein qui est plus petit ou en r\u00e9duisant la taille de celui qui est plus gros. Il est possible d&#8217;ins\u00e9rer des implants pour les femmes qui ont de petits seins ou d&#8217;effectuer une r\u00e9duction mammaire pour celles avec de gros seins. Si les mamelons apparaissent \u00e0 des hauteurs diff\u00e9rentes, il est possible d&#8217;effectuer une chirurgie afin de relocaliser un ou les deux mamelons.<\/p>\n<p>Toutes ces options rendent les seins d&#8217;apparence similaire, et ce en travaillant avec le corps unique de chaque femme afin d&#8217;atteindre les meilleurs r\u00e9sultats possibles. Cr\u00e9er une apparence plus \u00e9quilibr\u00e9e peut am\u00e9liorer l&#8217;\u00e9quilibre physique, l&#8217;estime de soi ainsi que l&#8217;image corporelle.<\/p>\n<h2>\n\t\tR\u00e9duction Mammaire\n\t<\/h2>\n\t<p>Une grosse poitrine peut avoir un impact n\u00e9gatif sur une femme, tant sur le plan physique qu&#8217;\u00e9motionnel, et peut engendrer des sympt\u00f4mes dont le mal de dos chorionique, les \u00e9ruptions, une posture inad\u00e9quate, une faible estime de soi et des activit\u00e9s restreintes. Plusieurs femmes cherchent un traitement pour r\u00e9duire les effets douloureux de leur grande poitrine tout en am\u00e9liorant leur confiance en soi et leur qualit\u00e9 de la vie en g\u00e9n\u00e9ral. \u00c9galement connu sous le nom de mammoplastie, la r\u00e9duction mammaire est une chirurgie qui consiste \u00e0 r\u00e9duire la taille des seins qui sont disproportionn\u00e9s en enlevant le surplus de gras, de tissu et de peau afin de donner l&#8217;apparence souhait\u00e9e et pour soulager les sympt\u00f4mes physiques et \u00e9motionnels.<\/p>\n<p>Lors de la proc\u00e9dure de r\u00e9duction mammaire, Dr Borsuk fera soit deux incisions circulaires autour du mamelon ou une incision en ancre de bateau qui entoure le mamelon et qui s&#8217;\u00e9tend vers le bas du sein jusqu&#8217;au long du pli du sein. Le gras et le tissu glandulaire sont enlev\u00e9s tandis que le surplus de peau est resserr\u00e9 pour donner un sein plus petit et naturel. Dans certains cas, le mamelon et l&#8217;ar\u00e9ole peuvent devoir \u00eatre enlev\u00e9s et repositionn\u00e9s plus haut sur le sein.<\/p>\n<p>Les r\u00e9sultats d&#8217;une r\u00e9duction mammaire sont visibles imm\u00e9diatement et continueront de s&#8217;am\u00e9liorer lorsque les enflures et ecchymose s&#8217;estomperont. Les cicatrices continueront de s&#8217;estomper avec le temps en devenant de moins en moins visibles.<\/p>\n<h2>\n\t\tLifting Mammaire\n\t<\/h2>\n\t<p>Les seins d&#8217;une femme peuvent devenir tombants suite au vieillissement, l&#8217;h\u00e9r\u00e9dit\u00e9, la gravit\u00e9, la grossesse, l&#8217;allaitement ou la perte de poids. Un lifting des seins, aussi appel\u00e9 mastopexie, est effectu\u00e9 pour redonner une forme plus rajeunie et pour remonter les seins qui sont tombants ou ayant perdu du volume et leur fermet\u00e9.<\/p>\n<p>Le lifting mammaire donne une apparence rajeunie aux seins en enlevant le surplus de peau et en raffermissant les tissus mous pour obtenir un contour remont\u00e9 et plus jeune. Apr\u00e8s une mastopexie, les seins sont remont\u00e9s et plus fermes au toucher. Un lifting des seins peut \u00e9galement repositionner et r\u00e9duire la taille de l&#8217;ar\u00e9ole (peau la plus fonc\u00e9e entourant du mamelon) qui peut s&#8217;\u00eatre \u00e9tir\u00e9e ou affaiss\u00e9e.<\/p>\n<p>Une mastopexie est habituellement effectu\u00e9e en consultation externe sous anesth\u00e9sie g\u00e9n\u00e9rale et dure 1 \u00e0 3 heures. La plupart des patients sont imm\u00e9diatement satisfaits avec leur nouvelle poitrine et peuvent habituellement retourner travailler 1 \u00e0 2 semaines suivant la proc\u00e9dure.<\/p>\n<h2>\n\t\tR\u00e9duction Mammaire Masculine\n\t<\/h2>\n\t<p>La gyn\u00e9comastie, c&#8217;est-\u00e0-dire le d\u00e9veloppement trop prononc\u00e9 de la poitrine masculine, affecte environ 40 \u00e0 60 % des hommes. Ceci peut \u00eatre caus\u00e9 par un d\u00e9s\u00e9quilibre hormonal, l&#8217;ob\u00e9sit\u00e9, certains m\u00e9dicaments ou l&#8217;h\u00e9r\u00e9dit\u00e9 et peut affecter un ou les 2 seins.<\/p>\n<p>Les candidats pour une r\u00e9duction mammaire sont des hommes ayant une grosse poitrine ou des seins tombants, ce qui peut les rendre physiquement ou \u00e9motionnellement inconfortable.<\/p>\n<p>La r\u00e9duction mammaire peut \u00eatre effectu\u00e9e sur des hommes dont le d\u00e9veloppement de poitrine est termin\u00e9, qui sont en bonne sant\u00e9 physiquement et \u00e9motionnellement, qui ne fument pas et qui ne font pas d&#8217;embonpoint. Id\u00e9alement, les candidats ont une peau ferme et \u00e9lastique, qui se remod\u00e8lera pour s&#8217;adapter au contour du sein apr\u00e8s la chirurgie. Les patients peuvent habituellement retourner travailler en dedans d&#8217;une semaine.<\/p>\n<p>La r\u00e9duction mammaire masculine est habituellement effectu\u00e9e sous anesth\u00e9sie g\u00e9n\u00e9rale en consultation externe et prend typiquement 1 \u00e0 3 heures. Elle est effectu\u00e9e soit par liposuccion, par chirurgie ou une combinaison des deux. Des exercices d&#8217;a\u00e9robie l\u00e9gers peuvent \u00eatre effectu\u00e9s apr\u00e8s une semaine, mais des activit\u00e9s vigoureuses doivent \u00eatre \u00e9vit\u00e9es pendant 4 \u00e0 6 semaines<\/p>\n\n","protected":false},"excerpt":{"rendered":"<p>Women may decide to undergo breast surgery to enlarge or reduce their breasts, to achieve a balance in size or shape for their breasts, or to reconstruct one or both breasts after mastectomy. Men may also seek to reduce breast size. Whatever the motivation, breast surgery is safer and easier now than ever before. Please [&hellip;]<\/p>\n","protected":false},"author":2,"featured_media":0,"parent":2608,"menu_order":0,"comment_status":"closed","ping_status":"closed","template":"","meta":{"site-sidebar-layout":"default","site-content-layout":"","ast-site-content-layout":"default","site-content-style":"default","site-sidebar-style":"default","ast-global-header-display":"","ast-banner-title-visibility":"","ast-main-header-display":"","ast-hfb-above-header-display":"","ast-hfb-below-header-display":"","ast-hfb-mobile-header-display":"","site-post-title":"","ast-breadcrumbs-content":"","ast-featured-img":"","footer-sml-layout":"","theme-transparent-header-meta":"","adv-header-id-meta":"","stick-header-meta":"","header-above-stick-meta":"","header-main-stick-meta":"","header-below-stick-meta":"","astra-migrate-meta-layouts":"set","ast-page-background-enabled":"default","ast-page-background-meta":{"desktop":{"background-color":"","background-image":"","background-repeat":"repeat","background-position":"center center","background-size":"auto","background-attachment":"scroll","background-type":"","background-media":"","overlay-type":"","overlay-color":"","overlay-opacity":"","overlay-gradient":""},"tablet":{"background-color":"","background-image":"","background-repeat":"repeat","background-position":"center center","background-size":"auto","background-attachment":"scroll","background-type":"","background-media":"","overlay-type":"","overlay-color":"","overlay-opacity":"","overlay-gradient":""},"mobile":{"background-color":"","background-image":"","background-repeat":"repeat","background-position":"center center","background-size":"auto","background-attachment":"scroll","background-type":"","background-media":"","overlay-type":"","overlay-color":"","overlay-opacity":"","overlay-gradient":""}},"ast-content-background-meta":{"desktop":{"background-color":"var(--ast-global-color-5)","background-image":"","background-repeat":"repeat","background-position":"center center","background-size":"auto","background-attachment":"scroll","background-type":"","background-media":"","overlay-type":"","overlay-color":"","overlay-opacity":"","overlay-gradient":""},"tablet":{"background-color":"var(--ast-global-color-5)","background-image":"","background-repeat":"repeat","background-position":"center center","background-size":"auto","background-attachment":"scroll","background-type":"","background-media":"","overlay-type":"","overlay-color":"","overlay-opacity":"","overlay-gradient":""},"mobile":{"background-color":"var(--ast-global-color-5)","background-image":"","background-repeat":"repeat","background-position":"center center","background-size":"auto","background-attachment":"scroll","background-type":"","background-media":"","overlay-type":"","overlay-color":"","overlay-opacity":"","overlay-gradient":""}},"footnotes":""},"class_list":["post-2628","page","type-page","status-publish","hentry"],"yoast_head":"<!-- This site is optimized with the Yoast SEO plugin v25.7 - https:\/\/yoast.com\/wordpress\/plugins\/seo\/ -->\n<title>Chirurgie du sein | R\u00e9duction mammaire masculine Montr\u00e9al<\/title>\n<meta name=\"description\" content=\"Chirurgie du sein Montr\u00e9al - Le Dr Daniel Borsuk offre la chirurgie mammaire et la r\u00e9duction mammaire masculine. Nos pratiques desservent Montr\u00e9al et les environs.\" \/>\n<meta name=\"robots\" content=\"index, follow, max-snippet:-1, max-image-preview:large, max-video-preview:-1\" \/>\n<link rel=\"canonical\" href=\"https:\/\/www.drborsuk.com\/francais\/services\/pediatrique\/chirurgie-du-sein\/\" \/>\n<meta property=\"og:locale\" content=\"en_US\" \/>\n<meta property=\"og:type\" content=\"article\" \/>\n<meta property=\"og:title\" content=\"Chirurgie du sein | R\u00e9duction mammaire masculine Montr\u00e9al\" \/>\n<meta property=\"og:description\" content=\"Chirurgie du sein Montr\u00e9al - Le Dr Daniel Borsuk offre la chirurgie mammaire et la r\u00e9duction mammaire masculine. Nos pratiques desservent Montr\u00e9al et les environs.\" \/>\n<meta property=\"og:url\" content=\"https:\/\/www.drborsuk.com\/francais\/services\/pediatrique\/chirurgie-du-sein\/\" \/>\n<meta property=\"og:site_name\" content=\"Borsuk Plastic Surgery\" \/>\n<meta property=\"article:modified_time\" content=\"2024-12-25T17:10:57+00:00\" \/>\n<meta property=\"og:image\" content=\"http:\/\/www.drborsuk.com\/francais\/wp-content\/uploads\/sites\/2\/2024\/09\/ac4952d6ee0029af5f5e59d9039f946c.jpg\" \/>\n<meta name=\"twitter:card\" content=\"summary_large_image\" \/>\n<meta name=\"twitter:label1\" content=\"Est. reading time\" \/>\n\t<meta name=\"twitter:data1\" content=\"4 minutes\" \/>\n<script type=\"application\/ld+json\" class=\"yoast-schema-graph\">{\"@context\":\"https:\/\/schema.org\",\"@graph\":[{\"@type\":\"WebPage\",\"@id\":\"https:\/\/www.drborsuk.com\/francais\/services\/pediatrique\/chirurgie-du-sein\/\",\"url\":\"https:\/\/www.drborsuk.com\/francais\/services\/pediatrique\/chirurgie-du-sein\/\",\"name\":\"Chirurgie du sein | R\u00e9duction mammaire masculine Montr\u00e9al\",\"isPartOf\":{\"@id\":\"https:\/\/www.drborsuk.com\/francais\/#website\"},\"primaryImageOfPage\":{\"@id\":\"https:\/\/www.drborsuk.com\/francais\/services\/pediatrique\/chirurgie-du-sein\/#primaryimage\"},\"image\":{\"@id\":\"https:\/\/www.drborsuk.com\/francais\/services\/pediatrique\/chirurgie-du-sein\/#primaryimage\"},\"thumbnailUrl\":\"http:\/\/www.drborsuk.com\/francais\/wp-content\/uploads\/sites\/2\/2024\/09\/ac4952d6ee0029af5f5e59d9039f946c.jpg\",\"datePublished\":\"2024-09-16T14:40:41+00:00\",\"dateModified\":\"2024-12-25T17:10:57+00:00\",\"description\":\"Chirurgie du sein Montr\u00e9al - Le Dr Daniel Borsuk offre la chirurgie mammaire et la r\u00e9duction mammaire masculine. Nos pratiques desservent Montr\u00e9al et les environs.\",\"breadcrumb\":{\"@id\":\"https:\/\/www.drborsuk.com\/francais\/services\/pediatrique\/chirurgie-du-sein\/#breadcrumb\"},\"inLanguage\":\"en-US\",\"potentialAction\":[{\"@type\":\"ReadAction\",\"target\":[\"https:\/\/www.drborsuk.com\/francais\/services\/pediatrique\/chirurgie-du-sein\/\"]}]},{\"@type\":\"ImageObject\",\"inLanguage\":\"en-US\",\"@id\":\"https:\/\/www.drborsuk.com\/francais\/services\/pediatrique\/chirurgie-du-sein\/#primaryimage\",\"url\":\"http:\/\/www.drborsuk.com\/francais\/wp-content\/uploads\/sites\/2\/2024\/09\/ac4952d6ee0029af5f5e59d9039f946c.jpg\",\"contentUrl\":\"http:\/\/www.drborsuk.com\/francais\/wp-content\/uploads\/sites\/2\/2024\/09\/ac4952d6ee0029af5f5e59d9039f946c.jpg\"},{\"@type\":\"BreadcrumbList\",\"@id\":\"https:\/\/www.drborsuk.com\/francais\/services\/pediatrique\/chirurgie-du-sein\/#breadcrumb\",\"itemListElement\":[{\"@type\":\"ListItem\",\"position\":1,\"name\":\"Home\",\"item\":\"https:\/\/www.drborsuk.com\/francais\/\"},{\"@type\":\"ListItem\",\"position\":2,\"name\":\"Services Esth\u00e9tiques\",\"item\":\"https:\/\/www.drborsuk.com\/francais\/services\/\"},{\"@type\":\"ListItem\",\"position\":3,\"name\":\"P\u00e9diatrique\",\"item\":\"https:\/\/www.drborsuk.com\/francais\/services\/pediatrique\/\"},{\"@type\":\"ListItem\",\"position\":4,\"name\":\"Chirurgie Du Sein\"}]},{\"@type\":\"WebSite\",\"@id\":\"https:\/\/www.drborsuk.com\/francais\/#website\",\"url\":\"https:\/\/www.drborsuk.com\/francais\/\",\"name\":\"Borsuk Plastic Surgery\",\"description\":\"\",\"publisher\":{\"@id\":\"https:\/\/www.drborsuk.com\/francais\/#organization\"},\"potentialAction\":[{\"@type\":\"SearchAction\",\"target\":{\"@type\":\"EntryPoint\",\"urlTemplate\":\"https:\/\/www.drborsuk.com\/francais\/?s={search_term_string}\"},\"query-input\":{\"@type\":\"PropertyValueSpecification\",\"valueRequired\":true,\"valueName\":\"search_term_string\"}}],\"inLanguage\":\"en-US\"},{\"@type\":\"Organization\",\"@id\":\"https:\/\/www.drborsuk.com\/francais\/#organization\",\"name\":\"Borsuk Plastic Surgery\",\"url\":\"https:\/\/www.drborsuk.com\/francais\/\",\"logo\":{\"@type\":\"ImageObject\",\"inLanguage\":\"en-US\",\"@id\":\"https:\/\/www.drborsuk.com\/francais\/#\/schema\/logo\/image\/\",\"url\":\"https:\/\/www.drborsuk.com\/francais\/wp-content\/uploads\/sites\/2\/2024\/12\/DanielBorsukLogo.svg\",\"contentUrl\":\"https:\/\/www.drborsuk.com\/francais\/wp-content\/uploads\/sites\/2\/2024\/12\/DanielBorsukLogo.svg\",\"caption\":\"Borsuk Plastic Surgery\"},\"image\":{\"@id\":\"https:\/\/www.drborsuk.com\/francais\/#\/schema\/logo\/image\/\"}}]}<\/script>\n<!-- \/ Yoast SEO plugin. -->","yoast_head_json":{"title":"Chirurgie du sein | R\u00e9duction mammaire masculine Montr\u00e9al","description":"Chirurgie du sein Montr\u00e9al - Le Dr Daniel Borsuk offre la chirurgie mammaire et la r\u00e9duction mammaire masculine. Nos pratiques desservent Montr\u00e9al et les environs.","robots":{"index":"index","follow":"follow","max-snippet":"max-snippet:-1","max-image-preview":"max-image-preview:large","max-video-preview":"max-video-preview:-1"},"canonical":"https:\/\/www.drborsuk.com\/francais\/services\/pediatrique\/chirurgie-du-sein\/","og_locale":"en_US","og_type":"article","og_title":"Chirurgie du sein | R\u00e9duction mammaire masculine Montr\u00e9al","og_description":"Chirurgie du sein Montr\u00e9al - Le Dr Daniel Borsuk offre la chirurgie mammaire et la r\u00e9duction mammaire masculine. Nos pratiques desservent Montr\u00e9al et les environs.","og_url":"https:\/\/www.drborsuk.com\/francais\/services\/pediatrique\/chirurgie-du-sein\/","og_site_name":"Borsuk Plastic Surgery","article_modified_time":"2024-12-25T17:10:57+00:00","og_image":[{"url":"http:\/\/www.drborsuk.com\/francais\/wp-content\/uploads\/sites\/2\/2024\/09\/ac4952d6ee0029af5f5e59d9039f946c.jpg","type":"","width":"","height":""}],"twitter_card":"summary_large_image","twitter_misc":{"Est. reading time":"4 minutes"},"schema":{"@context":"https:\/\/schema.org","@graph":[{"@type":"WebPage","@id":"https:\/\/www.drborsuk.com\/francais\/services\/pediatrique\/chirurgie-du-sein\/","url":"https:\/\/www.drborsuk.com\/francais\/services\/pediatrique\/chirurgie-du-sein\/","name":"Chirurgie du sein | R\u00e9duction mammaire masculine Montr\u00e9al","isPartOf":{"@id":"https:\/\/www.drborsuk.com\/francais\/#website"},"primaryImageOfPage":{"@id":"https:\/\/www.drborsuk.com\/francais\/services\/pediatrique\/chirurgie-du-sein\/#primaryimage"},"image":{"@id":"https:\/\/www.drborsuk.com\/francais\/services\/pediatrique\/chirurgie-du-sein\/#primaryimage"},"thumbnailUrl":"http:\/\/www.drborsuk.com\/francais\/wp-content\/uploads\/sites\/2\/2024\/09\/ac4952d6ee0029af5f5e59d9039f946c.jpg","datePublished":"2024-09-16T14:40:41+00:00","dateModified":"2024-12-25T17:10:57+00:00","description":"Chirurgie du sein Montr\u00e9al - Le Dr Daniel Borsuk offre la chirurgie mammaire et la r\u00e9duction mammaire masculine. Nos pratiques desservent Montr\u00e9al et les environs.","breadcrumb":{"@id":"https:\/\/www.drborsuk.com\/francais\/services\/pediatrique\/chirurgie-du-sein\/#breadcrumb"},"inLanguage":"en-US","potentialAction":[{"@type":"ReadAction","target":["https:\/\/www.drborsuk.com\/francais\/services\/pediatrique\/chirurgie-du-sein\/"]}]},{"@type":"ImageObject","inLanguage":"en-US","@id":"https:\/\/www.drborsuk.com\/francais\/services\/pediatrique\/chirurgie-du-sein\/#primaryimage","url":"http:\/\/www.drborsuk.com\/francais\/wp-content\/uploads\/sites\/2\/2024\/09\/ac4952d6ee0029af5f5e59d9039f946c.jpg","contentUrl":"http:\/\/www.drborsuk.com\/francais\/wp-content\/uploads\/sites\/2\/2024\/09\/ac4952d6ee0029af5f5e59d9039f946c.jpg"},{"@type":"BreadcrumbList","@id":"https:\/\/www.drborsuk.com\/francais\/services\/pediatrique\/chirurgie-du-sein\/#breadcrumb","itemListElement":[{"@type":"ListItem","position":1,"name":"Home","item":"https:\/\/www.drborsuk.com\/francais\/"},{"@type":"ListItem","position":2,"name":"Services Esth\u00e9tiques","item":"https:\/\/www.drborsuk.com\/francais\/services\/"},{"@type":"ListItem","position":3,"name":"P\u00e9diatrique","item":"https:\/\/www.drborsuk.com\/francais\/services\/pediatrique\/"},{"@type":"ListItem","position":4,"name":"Chirurgie Du Sein"}]},{"@type":"WebSite","@id":"https:\/\/www.drborsuk.com\/francais\/#website","url":"https:\/\/www.drborsuk.com\/francais\/","name":"Borsuk Plastic Surgery","description":"","publisher":{"@id":"https:\/\/www.drborsuk.com\/francais\/#organization"},"potentialAction":[{"@type":"SearchAction","target":{"@type":"EntryPoint","urlTemplate":"https:\/\/www.drborsuk.com\/francais\/?s={search_term_string}"},"query-input":{"@type":"PropertyValueSpecification","valueRequired":true,"valueName":"search_term_string"}}],"inLanguage":"en-US"},{"@type":"Organization","@id":"https:\/\/www.drborsuk.com\/francais\/#organization","name":"Borsuk Plastic Surgery","url":"https:\/\/www.drborsuk.com\/francais\/","logo":{"@type":"ImageObject","inLanguage":"en-US","@id":"https:\/\/www.drborsuk.com\/francais\/#\/schema\/logo\/image\/","url":"https:\/\/www.drborsuk.com\/francais\/wp-content\/uploads\/sites\/2\/2024\/12\/DanielBorsukLogo.svg","contentUrl":"https:\/\/www.drborsuk.com\/francais\/wp-content\/uploads\/sites\/2\/2024\/12\/DanielBorsukLogo.svg","caption":"Borsuk Plastic Surgery"},"image":{"@id":"https:\/\/www.drborsuk.com\/francais\/#\/schema\/logo\/image\/"}}]}},"_links":{"self":[{"href":"https:\/\/www.drborsuk.com\/francais\/wp-json\/wp\/v2\/pages\/2628","targetHints":{"allow":["GET"]}}],"collection":[{"href":"https:\/\/www.drborsuk.com\/francais\/wp-json\/wp\/v2\/pages"}],"about":[{"href":"https:\/\/www.drborsuk.com\/francais\/wp-json\/wp\/v2\/types\/page"}],"author":[{"embeddable":true,"href":"https:\/\/www.drborsuk.com\/francais\/wp-json\/wp\/v2\/users\/2"}],"replies":[{"embeddable":true,"href":"https:\/\/www.drborsuk.com\/francais\/wp-json\/wp\/v2\/comments?post=2628"}],"version-history":[{"count":0,"href":"https:\/\/www.drborsuk.com\/francais\/wp-json\/wp\/v2\/pages\/2628\/revisions"}],"up":[{"embeddable":true,"href":"https:\/\/www.drborsuk.com\/francais\/wp-json\/wp\/v2\/pages\/2608"}],"wp:attachment":[{"href":"https:\/\/www.drborsuk.com\/francais\/wp-json\/wp\/v2\/media?parent=2628"}],"curies":[{"name":"wp","href":"https:\/\/api.w.org\/{rel}","templated":true}]}}