{"id":773,"date":"2015-08-18T20:22:26","date_gmt":"2015-08-18T20:22:26","guid":{"rendered":"http:\/\/signature2017.wpengine.com\/signature02\/?page_id=2"},"modified":"2025-06-16T15:28:18","modified_gmt":"2025-06-16T15:28:18","slug":"home","status":"publish","type":"page","link":"https:\/\/www.drborsuk.com\/francais\/","title":{"rendered":"Home"},"content":{"rendered":"\n\n<h2>\n\t\tChirurgie Plastique\n\t\t de renomm\u00e9e internationale\n\t\t\t\t<\/h2>\t\n\t<a href=\"\/francais\/nous-rejoindre\/\" target=\"_self\" role=\"button\">\n\t\t<button>\n\t\t\t\t\t\t\t\t\tContactez &#8211; nous\t\t\t\t\t\t\t\t<\/button>\n\t<\/a>\n\t\t\t\t<img decoding=\"async\" src=\"https:\/\/www.drborsuk.com\/francais\/wp-content\/uploads\/sites\/2\/2024\/12\/iStock-1069501086_1.2x.jpg\" alt=\"iStock 1069501086 1.2x\" height=\"473\" width=\"516\" title=\"iStock 1069501086 1.2x\" loading='lazy' \/>\n<h2>\n\t\t\tBorsuk Chirurgien Plasticien\t<\/h2>\n\t<p>Chirurgien plasticien montr\u00e9alais de renomm\u00e9e internationale, enseignant et innovateur, le <a href=\"\/francais\/a-propos\/\">Dr Daniel E. Borsuk<\/a> se sp\u00e9cialise dans tous les domaines de la chirurgie plastique, <a href=\"\/francais\/services\/esthetique\/\">esth\u00e9tique<\/a> et reconstructive. En combinant les derni\u00e8res techniques chirurgicales et une attitude compatissante et professionnelle, le Dr Borsuk veille \u00e0 ce que chacun de ses patients atteigne ses objectifs individuels. Gr\u00e2ce \u00e0 son approchehumaine et son expertise chirurgicale, le Dr Borsuk est devenu le chirurgien plasticien le plus reconnu \u00e0Montr\u00e9al et au Qu\u00e9bec.<\/p>\n\t<a href=\"\/francais\/a-propos\/\" target=\"_self\" role=\"button\">\n\t\t<button>\n\t\t\t\t\t\t\t\t\t\u00e0 propos de notre bureau \u00bb\t\t\t\t\t\t\t\t<\/button>\n\t<\/a>\n\t\t\t\t<img decoding=\"async\" src=\"http:\/\/www.drborsuk.com\/francais\/wp-content\/uploads\/sites\/2\/2024\/12\/DanielBorsukLogo.svg\" alt=\"DanielBorsukLogo\" title=\"DanielBorsukLogo\" loading='lazy' \/>\n\t<p>Cliquez sur la partie du corps que vous souhaitez am\u00e9liorer.<\/p>\n\t<div><div id=\"image-map-pro-c530d833-73ee-4f86-9f60-3caa83dab954\"><\/div><\/div>\n\t\t\t\t<img decoding=\"async\" src=\"http:\/\/www.drborsuk.com\/francais\/wp-content\/uploads\/sites\/2\/2025\/06\/DR.-DANIEL-BORSUK.jpg\" alt=\"DR. DANIEL BORSUK\" title=\"DR. DANIEL BORSUK\" loading='lazy' \/>\n<h2>\n\t\t\tDR. DANIEL BORSUK\t<\/h2>\n<h2>\n\t\t\tChirurgien plasticien, pionnier de la reconstruction faciale\t<\/h2>\n\t<p>Le Dr Daniel Borsuk, originaire de Montr\u00e9al, est titulaire d&#8217;un dipl\u00f4me de m\u00e9decine et d&#8217;un MBA de l&#8217;Universit\u00e9 McGill et s&#8217;est sp\u00e9cialis\u00e9 en chirurgie plastique et reconstructive \u00e0 l&#8217;Universit\u00e9 de Montr\u00e9al. Il a approfondi sa formation gr\u00e2ce \u00e0 une bourse de recherche en chirurgie craniofaciale, microchirurgicale et esth\u00e9tique avanc\u00e9e \u00e0 l&#8217;Universit\u00e9 Johns Hopkins, o\u00f9 il a particip\u00e9 \u00e0 la premi\u00e8re transplantation faciale de grande envergure en tant que premier Canadien \u00e0 le faire. Le Dr Borsuk a eu un impact significatif sur les soins prodigu\u00e9s aux patients souffrant de d\u00e9formations faciales \u00e0 Montr\u00e9al, faisant de la ville un centre d&#8217;excellence gr\u00e2ce \u00e0 des chirurgies pionni\u00e8res, notamment la premi\u00e8re reconstruction faciale sans cicatrice au monde et la premi\u00e8re greffe de visage au Canada. Il allie technologies de pointe et compassion dans sa pratique \u00e0 l&#8217;H\u00f4pital pour enfants Sainte Justine et dans sa clinique esth\u00e9tique de Westmount. En reconnaissance de ses contributions dans le domaine, il a \u00e9t\u00e9 nomm\u00e9 Officier de l&#8217;Ordre national du Qu\u00e9bec en 2019. Le Dr Borsuk a \u00e9galement re\u00e7u en 2024 la Croix du service m\u00e9ritoire d\u00e9cern\u00e9e par le Gouverneur g\u00e9n\u00e9ral du Canada, en reconnaissance de sa contribution internationale \u00e0 l&#8217;avancement de la reconstruction faciale.<\/p>\n\t<a href=\"\/francais\/a-propos\/\" target=\"_self\" role=\"button\">\n\t\t<button>\n\t\t\t\t\t\t\t\t\tEn savoir plus sur le Dr Borsuk\t\t\t\t\t\t\t\t<\/button>\n\t<\/a>\n\t\t\t\t<img decoding=\"async\" src=\"http:\/\/www.drborsuk.com\/francais\/wp-content\/uploads\/sites\/2\/2024\/12\/Group_2854.2.png\" alt=\"Group 2854.2\" title=\"Group 2854.2\" loading='lazy' \/>\n\t\t\t\t<img decoding=\"async\" src=\"http:\/\/www.drborsuk.com\/francais\/wp-content\/uploads\/sites\/2\/2024\/12\/Group_2855.2.png\" alt=\"Group 2855.2\" title=\"Group 2855.2\" loading='lazy' \/>\n\t\t\t\t<img decoding=\"async\" src=\"http:\/\/www.drborsuk.com\/francais\/wp-content\/uploads\/sites\/2\/2024\/12\/Group_2856.2.png\" alt=\"Group 2856.2\" title=\"Group 2856.2\" loading='lazy' \/>\n<h2>\n\t\t\tINSTAGRAM\t<\/h2>\n\t<p><a href=\"https:\/\/www.instagram.com\/clinique_drborsuk\/\" target=\"_blank\" rel=\"noopener\">@clinique_drborsuk<\/a><\/p>\n\t\t<a href=\"https:\/\/www.instagram.com\/clinique_drborsuk\/\" target=\"_blank\" role=\"button\" rel=\"noopener\">\n\t\t\t\t\t\t\t\t\tsuivre sur Instagram \u203a\u203a\n\t\t\t\t\t\t\t\t<\/a>\n<h2>\n\t\t\tapparitions dans les m\u00e9dias et \u00e0 la t\u00e9l\u00e9vision\t<\/h2>\n\t\t\t\t\t<img decoding=\"async\" src=\"https:\/\/i.ytimg.com\/vi\/od3YaqfVj0w\/maxresdefault.jpg\" alt=\"youtube-video-thumbnail\" \/>\n\t\t\t\t\t<img decoding=\"async\" src=\"http:\/\/www.drborsuk.com\/francais\/wp-content\/uploads\/sites\/2\/2025\/05\/thumbnail.png\" alt=\"thumbnail\" \/>\n\t\t\t\t\t<img decoding=\"async\" src=\"https:\/\/i.ytimg.com\/vi\/B4C0MSIcuVo\/maxresdefault.jpg\" alt=\"youtube-video-thumbnail\" \/>\n\t<a href=\"\/francais\/media\/\" target=\"_self\" role=\"button\">\n\t\t<button>\n\t\t\t\t\t\t\t\t\tvoir plus de m\u00e9dias\t\t\t\t\t\t\t\t<\/button>\n\t<\/a>\n<h3>\n\t\t\tservices en vedette\t<\/h3>\n\t\t<a href=\"\/francais\/services\/esthetique\/lifting-du-visage\/\" target=\"_self\" role=\"button\">\n\t\t\t\t\t\t\t\t\tVisage\n\t\t\t\t\t\t\t\t<\/a>\n\t\t<a href=\"\/francais\/services\/esthetique\/corps\/\" target=\"_self\" role=\"button\">\n\t\t\t\t\t\t\t\t\tCorps\n\t\t\t\t\t\t\t\t<\/a>\n\t\t<a href=\"\/francais\/services\/esthetique\/sein\/\" target=\"_self\" role=\"button\">\n\t\t\t\t\t\t\t\t\tSeins\n\t\t\t\t\t\t\t\t<\/a>\n\t\t<a href=\"\/francais\/services\/esthetique\/peau\/\" target=\"_self\" role=\"button\">\n\t\t\t\t\t\t\t\t\tNon chirurgical\n\t\t\t\t\t\t\t\t<\/a>\n\t<a href=\"\/francais\/services\/\" target=\"_self\" role=\"button\">\n\t\t<button>\n\t\t\t\t\t\t\t\t\tvoir tous les services \u00bb\t\t\t\t\t\t\t\t<\/button>\n\t<\/a>\n<h2>\n\t\t\tMots gentils de nos patients\t<\/h2>\n\t<a href=\"\/francais\/testimonials\/\" target=\"_self\" role=\"button\">\n\t\t<button>\n\t\t\t\t\t\t\t\t\tvoir plus de t\u00e9moignages \u00bb\t\t\t\t\t\t\t\t<\/button>\n\t<\/a>\n<h2>\n\t\t\tINSTAGRAM\t<\/h2>\n\t<p><a href=\"https:\/\/www.instagram.com\/anasofia.nurseinjector\/\" target=\"_blank\" rel=\"noopener\">@anasofia.nurseinjector<\/a><\/p>\n\t\t<a href=\"https:\/\/www.instagram.com\/anasofia.nurseinjector\/\" target=\"_blank\" role=\"button\" rel=\"noopener\">\n\t\t\t\t\t\t\t\t\tsuivre sur Instagram \u203a\u203a\n\t\t\t\t\t\t\t\t<\/a>\n\n","protected":false},"excerpt":{"rendered":"<p>Chirurgie Plastique de renomm\u00e9e internationale Contactez &#8211; nous Borsuk Chirurgien Plasticien Chirurgien plasticien montr\u00e9alais de renomm\u00e9e internationale, enseignant et innovateur, le Dr Daniel E. Borsuk se sp\u00e9cialise dans tous les domaines de la chirurgie plastique, esth\u00e9tique et reconstructive. En combinant les derni\u00e8res techniques chirurgicales et une attitude compatissante et professionnelle, le Dr Borsuk veille \u00e0 [&hellip;]<\/p>\n","protected":false},"author":2,"featured_media":2996,"parent":0,"menu_order":0,"comment_status":"closed","ping_status":"open","template":"","meta":{"site-sidebar-layout":"no-sidebar","site-content-layout":"page-builder","ast-site-content-layout":"full-width-container","site-content-style":"unboxed","site-sidebar-style":"unboxed","ast-global-header-display":"","ast-banner-title-visibility":"disabled","ast-main-header-display":"","ast-hfb-above-header-display":"","ast-hfb-below-header-display":"","ast-hfb-mobile-header-display":"","site-post-title":"disabled","ast-breadcrumbs-content":"","ast-featured-img":"","footer-sml-layout":"","theme-transparent-header-meta":"default","adv-header-id-meta":"","stick-header-meta":"default","header-above-stick-meta":"","header-main-stick-meta":"","header-below-stick-meta":"","astra-migrate-meta-layouts":"set","ast-page-background-enabled":"default","ast-page-background-meta":{"desktop":{"background-color":"","background-image":"","background-repeat":"repeat","background-position":"center center","background-size":"auto","background-attachment":"scroll","background-type":"","background-media":"","overlay-type":"","overlay-color":"","overlay-opacity":"","overlay-gradient":""},"tablet":{"background-color":"","background-image":"","background-repeat":"repeat","background-position":"center center","background-size":"auto","background-attachment":"scroll","background-type":"","background-media":"","overlay-type":"","overlay-color":"","overlay-opacity":"","overlay-gradient":""},"mobile":{"background-color":"","background-image":"","background-repeat":"repeat","background-position":"center center","background-size":"auto","background-attachment":"scroll","background-type":"","background-media":"","overlay-type":"","overlay-color":"","overlay-opacity":"","overlay-gradient":""}},"ast-content-background-meta":{"desktop":{"background-color":"var(--ast-global-color-5)","background-image":"","background-repeat":"repeat","background-position":"center center","background-size":"auto","background-attachment":"scroll","background-type":"","background-media":"","overlay-type":"","overlay-color":"","overlay-opacity":"","overlay-gradient":""},"tablet":{"background-color":"var(--ast-global-color-5)","background-image":"","background-repeat":"repeat","background-position":"center center","background-size":"auto","background-attachment":"scroll","background-type":"","background-media":"","overlay-type":"","overlay-color":"","overlay-opacity":"","overlay-gradient":""},"mobile":{"background-color":"var(--ast-global-color-5)","background-image":"","background-repeat":"repeat","background-position":"center center","background-size":"auto","background-attachment":"scroll","background-type":"","background-media":"","overlay-type":"","overlay-color":"","overlay-opacity":"","overlay-gradient":""}},"footnotes":""},"class_list":["post-773","page","type-page","status-publish","has-post-thumbnail","hentry"],"yoast_head":"<!-- This site is optimized with the Yoast SEO plugin v25.7 - https:\/\/yoast.com\/wordpress\/plugins\/seo\/ -->\n<title>Borsuk Plastic Surgery<\/title>\n<meta name=\"description\" content=\"Internationally renowned Montreal plastic surgeon specializes in procedures for the face, breast, body, &amp; more. Contact us today!\" \/>\n<meta name=\"robots\" content=\"index, follow, max-snippet:-1, max-image-preview:large, max-video-preview:-1\" \/>\n<link rel=\"canonical\" href=\"https:\/\/www.drborsuk.com\/francais\/\" \/>\n<meta property=\"og:locale\" content=\"en_US\" \/>\n<meta property=\"og:type\" content=\"article\" \/>\n<meta property=\"og:title\" content=\"Borsuk Plastic Surgery\" \/>\n<meta property=\"og:description\" content=\"Internationally renowned Montreal plastic surgeon specializes in procedures for the face, breast, body, &amp; more. Contact us today!\" \/>\n<meta property=\"og:url\" content=\"https:\/\/www.drborsuk.com\/francais\/\" \/>\n<meta property=\"og:site_name\" content=\"Borsuk Plastic Surgery\" \/>\n<meta property=\"article:modified_time\" content=\"2025-06-16T15:28:18+00:00\" \/>\n<meta property=\"og:image\" content=\"https:\/\/www.drborsuk.com\/francais\/wp-content\/uploads\/sites\/2\/2024\/12\/featimg.png\" \/>\n\t<meta property=\"og:image:width\" content=\"200\" \/>\n\t<meta property=\"og:image:height\" content=\"200\" \/>\n\t<meta property=\"og:image:type\" content=\"image\/png\" \/>\n<meta name=\"twitter:card\" content=\"summary_large_image\" \/>\n<meta name=\"twitter:label1\" content=\"Est. reading time\" \/>\n\t<meta name=\"twitter:data1\" content=\"4 minutes\" \/>\n<script type=\"application\/ld+json\" class=\"yoast-schema-graph\">{\"@context\":\"https:\/\/schema.org\",\"@graph\":[{\"@type\":\"WebPage\",\"@id\":\"https:\/\/www.drborsuk.com\/francais\/\",\"url\":\"https:\/\/www.drborsuk.com\/francais\/\",\"name\":\"Borsuk Plastic Surgery\",\"isPartOf\":{\"@id\":\"https:\/\/www.drborsuk.com\/francais\/#website\"},\"primaryImageOfPage\":{\"@id\":\"https:\/\/www.drborsuk.com\/francais\/#primaryimage\"},\"image\":{\"@id\":\"https:\/\/www.drborsuk.com\/francais\/#primaryimage\"},\"thumbnailUrl\":\"https:\/\/www.drborsuk.com\/francais\/wp-content\/uploads\/sites\/2\/2024\/12\/featimg.png\",\"datePublished\":\"2015-08-18T20:22:26+00:00\",\"dateModified\":\"2025-06-16T15:28:18+00:00\",\"description\":\"Internationally renowned Montreal plastic surgeon specializes in procedures for the face, breast, body, & more. Contact us today!\",\"breadcrumb\":{\"@id\":\"https:\/\/www.drborsuk.com\/francais\/#breadcrumb\"},\"inLanguage\":\"en-US\",\"potentialAction\":[{\"@type\":\"ReadAction\",\"target\":[\"https:\/\/www.drborsuk.com\/francais\/\"]}]},{\"@type\":\"ImageObject\",\"inLanguage\":\"en-US\",\"@id\":\"https:\/\/www.drborsuk.com\/francais\/#primaryimage\",\"url\":\"https:\/\/www.drborsuk.com\/francais\/wp-content\/uploads\/sites\/2\/2024\/12\/featimg.png\",\"contentUrl\":\"https:\/\/www.drborsuk.com\/francais\/wp-content\/uploads\/sites\/2\/2024\/12\/featimg.png\",\"width\":200,\"height\":200,\"caption\":\"featimg\"},{\"@type\":\"BreadcrumbList\",\"@id\":\"https:\/\/www.drborsuk.com\/francais\/#breadcrumb\",\"itemListElement\":[{\"@type\":\"ListItem\",\"position\":1,\"name\":\"Home\",\"item\":\"https:\/\/www.drborsuk.com\/francais\/\"},{\"@type\":\"ListItem\",\"position\":2,\"name\":\"Home\"}]},{\"@type\":\"WebSite\",\"@id\":\"https:\/\/www.drborsuk.com\/francais\/#website\",\"url\":\"https:\/\/www.drborsuk.com\/francais\/\",\"name\":\"Borsuk Plastic Surgery\",\"description\":\"\",\"publisher\":{\"@id\":\"https:\/\/www.drborsuk.com\/francais\/#organization\"},\"potentialAction\":[{\"@type\":\"SearchAction\",\"target\":{\"@type\":\"EntryPoint\",\"urlTemplate\":\"https:\/\/www.drborsuk.com\/francais\/?s={search_term_string}\"},\"query-input\":{\"@type\":\"PropertyValueSpecification\",\"valueRequired\":true,\"valueName\":\"search_term_string\"}}],\"inLanguage\":\"en-US\"},{\"@type\":\"Organization\",\"@id\":\"https:\/\/www.drborsuk.com\/francais\/#organization\",\"name\":\"Borsuk Plastic Surgery\",\"url\":\"https:\/\/www.drborsuk.com\/francais\/\",\"logo\":{\"@type\":\"ImageObject\",\"inLanguage\":\"en-US\",\"@id\":\"https:\/\/www.drborsuk.com\/francais\/#\/schema\/logo\/image\/\",\"url\":\"https:\/\/www.drborsuk.com\/francais\/wp-content\/uploads\/sites\/2\/2024\/12\/DanielBorsukLogo.svg\",\"contentUrl\":\"https:\/\/www.drborsuk.com\/francais\/wp-content\/uploads\/sites\/2\/2024\/12\/DanielBorsukLogo.svg\",\"caption\":\"Borsuk Plastic Surgery\"},\"image\":{\"@id\":\"https:\/\/www.drborsuk.com\/francais\/#\/schema\/logo\/image\/\"}}]}<\/script>\n<!-- \/ Yoast SEO plugin. -->","yoast_head_json":{"title":"Borsuk Plastic Surgery","description":"Internationally renowned Montreal plastic surgeon specializes in procedures for the face, breast, body, & more. Contact us today!","robots":{"index":"index","follow":"follow","max-snippet":"max-snippet:-1","max-image-preview":"max-image-preview:large","max-video-preview":"max-video-preview:-1"},"canonical":"https:\/\/www.drborsuk.com\/francais\/","og_locale":"en_US","og_type":"article","og_title":"Borsuk Plastic Surgery","og_description":"Internationally renowned Montreal plastic surgeon specializes in procedures for the face, breast, body, & more. Contact us today!","og_url":"https:\/\/www.drborsuk.com\/francais\/","og_site_name":"Borsuk Plastic Surgery","article_modified_time":"2025-06-16T15:28:18+00:00","og_image":[{"width":200,"height":200,"url":"https:\/\/www.drborsuk.com\/francais\/wp-content\/uploads\/sites\/2\/2024\/12\/featimg.png","type":"image\/png"}],"twitter_card":"summary_large_image","twitter_misc":{"Est. reading time":"4 minutes"},"schema":{"@context":"https:\/\/schema.org","@graph":[{"@type":"WebPage","@id":"https:\/\/www.drborsuk.com\/francais\/","url":"https:\/\/www.drborsuk.com\/francais\/","name":"Borsuk Plastic Surgery","isPartOf":{"@id":"https:\/\/www.drborsuk.com\/francais\/#website"},"primaryImageOfPage":{"@id":"https:\/\/www.drborsuk.com\/francais\/#primaryimage"},"image":{"@id":"https:\/\/www.drborsuk.com\/francais\/#primaryimage"},"thumbnailUrl":"https:\/\/www.drborsuk.com\/francais\/wp-content\/uploads\/sites\/2\/2024\/12\/featimg.png","datePublished":"2015-08-18T20:22:26+00:00","dateModified":"2025-06-16T15:28:18+00:00","description":"Internationally renowned Montreal plastic surgeon specializes in procedures for the face, breast, body, & more. Contact us today!","breadcrumb":{"@id":"https:\/\/www.drborsuk.com\/francais\/#breadcrumb"},"inLanguage":"en-US","potentialAction":[{"@type":"ReadAction","target":["https:\/\/www.drborsuk.com\/francais\/"]}]},{"@type":"ImageObject","inLanguage":"en-US","@id":"https:\/\/www.drborsuk.com\/francais\/#primaryimage","url":"https:\/\/www.drborsuk.com\/francais\/wp-content\/uploads\/sites\/2\/2024\/12\/featimg.png","contentUrl":"https:\/\/www.drborsuk.com\/francais\/wp-content\/uploads\/sites\/2\/2024\/12\/featimg.png","width":200,"height":200,"caption":"featimg"},{"@type":"BreadcrumbList","@id":"https:\/\/www.drborsuk.com\/francais\/#breadcrumb","itemListElement":[{"@type":"ListItem","position":1,"name":"Home","item":"https:\/\/www.drborsuk.com\/francais\/"},{"@type":"ListItem","position":2,"name":"Home"}]},{"@type":"WebSite","@id":"https:\/\/www.drborsuk.com\/francais\/#website","url":"https:\/\/www.drborsuk.com\/francais\/","name":"Borsuk Plastic Surgery","description":"","publisher":{"@id":"https:\/\/www.drborsuk.com\/francais\/#organization"},"potentialAction":[{"@type":"SearchAction","target":{"@type":"EntryPoint","urlTemplate":"https:\/\/www.drborsuk.com\/francais\/?s={search_term_string}"},"query-input":{"@type":"PropertyValueSpecification","valueRequired":true,"valueName":"search_term_string"}}],"inLanguage":"en-US"},{"@type":"Organization","@id":"https:\/\/www.drborsuk.com\/francais\/#organization","name":"Borsuk Plastic Surgery","url":"https:\/\/www.drborsuk.com\/francais\/","logo":{"@type":"ImageObject","inLanguage":"en-US","@id":"https:\/\/www.drborsuk.com\/francais\/#\/schema\/logo\/image\/","url":"https:\/\/www.drborsuk.com\/francais\/wp-content\/uploads\/sites\/2\/2024\/12\/DanielBorsukLogo.svg","contentUrl":"https:\/\/www.drborsuk.com\/francais\/wp-content\/uploads\/sites\/2\/2024\/12\/DanielBorsukLogo.svg","caption":"Borsuk Plastic Surgery"},"image":{"@id":"https:\/\/www.drborsuk.com\/francais\/#\/schema\/logo\/image\/"}}]}},"_links":{"self":[{"href":"https:\/\/www.drborsuk.com\/francais\/wp-json\/wp\/v2\/pages\/773","targetHints":{"allow":["GET"]}}],"collection":[{"href":"https:\/\/www.drborsuk.com\/francais\/wp-json\/wp\/v2\/pages"}],"about":[{"href":"https:\/\/www.drborsuk.com\/francais\/wp-json\/wp\/v2\/types\/page"}],"author":[{"embeddable":true,"href":"https:\/\/www.drborsuk.com\/francais\/wp-json\/wp\/v2\/users\/2"}],"replies":[{"embeddable":true,"href":"https:\/\/www.drborsuk.com\/francais\/wp-json\/wp\/v2\/comments?post=773"}],"version-history":[{"count":27,"href":"https:\/\/www.drborsuk.com\/francais\/wp-json\/wp\/v2\/pages\/773\/revisions"}],"predecessor-version":[{"id":3302,"href":"https:\/\/www.drborsuk.com\/francais\/wp-json\/wp\/v2\/pages\/773\/revisions\/3302"}],"wp:featuredmedia":[{"embeddable":true,"href":"https:\/\/www.drborsuk.com\/francais\/wp-json\/wp\/v2\/media\/2996"}],"wp:attachment":[{"href":"https:\/\/www.drborsuk.com\/francais\/wp-json\/wp\/v2\/media?parent=773"}],"curies":[{"name":"wp","href":"https:\/\/api.w.org\/{rel}","templated":true}]}}